{"id":474,"date":"2019-01-20T08:33:51","date_gmt":"2019-01-20T07:33:51","guid":{"rendered":"https:\/\/taxiberlin24.de\/pagina-inicial\/"},"modified":"2025-12-11T07:11:04","modified_gmt":"2025-12-11T06:11:04","slug":"pagina-inicial","status":"publish","type":"page","link":"https:\/\/taxiberlin24.de\/es\/","title":{"rendered":"p\u00e1gina inicial"},"content":{"rendered":"\t\t<div data-elementor-type=\"wp-post\" data-elementor-id=\"474\" class=\"elementor elementor-474 elementor-251\" data-elementor-post-type=\"page\">\n\t\t\t\t\t\t<section class=\"elementor-section elementor-top-section elementor-element elementor-element-63574192 elementor-section-content-middle elementor-section-boxed elementor-section-height-default elementor-section-height-default\" data-id=\"63574192\" data-element_type=\"section\">\n\t\t\t\t\t\t<div class=\"elementor-container elementor-column-gap-default\">\n\t\t\t\t\t<div class=\"elementor-column elementor-col-100 elementor-top-column elementor-element elementor-element-6e64cc17\" data-id=\"6e64cc17\" data-element_type=\"column\">\n\t\t\t<div class=\"elementor-widget-wrap elementor-element-populated\">\n\t\t\t\t\t\t<div class=\"elementor-element elementor-element-6f7e9f0 elementor-widget elementor-widget-heading\" data-id=\"6f7e9f0\" data-element_type=\"widget\" data-widget_type=\"heading.default\">\n\t\t\t\t<div class=\"elementor-widget-container\">\n\t\t\t\t\t<h1 class=\"elementor-heading-title elementor-size-default\">Su taxi en Berl\u00edn, el Servicio Especial<\/h1>\t\t\t\t<\/div>\n\t\t\t\t<\/div>\n\t\t\t\t<div class=\"elementor-element elementor-element-f1c87ca elementor-widget elementor-widget-text-editor\" data-id=\"f1c87ca\" data-element_type=\"widget\" data-widget_type=\"text-editor.default\">\n\t\t\t\t<div class=\"elementor-widget-container\">\n\t\t\t\t\t\t\t\t\t<p><strong>TaxiBerlin24.de &#8211; Su socio para servicios de taxi de primera clase<\/strong><\/p>\n<p>Bienvenido a TaxiBerlin24.de, su direcci\u00f3n de confianza para viajes c\u00f3modos y fiables en Berl\u00edn y m\u00e1s all\u00e1. Nuestro servicio se basa en una red de taxistas individuales e independientes que se comprometen a hacer su viaje lo m\u00e1s agradable posible.<\/p>\n<p><strong>Flexible y confortable &#8211; su taxi para cada ocasi\u00f3n<\/strong><\/p>\n<p>Nuestros experimentados ch\u00f3feres le llevar\u00e1n de forma segura, puntual y relajada a cualquier destino deseado. Tanto si se trata de un traslado al aeropuerto, como de una recogida en su domicilio u hotel, viajes para acudir a citas o desplazamientos planificados a largo plazo, siempre estaremos a su disposici\u00f3n. Los viajes largos fuera de Berl\u00edn, por ejemplo a Potsdam o Hamburgo, no suponen ning\u00fan problema. El precio se acuerda libremente, mientras que dentro de Berl\u00edn se aplica la tarifa oficial de taxi berlinesa.<\/p>\n<p><strong>Reservas sencillas y modernas opciones de pago<\/strong><\/p>\n<p>Planifique su viaje con antelaci\u00f3n y reserve c\u00f3modamente online. Despu\u00e9s de su reserva, recibir\u00e1 una confirmaci\u00f3n para que pueda estar seguro de que su taxi estar\u00e1 listo para usted a tiempo. Pague de forma flexible con tarjeta de cr\u00e9dito, tarjeta EC o PAYPAL, como desee.<\/p>\n<p><strong>Viajes con facturaci\u00f3n externa<\/strong><\/p>\n<p>Ofrecemos servicios especiales para pasajeros con necesidades m\u00e9dicas. En colaboraci\u00f3n con determinadas compa\u00f1\u00edas de seguros m\u00e9dicos, el seguro de pensiones y la asociaci\u00f3n de seguros de responsabilidad civil de los empresarios, nos encargamos de los desplazamientos a balnearios, centros de rehabilitaci\u00f3n u otras citas m\u00e9dicas. Con una licencia de transporte v\u00e1lida, estos viajes pueden facturarse directamente.<\/p>\n<p><strong>Calidad y seguridad ante todo<\/strong><\/p>\n<p>En TaxiBerlin24.de s\u00f3lo viajar\u00e1 en taxis con licencia oficial que, por supuesto, cumplen las normas m\u00e1s recientes. Naturalmente, nuestros conductores disponen del permiso de conducir necesario para transportar pasajeros.<\/p>\n<p><strong>\u00bfPor qu\u00e9 TaxiBerlin24.de?<\/strong><\/p>\n<p>Combinamos profesionalidad, fiabilidad y comodidad para que su viaje sea lo m\u00e1s agradable posible. \u00a1Compru\u00e9belo usted mismo y reserve hoy mismo!<\/p>\n<p><strong>TaxiBerlin24.de &#8211; \u00a1Su destino es nuestra misi\u00f3n!<\/strong><\/p>\n<p>Por cierto, \u00bfsab\u00eda que todos los taxis tienen un seguro de responsabilidad civil especial para el transporte comercial de pasajeros? Esto significa que usted est\u00e1 ampliamente cubierto en caso de siniestro, que esperemos que nunca se produzca.<\/p>\n\t\t\t\t\t\t\t\t<\/div>\n\t\t\t\t<\/div>\n\t\t\t\t\t<\/div>\n\t\t<\/div>\n\t\t\t\t\t<\/div>\n\t\t<\/section>\n\t\t\t\t<section class=\"elementor-section elementor-top-section elementor-element elementor-element-c7391b4 elementor-section-boxed elementor-section-height-default elementor-section-height-default\" data-id=\"c7391b4\" data-element_type=\"section\">\n\t\t\t\t\t\t<div class=\"elementor-container elementor-column-gap-default\">\n\t\t\t\t\t<div class=\"elementor-column elementor-col-100 elementor-top-column elementor-element elementor-element-c16937e\" data-id=\"c16937e\" data-element_type=\"column\">\n\t\t\t<div class=\"elementor-widget-wrap elementor-element-populated\">\n\t\t\t\t\t\t<div class=\"elementor-element elementor-element-49ec3bd elementor-widget elementor-widget-Google\" data-id=\"49ec3bd\" data-element_type=\"widget\" data-widget_type=\"Google.default\">\n\t\t\t\t<div class=\"elementor-widget-container\">\n\t\t\t\t\t<div data-src=\"https:\/\/cdn.trustindex.io\/loader.js?5a8cf3e60a351120b7065dac819\"><\/div>\t\t\t\t<\/div>\n\t\t\t\t<\/div>\n\t\t\t\t\t<\/div>\n\t\t<\/div>\n\t\t\t\t\t<\/div>\n\t\t<\/section>\n\t\t\t\t<section class=\"elementor-section elementor-top-section elementor-element elementor-element-b4fe434 elementor-section-content-middle elementor-section-height-min-height elementor-section-boxed elementor-section-height-default elementor-section-items-middle\" data-id=\"b4fe434\" data-element_type=\"section\" data-settings=\"{&quot;background_background&quot;:&quot;classic&quot;,&quot;shape_divider_top&quot;:&quot;tilt&quot;,&quot;shape_divider_bottom&quot;:&quot;tilt&quot;}\">\n\t\t\t\t\t\t\t<div class=\"elementor-background-overlay\"><\/div>\n\t\t\t\t\t\t<div class=\"elementor-shape elementor-shape-top\" aria-hidden=\"true\" data-negative=\"false\">\n\t\t\t<svg xmlns=\"http:\/\/www.w3.org\/2000\/svg\" viewBox=\"0 0 1000 100\" preserveAspectRatio=\"none\">\n\t<path class=\"elementor-shape-fill\" d=\"M0,6V0h1000v100L0,6z\"\/>\n<\/svg>\t\t<\/div>\n\t\t\t\t<div class=\"elementor-shape elementor-shape-bottom\" aria-hidden=\"true\" data-negative=\"false\">\n\t\t\t<svg xmlns=\"http:\/\/www.w3.org\/2000\/svg\" viewBox=\"0 0 1000 100\" preserveAspectRatio=\"none\">\n\t<path class=\"elementor-shape-fill\" d=\"M0,6V0h1000v100L0,6z\"\/>\n<\/svg>\t\t<\/div>\n\t\t\t\t\t<div class=\"elementor-container elementor-column-gap-default\">\n\t\t\t\t\t<div class=\"elementor-column elementor-col-100 elementor-top-column elementor-element elementor-element-b2f8dc0\" data-id=\"b2f8dc0\" data-element_type=\"column\">\n\t\t\t<div class=\"elementor-widget-wrap elementor-element-populated\">\n\t\t\t\t\t\t<div class=\"elementor-element elementor-element-78289cf elementor-widget elementor-widget-heading\" data-id=\"78289cf\" data-element_type=\"widget\" data-widget_type=\"heading.default\">\n\t\t\t\t<div class=\"elementor-widget-container\">\n\t\t\t\t\t<h2 class=\"elementor-heading-title elementor-size-default\">m\u00e9todos de pago<\/h2>\t\t\t\t<\/div>\n\t\t\t\t<\/div>\n\t\t\t\t<div class=\"elementor-element elementor-element-ea6c824 elementor-widget elementor-widget-text-editor\" data-id=\"ea6c824\" data-element_type=\"widget\" data-widget_type=\"text-editor.default\">\n\t\t\t\t<div class=\"elementor-widget-container\">\n\t\t\t\t\t\t\t\t\t<p><span style=\"font-family: helvetica, arial, sans-serif; font-size: 14pt; color: #ffffff;\">Le ofrecemos varias opciones de pago para nuestros servicios, incluyendo las principales tarjetas de cr\u00e9dito, Paypal, EC card, Apple Pay, Google Pay y, por supuesto, pago en efectivo<\/span><\/p>\n\t\t\t\t\t\t\t\t<\/div>\n\t\t\t\t<\/div>\n\t\t\t\t<div class=\"elementor-element elementor-element-7ef249d elementor-widget elementor-widget-image\" data-id=\"7ef249d\" data-element_type=\"widget\" data-widget_type=\"image.default\">\n\t\t\t\t<div class=\"elementor-widget-container\">\n\t\t\t\t\t\t\t\t\t\t\t\t\t\t\t<img decoding=\"async\" width=\"484\" height=\"50\" src=\"https:\/\/taxiberlin24.de\/wp-content\/uploads\/2018\/12\/master_visa_amex.png\" class=\"attachment-large size-large wp-image-406\" alt=\"\" srcset=\"https:\/\/taxiberlin24.de\/wp-content\/uploads\/2018\/12\/master_visa_amex.png 484w, https:\/\/taxiberlin24.de\/wp-content\/uploads\/2018\/12\/master_visa_amex-300x31.png 300w\" sizes=\"(max-width: 484px) 100vw, 484px\" \/>\t\t\t\t\t\t\t\t\t\t\t\t\t\t\t<\/div>\n\t\t\t\t<\/div>\n\t\t\t\t\t<\/div>\n\t\t<\/div>\n\t\t\t\t\t<\/div>\n\t\t<\/section>\n\t\t\t\t<section class=\"elementor-section elementor-top-section elementor-element elementor-element-efe1537 elementor-section-content-top elementor-section-boxed elementor-section-height-default elementor-section-height-default\" data-id=\"efe1537\" data-element_type=\"section\" data-settings=\"{&quot;background_background&quot;:&quot;classic&quot;,&quot;shape_divider_top&quot;:&quot;tilt&quot;,&quot;shape_divider_bottom&quot;:&quot;tilt&quot;}\">\n\t\t\t\t\t\t\t<div class=\"elementor-background-overlay\"><\/div>\n\t\t\t\t\t\t<div class=\"elementor-shape elementor-shape-top\" aria-hidden=\"true\" data-negative=\"false\">\n\t\t\t<svg xmlns=\"http:\/\/www.w3.org\/2000\/svg\" viewBox=\"0 0 1000 100\" preserveAspectRatio=\"none\">\n\t<path class=\"elementor-shape-fill\" d=\"M0,6V0h1000v100L0,6z\"\/>\n<\/svg>\t\t<\/div>\n\t\t\t\t<div class=\"elementor-shape elementor-shape-bottom\" aria-hidden=\"true\" data-negative=\"false\">\n\t\t\t<svg xmlns=\"http:\/\/www.w3.org\/2000\/svg\" viewBox=\"0 0 1000 100\" preserveAspectRatio=\"none\">\n\t<path class=\"elementor-shape-fill\" d=\"M0,6V0h1000v100L0,6z\"\/>\n<\/svg>\t\t<\/div>\n\t\t\t\t\t<div class=\"elementor-container elementor-column-gap-default\">\n\t\t\t\t\t<div class=\"elementor-column elementor-col-100 elementor-top-column elementor-element elementor-element-feb3c70\" data-id=\"feb3c70\" data-element_type=\"column\" data-settings=\"{&quot;background_background&quot;:&quot;classic&quot;}\">\n\t\t\t<div class=\"elementor-widget-wrap elementor-element-populated\">\n\t\t\t\t\t\t<div class=\"elementor-element elementor-element-d83d151 elementor-widget elementor-widget-heading\" data-id=\"d83d151\" data-element_type=\"widget\" data-widget_type=\"heading.default\">\n\t\t\t\t<div class=\"elementor-widget-container\">\n\t\t\t\t\t<h3 class=\"elementor-heading-title elementor-size-default\">Socio<\/h3>\t\t\t\t<\/div>\n\t\t\t\t<\/div>\n\t\t\t\t<section class=\"elementor-section elementor-inner-section elementor-element elementor-element-022455a elementor-section-boxed elementor-section-height-default elementor-section-height-default\" data-id=\"022455a\" data-element_type=\"section\">\n\t\t\t\t\t\t<div class=\"elementor-container elementor-column-gap-default\">\n\t\t\t\t\t<div class=\"elementor-column elementor-col-25 elementor-inner-column elementor-element elementor-element-325fd03\" data-id=\"325fd03\" data-element_type=\"column\">\n\t\t\t<div class=\"elementor-widget-wrap elementor-element-populated\">\n\t\t\t\t\t\t<div class=\"elementor-element elementor-element-ce3bd7a elementor-widget elementor-widget-image\" data-id=\"ce3bd7a\" data-element_type=\"widget\" data-widget_type=\"image.default\">\n\t\t\t\t<div class=\"elementor-widget-container\">\n\t\t\t\t\t\t\t\t\t\t\t\t\t\t\t\t<a href=\"https:\/\/reisekontor-berlin.de\" target=\"_blank\">\n\t\t\t\t\t\t\t<img decoding=\"async\" src=\"https:\/\/taxiberlin24.de\/wp-content\/uploads\/elementor\/thumbs\/reisekontor-loehl-logo-po1e4iwuhtfkrb8idl51cgwz7rfn34k2qsstlep6o0.png\" title=\"reisekontor-loehl-logo\" alt=\"reisekontor-loehl-logo\" loading=\"lazy\" \/>\t\t\t\t\t\t\t\t<\/a>\n\t\t\t\t\t\t\t\t\t\t\t\t\t\t\t<\/div>\n\t\t\t\t<\/div>\n\t\t\t\t\t<\/div>\n\t\t<\/div>\n\t\t\t\t<div class=\"elementor-column elementor-col-25 elementor-inner-column elementor-element elementor-element-20fd262\" data-id=\"20fd262\" data-element_type=\"column\">\n\t\t\t<div class=\"elementor-widget-wrap elementor-element-populated\">\n\t\t\t\t\t\t<div class=\"elementor-element elementor-element-285ed22 elementor-widget elementor-widget-image\" data-id=\"285ed22\" data-element_type=\"widget\" data-widget_type=\"image.default\">\n\t\t\t\t<div class=\"elementor-widget-container\">\n\t\t\t\t\t\t\t\t\t\t\t\t\t\t\t\t<a href=\"https:\/\/www.taxiinnung.org\/\" target=\"_blank\">\n\t\t\t\t\t\t\t<img decoding=\"async\" src=\"https:\/\/taxiberlin24.de\/wp-content\/uploads\/elementor\/thumbs\/LOGO_INNUNG-frst-o8dnndtkeomiahl4e8ccpqi4hq93kbu30de7kf3t2g.jpg\" title=\"LOGO_INNUNG frst\" alt=\"LOGO_INNUNG frst\" loading=\"lazy\" \/>\t\t\t\t\t\t\t\t<\/a>\n\t\t\t\t\t\t\t\t\t\t\t\t\t\t\t<\/div>\n\t\t\t\t<\/div>\n\t\t\t\t\t<\/div>\n\t\t<\/div>\n\t\t\t\t<div class=\"elementor-column elementor-col-25 elementor-inner-column elementor-element elementor-element-c459304\" data-id=\"c459304\" data-element_type=\"column\">\n\t\t\t<div class=\"elementor-widget-wrap elementor-element-populated\">\n\t\t\t\t\t\t<div class=\"elementor-element elementor-element-a535ad7 elementor-widget elementor-widget-image\" data-id=\"a535ad7\" data-element_type=\"widget\" data-widget_type=\"image.default\">\n\t\t\t\t<div class=\"elementor-widget-container\">\n\t\t\t\t\t\t\t\t\t\t\t\t\t\t\t\t<a href=\"https:\/\/www.thomastaxi.de\" target=\"_blank\">\n\t\t\t\t\t\t\t<img decoding=\"async\" src=\"https:\/\/taxiberlin24.de\/wp-content\/uploads\/elementor\/thumbs\/thomastaxi-o91x4pve83owp2auszm01362gzyn5dvdymwz3cqui6.png\" title=\"thomastaxi\" alt=\"thomastaxi\" loading=\"lazy\" \/>\t\t\t\t\t\t\t\t<\/a>\n\t\t\t\t\t\t\t\t\t\t\t\t\t\t\t<\/div>\n\t\t\t\t<\/div>\n\t\t\t\t\t<\/div>\n\t\t<\/div>\n\t\t\t\t<div class=\"elementor-column elementor-col-25 elementor-inner-column elementor-element elementor-element-f6b9f96\" data-id=\"f6b9f96\" data-element_type=\"column\">\n\t\t\t<div class=\"elementor-widget-wrap\">\n\t\t\t\t\t\t\t<\/div>\n\t\t<\/div>\n\t\t\t\t\t<\/div>\n\t\t<\/section>\n\t\t\t\t\t<\/div>\n\t\t<\/div>\n\t\t\t\t\t<\/div>\n\t\t<\/section>\n\t\t\t\t<\/div>\n\t\t","protected":false},"excerpt":{"rendered":"<p>Su taxi en Berl\u00edn, el Servicio Especial TaxiBerlin24.de &#8211; Su socio para servicios de taxi de primera clase Bienvenido a TaxiBerlin24.de, su direcci\u00f3n de confianza para viajes c\u00f3modos y fiables en Berl\u00edn y m\u00e1s all\u00e1. Nuestro servicio se basa en una red de taxistas individuales e independientes que se comprometen a hacer su viaje lo [&hellip;]<\/p>\n","protected":false},"author":1,"featured_media":0,"parent":0,"menu_order":0,"comment_status":"closed","ping_status":"closed","template":"elementor_header_footer","meta":{"ocean_post_layout":"","ocean_both_sidebars_style":"","ocean_both_sidebars_content_width":0,"ocean_both_sidebars_sidebars_width":0,"ocean_sidebar":"0","ocean_second_sidebar":"0","ocean_disable_margins":"on","ocean_add_body_class":"","ocean_shortcode_before_top_bar":"","ocean_shortcode_after_top_bar":"","ocean_shortcode_before_header":"","ocean_shortcode_after_header":"","ocean_has_shortcode":"","ocean_shortcode_after_title":"","ocean_shortcode_before_footer_widgets":"","ocean_shortcode_after_footer_widgets":"","ocean_shortcode_before_footer_bottom":"","ocean_shortcode_after_footer_bottom":"","ocean_display_top_bar":"default","ocean_display_header":"default","ocean_header_style":"","ocean_center_header_left_menu":"0","ocean_custom_header_template":"0","ocean_custom_logo":0,"ocean_custom_retina_logo":0,"ocean_custom_logo_max_width":0,"ocean_custom_logo_tablet_max_width":0,"ocean_custom_logo_mobile_max_width":0,"ocean_custom_logo_max_height":0,"ocean_custom_logo_tablet_max_height":0,"ocean_custom_logo_mobile_max_height":0,"ocean_header_custom_menu":"0","ocean_menu_typo_font_family":"0","ocean_menu_typo_font_subset":"","ocean_menu_typo_font_size":0,"ocean_menu_typo_font_size_tablet":0,"ocean_menu_typo_font_size_mobile":0,"ocean_menu_typo_font_size_unit":"px","ocean_menu_typo_font_weight":"","ocean_menu_typo_font_weight_tablet":"","ocean_menu_typo_font_weight_mobile":"","ocean_menu_typo_transform":"","ocean_menu_typo_transform_tablet":"","ocean_menu_typo_transform_mobile":"","ocean_menu_typo_line_height":0,"ocean_menu_typo_line_height_tablet":0,"ocean_menu_typo_line_height_mobile":0,"ocean_menu_typo_line_height_unit":"","ocean_menu_typo_spacing":0,"ocean_menu_typo_spacing_tablet":0,"ocean_menu_typo_spacing_mobile":0,"ocean_menu_typo_spacing_unit":"","ocean_menu_link_color":"","ocean_menu_link_color_hover":"","ocean_menu_link_color_active":"","ocean_menu_link_background":"","ocean_menu_link_hover_background":"","ocean_menu_link_active_background":"","ocean_menu_social_links_bg":"","ocean_menu_social_hover_links_bg":"","ocean_menu_social_links_color":"","ocean_menu_social_hover_links_color":"","ocean_disable_title":"on","ocean_disable_heading":"default","ocean_post_title":"","ocean_post_subheading":"","ocean_post_title_style":"","ocean_post_title_background_color":"","ocean_post_title_background":0,"ocean_post_title_bg_image_position":"","ocean_post_title_bg_image_attachment":"","ocean_post_title_bg_image_repeat":"","ocean_post_title_bg_image_size":"","ocean_post_title_height":0,"ocean_post_title_bg_overlay":0.5,"ocean_post_title_bg_overlay_color":"","ocean_disable_breadcrumbs":"default","ocean_breadcrumbs_color":"","ocean_breadcrumbs_separator_color":"","ocean_breadcrumbs_links_color":"","ocean_breadcrumbs_links_hover_color":"","ocean_display_footer_widgets":"default","ocean_display_footer_bottom":"default","ocean_custom_footer_template":"0","footnotes":""},"class_list":["post-474","page","type-page","status-publish","hentry","entry"],"yoast_head":"<!-- This site is optimized with the Yoast SEO plugin v26.5 - https:\/\/yoast.com\/wordpress\/plugins\/seo\/ -->\n<title>p\u00e1gina inicial - Taxi Berlin 24<\/title>\n<meta name=\"robots\" content=\"index, follow, max-snippet:-1, max-image-preview:large, max-video-preview:-1\" \/>\n<link rel=\"canonical\" href=\"https:\/\/taxiberlin24.de\/es\/\" \/>\n<meta property=\"og:locale\" content=\"es_ES\" \/>\n<meta property=\"og:type\" content=\"article\" \/>\n<meta property=\"og:title\" content=\"p\u00e1gina inicial - Taxi Berlin 24\" \/>\n<meta property=\"og:description\" content=\"Su taxi en Berl\u00edn, el Servicio Especial TaxiBerlin24.de &#8211; Su socio para servicios de taxi de primera clase Bienvenido a TaxiBerlin24.de, su direcci\u00f3n de confianza para viajes c\u00f3modos y fiables en Berl\u00edn y m\u00e1s all\u00e1. Nuestro servicio se basa en una red de taxistas individuales e independientes que se comprometen a hacer su viaje lo [&hellip;]\" \/>\n<meta property=\"og:url\" content=\"https:\/\/taxiberlin24.de\/es\/\" \/>\n<meta property=\"og:site_name\" content=\"Taxi Berlin 24\" \/>\n<meta property=\"article:modified_time\" content=\"2025-12-11T06:11:04+00:00\" \/>\n<meta property=\"og:image\" content=\"https:\/\/taxiberlin24.de\/wp-content\/uploads\/2018\/12\/master_visa_amex.png\" \/>\n\t<meta property=\"og:image:width\" content=\"484\" \/>\n\t<meta property=\"og:image:height\" content=\"50\" \/>\n\t<meta property=\"og:image:type\" content=\"image\/png\" \/>\n<meta name=\"twitter:card\" content=\"summary_large_image\" \/>\n<meta name=\"twitter:label1\" content=\"Tiempo de lectura\" \/>\n\t<meta name=\"twitter:data1\" content=\"3 minutos\" \/>\n<script type=\"application\/ld+json\" class=\"yoast-schema-graph\">{\"@context\":\"https:\/\/schema.org\",\"@graph\":[{\"@type\":\"WebPage\",\"@id\":\"https:\/\/taxiberlin24.de\/es\/\",\"url\":\"https:\/\/taxiberlin24.de\/es\/\",\"name\":\"p\u00e1gina inicial - Taxi Berlin 24\",\"isPartOf\":{\"@id\":\"https:\/\/taxiberlin24.de\/es\/#website\"},\"primaryImageOfPage\":{\"@id\":\"https:\/\/taxiberlin24.de\/es\/#primaryimage\"},\"image\":{\"@id\":\"https:\/\/taxiberlin24.de\/es\/#primaryimage\"},\"thumbnailUrl\":\"https:\/\/taxiberlin24.de\/wp-content\/uploads\/2018\/12\/master_visa_amex.png\",\"datePublished\":\"2019-01-20T07:33:51+00:00\",\"dateModified\":\"2025-12-11T06:11:04+00:00\",\"breadcrumb\":{\"@id\":\"https:\/\/taxiberlin24.de\/es\/#breadcrumb\"},\"inLanguage\":\"es\",\"potentialAction\":[{\"@type\":\"ReadAction\",\"target\":[\"https:\/\/taxiberlin24.de\/es\/\"]}]},{\"@type\":\"ImageObject\",\"inLanguage\":\"es\",\"@id\":\"https:\/\/taxiberlin24.de\/es\/#primaryimage\",\"url\":\"https:\/\/taxiberlin24.de\/wp-content\/uploads\/2018\/12\/master_visa_amex.png\",\"contentUrl\":\"https:\/\/taxiberlin24.de\/wp-content\/uploads\/2018\/12\/master_visa_amex.png\"},{\"@type\":\"BreadcrumbList\",\"@id\":\"https:\/\/taxiberlin24.de\/es\/#breadcrumb\",\"itemListElement\":[{\"@type\":\"ListItem\",\"position\":1,\"name\":\"Home\",\"item\":\"https:\/\/taxiberlin24.de\/es\/\"},{\"@type\":\"ListItem\",\"position\":2,\"name\":\"p\u00e1gina inicial\"}]},{\"@type\":\"WebSite\",\"@id\":\"https:\/\/taxiberlin24.de\/es\/#website\",\"url\":\"https:\/\/taxiberlin24.de\/es\/\",\"name\":\"Taxi 24 Berlin\",\"description\":\"\",\"publisher\":{\"@id\":\"https:\/\/taxiberlin24.de\/es\/#organization\"},\"potentialAction\":[{\"@type\":\"SearchAction\",\"target\":{\"@type\":\"EntryPoint\",\"urlTemplate\":\"https:\/\/taxiberlin24.de\/es\/?s={search_term_string}\"},\"query-input\":{\"@type\":\"PropertyValueSpecification\",\"valueRequired\":true,\"valueName\":\"search_term_string\"}}],\"inLanguage\":\"es\"},{\"@type\":\"Organization\",\"@id\":\"https:\/\/taxiberlin24.de\/es\/#organization\",\"name\":\"Taxi Berlin 24\",\"url\":\"https:\/\/taxiberlin24.de\/es\/\",\"logo\":{\"@type\":\"ImageObject\",\"inLanguage\":\"es\",\"@id\":\"https:\/\/taxiberlin24.de\/es\/#\/schema\/logo\/image\/\",\"url\":\"https:\/\/taxiberlin24.de\/wp-content\/uploads\/2018\/12\/taxiberlin24-logo-rot2-Kopie.png\",\"contentUrl\":\"https:\/\/taxiberlin24.de\/wp-content\/uploads\/2018\/12\/taxiberlin24-logo-rot2-Kopie.png\",\"width\":700,\"height\":208,\"caption\":\"Taxi Berlin 24\"},\"image\":{\"@id\":\"https:\/\/taxiberlin24.de\/es\/#\/schema\/logo\/image\/\"}}]}<\/script>\n<!-- \/ Yoast SEO plugin. -->","yoast_head_json":{"title":"p\u00e1gina inicial - Taxi Berlin 24","robots":{"index":"index","follow":"follow","max-snippet":"max-snippet:-1","max-image-preview":"max-image-preview:large","max-video-preview":"max-video-preview:-1"},"canonical":"https:\/\/taxiberlin24.de\/es\/","og_locale":"es_ES","og_type":"article","og_title":"p\u00e1gina inicial - Taxi Berlin 24","og_description":"Su taxi en Berl\u00edn, el Servicio Especial TaxiBerlin24.de &#8211; Su socio para servicios de taxi de primera clase Bienvenido a TaxiBerlin24.de, su direcci\u00f3n de confianza para viajes c\u00f3modos y fiables en Berl\u00edn y m\u00e1s all\u00e1. Nuestro servicio se basa en una red de taxistas individuales e independientes que se comprometen a hacer su viaje lo [&hellip;]","og_url":"https:\/\/taxiberlin24.de\/es\/","og_site_name":"Taxi Berlin 24","article_modified_time":"2025-12-11T06:11:04+00:00","og_image":[{"width":484,"height":50,"url":"https:\/\/taxiberlin24.de\/wp-content\/uploads\/2018\/12\/master_visa_amex.png","type":"image\/png"}],"twitter_card":"summary_large_image","twitter_misc":{"Tiempo de lectura":"3 minutos"},"schema":{"@context":"https:\/\/schema.org","@graph":[{"@type":"WebPage","@id":"https:\/\/taxiberlin24.de\/es\/","url":"https:\/\/taxiberlin24.de\/es\/","name":"p\u00e1gina inicial - Taxi Berlin 24","isPartOf":{"@id":"https:\/\/taxiberlin24.de\/es\/#website"},"primaryImageOfPage":{"@id":"https:\/\/taxiberlin24.de\/es\/#primaryimage"},"image":{"@id":"https:\/\/taxiberlin24.de\/es\/#primaryimage"},"thumbnailUrl":"https:\/\/taxiberlin24.de\/wp-content\/uploads\/2018\/12\/master_visa_amex.png","datePublished":"2019-01-20T07:33:51+00:00","dateModified":"2025-12-11T06:11:04+00:00","breadcrumb":{"@id":"https:\/\/taxiberlin24.de\/es\/#breadcrumb"},"inLanguage":"es","potentialAction":[{"@type":"ReadAction","target":["https:\/\/taxiberlin24.de\/es\/"]}]},{"@type":"ImageObject","inLanguage":"es","@id":"https:\/\/taxiberlin24.de\/es\/#primaryimage","url":"https:\/\/taxiberlin24.de\/wp-content\/uploads\/2018\/12\/master_visa_amex.png","contentUrl":"https:\/\/taxiberlin24.de\/wp-content\/uploads\/2018\/12\/master_visa_amex.png"},{"@type":"BreadcrumbList","@id":"https:\/\/taxiberlin24.de\/es\/#breadcrumb","itemListElement":[{"@type":"ListItem","position":1,"name":"Home","item":"https:\/\/taxiberlin24.de\/es\/"},{"@type":"ListItem","position":2,"name":"p\u00e1gina inicial"}]},{"@type":"WebSite","@id":"https:\/\/taxiberlin24.de\/es\/#website","url":"https:\/\/taxiberlin24.de\/es\/","name":"Taxi 24 Berlin","description":"","publisher":{"@id":"https:\/\/taxiberlin24.de\/es\/#organization"},"potentialAction":[{"@type":"SearchAction","target":{"@type":"EntryPoint","urlTemplate":"https:\/\/taxiberlin24.de\/es\/?s={search_term_string}"},"query-input":{"@type":"PropertyValueSpecification","valueRequired":true,"valueName":"search_term_string"}}],"inLanguage":"es"},{"@type":"Organization","@id":"https:\/\/taxiberlin24.de\/es\/#organization","name":"Taxi Berlin 24","url":"https:\/\/taxiberlin24.de\/es\/","logo":{"@type":"ImageObject","inLanguage":"es","@id":"https:\/\/taxiberlin24.de\/es\/#\/schema\/logo\/image\/","url":"https:\/\/taxiberlin24.de\/wp-content\/uploads\/2018\/12\/taxiberlin24-logo-rot2-Kopie.png","contentUrl":"https:\/\/taxiberlin24.de\/wp-content\/uploads\/2018\/12\/taxiberlin24-logo-rot2-Kopie.png","width":700,"height":208,"caption":"Taxi Berlin 24"},"image":{"@id":"https:\/\/taxiberlin24.de\/es\/#\/schema\/logo\/image\/"}}]}},"_links":{"self":[{"href":"https:\/\/taxiberlin24.de\/es\/wp-json\/wp\/v2\/pages\/474","targetHints":{"allow":["GET"]}}],"collection":[{"href":"https:\/\/taxiberlin24.de\/es\/wp-json\/wp\/v2\/pages"}],"about":[{"href":"https:\/\/taxiberlin24.de\/es\/wp-json\/wp\/v2\/types\/page"}],"author":[{"embeddable":true,"href":"https:\/\/taxiberlin24.de\/es\/wp-json\/wp\/v2\/users\/1"}],"replies":[{"embeddable":true,"href":"https:\/\/taxiberlin24.de\/es\/wp-json\/wp\/v2\/comments?post=474"}],"version-history":[{"count":25,"href":"https:\/\/taxiberlin24.de\/es\/wp-json\/wp\/v2\/pages\/474\/revisions"}],"predecessor-version":[{"id":1372,"href":"https:\/\/taxiberlin24.de\/es\/wp-json\/wp\/v2\/pages\/474\/revisions\/1372"}],"wp:attachment":[{"href":"https:\/\/taxiberlin24.de\/es\/wp-json\/wp\/v2\/media?parent=474"}],"curies":[{"name":"wp","href":"https:\/\/api.w.org\/{rel}","templated":true}]}}