{"id":494,"date":"2019-01-22T20:04:52","date_gmt":"2019-01-22T19:04:52","guid":{"rendered":"https:\/\/taxiberlin24.de\/pie-de-imprenta\/"},"modified":"2025-08-18T08:07:34","modified_gmt":"2025-08-18T06:07:34","slug":"pie-de-imprenta","status":"publish","type":"page","link":"https:\/\/taxiberlin24.de\/es\/pie-de-imprenta\/","title":{"rendered":"pie de imprenta"},"content":{"rendered":"\t\t<div data-elementor-type=\"wp-post\" data-elementor-id=\"494\" class=\"elementor elementor-494 elementor-289\" data-elementor-post-type=\"page\">\n\t\t\t\t\t\t<section class=\"elementor-section elementor-top-section elementor-element elementor-element-e83e8af elementor-section-boxed elementor-section-height-default elementor-section-height-default\" data-id=\"e83e8af\" data-element_type=\"section\">\n\t\t\t\t\t\t<div class=\"elementor-container elementor-column-gap-default\">\n\t\t\t\t\t<div class=\"elementor-column elementor-col-100 elementor-top-column elementor-element elementor-element-e859678\" data-id=\"e859678\" data-element_type=\"column\">\n\t\t\t<div class=\"elementor-widget-wrap elementor-element-populated\">\n\t\t\t\t\t\t<div class=\"elementor-element elementor-element-5e2332b elementor-widget elementor-widget-text-editor\" data-id=\"5e2332b\" data-element_type=\"widget\" data-widget_type=\"text-editor.default\">\n\t\t\t\t<div class=\"elementor-widget-container\">\n\t\t\t\t\t\t\t\t\t<p><span style=\"font-family: helvetica, arial, sans-serif;\">Michael Sagawe<\/span><br \/>\n<span style=\"font-family: helvetica, arial, sans-serif;\">Taxi Berl\u00edn24<\/span><br \/>\n<span style=\"font-family: helvetica, arial, sans-serif;\">Carola-Neher-Str. 66<\/span><br \/>\n<span style=\"font-family: helvetica, arial, sans-serif;\">12619 Berl\u00edn<\/span><\/p>\n<p><span style=\"font-family: helvetica, arial, sans-serif;\">Contacto:<\/span><br \/>\n<span style=\"font-family: helvetica, arial, sans-serif;\">tel\u00e9fono: +49 (0)163 7173833<\/span><br \/>\n<span style=\"font-family: helvetica, arial, sans-serif;\">Correo electr\u00f3nico: post@taxiberlin24.de<\/span><\/p>\n<p><span style=\"font-family: helvetica, arial, sans-serif;\">Impuesto sobre el valor a\u00f1adido:<\/span><br \/>\n<span style=\"font-family: helvetica, arial, sans-serif;\">N\u00famero de identificaci\u00f3n del impuesto sobre las ventas de acuerdo con el art\u00edculo 27 de la ley del impuesto sobre las ventas:<\/span><br \/>\n<span style=\"font-family: helvetica, arial, sans-serif;\">&amp;LT;FONT COLOR=\u00bb#FFFF00&#8243;&amp;GT;-==- SYNC:\u00df\u00c7\u00c8\u00c2\u00c8\u00c2\u00c8\u00c2<\/span><\/p>\n<p>&nbsp;<\/p>\n<p><span style=\"font-family: helvetica, arial, sans-serif;\">Responsabilidad por los contenidos<\/span><br \/>\n<span style=\"font-family: helvetica, arial, sans-serif;\">Como proveedor de servicios somos responsables seg\u00fan \u00a7 7 Abs.1 TMG de nuestros propios contenidos en estas p\u00e1ginas de acuerdo con las leyes generales. Seg\u00fan los art\u00edculos 8 a 10 de la TMG, como proveedor de servicios no estamos obligados a controlar la informaci\u00f3n transmitida o almacenada de terceros ni a investigar circunstancias que indiquen una actividad ilegal.<\/span><\/p>\n<p><span style=\"font-family: helvetica, arial, sans-serif;\">Las obligaciones de eliminar o bloquear el uso de la informaci\u00f3n de acuerdo con las leyes generales no se ver\u00e1n afectadas por ello. Sin embargo, la responsabilidad a este respecto s\u00f3lo es posible a partir del momento en que se tiene conocimiento de una violaci\u00f3n concreta de la ley. Tan pronto como tengamos conocimiento de tales infracciones, eliminaremos estos contenidos inmediatamente.<\/span><\/p>\n<p><span style=\"font-family: helvetica, arial, sans-serif;\">Responsabilidad por los enlaces<\/span><br \/>\n<span style=\"font-family: helvetica, arial, sans-serif;\">Nuestra oferta contiene enlaces a p\u00e1ginas web externas de terceros sobre cuyos contenidos no tenemos ninguna influencia. Por lo tanto, no podemos asumir ninguna responsabilidad por estos contenidos externos. El proveedor u operador de las p\u00e1ginas enlazadas es siempre responsable de los contenidos de las p\u00e1ginas enlazadas. En el momento de establecer el enlace, las p\u00e1ginas enlazadas fueron revisadas en busca de posibles infracciones legales. Los contenidos ilegales no eran reconocibles en el momento de la vinculaci\u00f3n.<\/span><\/p>\n<p><span style=\"font-family: helvetica, arial, sans-serif;\">Sin embargo, un control permanente de los contenidos de las p\u00e1ginas enlazadas no es razonable sin pruebas concretas de una violaci\u00f3n de la ley. Eliminaremos dichos enlaces inmediatamente despu\u00e9s de tener conocimiento de cualquier violaci\u00f3n de la ley.<\/span><\/p>\n<p><span style=\"font-family: helvetica, arial, sans-serif;\">derechos de autor<\/span><br \/>\n<span style=\"font-family: helvetica, arial, sans-serif;\">Los contenidos y trabajos de estas p\u00e1ginas creados por los operadores del sitio est\u00e1n sujetos a la ley alemana de derechos de autor. La reproducci\u00f3n, el procesamiento, la distribuci\u00f3n y cualquier forma de comercializaci\u00f3n de dicho material fuera del alcance de la ley de derechos de autor requerir\u00e1 el consentimiento previo por escrito de su respectivo autor o creador. Las descargas y copias de estas p\u00e1ginas s\u00f3lo est\u00e1n permitidas para uso privado y no comercial.<\/span><\/p>\n<p><span style=\"font-family: helvetica, arial, sans-serif;\">En la medida en que el contenido de este sitio no haya sido creado por el operador, se respetar\u00e1n los derechos de autor de terceros. En particular, los contenidos de terceros est\u00e1n marcados como tales. No obstante, en caso de que tenga conocimiento de una infracci\u00f3n de los derechos de autor, le rogamos que nos lo comunique. Tan pronto como tengamos conocimiento de cualquier infracci\u00f3n de la ley, eliminaremos dicho contenido inmediatamente.<\/span><\/p>\n<p>&nbsp;<\/p>\n\t\t\t\t\t\t\t\t<\/div>\n\t\t\t\t<\/div>\n\t\t\t\t\t<\/div>\n\t\t<\/div>\n\t\t\t\t\t<\/div>\n\t\t<\/section>\n\t\t\t\t<\/div>\n\t\t","protected":false},"excerpt":{"rendered":"<p>Michael Sagawe Taxi Berl\u00edn24 Carola-Neher-Str. 66 12619 Berl\u00edn Contacto: tel\u00e9fono: +49 (0)163 7173833 Correo electr\u00f3nico: post@taxiberlin24.de Impuesto sobre el valor a\u00f1adido: N\u00famero de identificaci\u00f3n del impuesto sobre las ventas de acuerdo con el art\u00edculo 27 de la ley del impuesto sobre las ventas: &amp;LT;FONT COLOR=\u00bb#FFFF00&#8243;&amp;GT;-==- SYNC:\u00df\u00c7\u00c8\u00c2\u00c8\u00c2\u00c8\u00c2 &nbsp; Responsabilidad por los contenidos Como proveedor de servicios [&hellip;]<\/p>\n","protected":false},"author":1,"featured_media":0,"parent":0,"menu_order":0,"comment_status":"closed","ping_status":"closed","template":"elementor_header_footer","meta":{"ocean_post_layout":"","ocean_both_sidebars_style":"","ocean_both_sidebars_content_width":0,"ocean_both_sidebars_sidebars_width":0,"ocean_sidebar":"0","ocean_second_sidebar":"0","ocean_disable_margins":"enable","ocean_add_body_class":"","ocean_shortcode_before_top_bar":"","ocean_shortcode_after_top_bar":"","ocean_shortcode_before_header":"","ocean_shortcode_after_header":"","ocean_has_shortcode":"","ocean_shortcode_after_title":"","ocean_shortcode_before_footer_widgets":"","ocean_shortcode_after_footer_widgets":"","ocean_shortcode_before_footer_bottom":"","ocean_shortcode_after_footer_bottom":"","ocean_display_top_bar":"default","ocean_display_header":"default","ocean_header_style":"","ocean_center_header_left_menu":"0","ocean_custom_header_template":"0","ocean_custom_logo":0,"ocean_custom_retina_logo":0,"ocean_custom_logo_max_width":0,"ocean_custom_logo_tablet_max_width":0,"ocean_custom_logo_mobile_max_width":0,"ocean_custom_logo_max_height":0,"ocean_custom_logo_tablet_max_height":0,"ocean_custom_logo_mobile_max_height":0,"ocean_header_custom_menu":"0","ocean_menu_typo_font_family":"0","ocean_menu_typo_font_subset":"","ocean_menu_typo_font_size":0,"ocean_menu_typo_font_size_tablet":0,"ocean_menu_typo_font_size_mobile":0,"ocean_menu_typo_font_size_unit":"px","ocean_menu_typo_font_weight":"","ocean_menu_typo_font_weight_tablet":"","ocean_menu_typo_font_weight_mobile":"","ocean_menu_typo_transform":"","ocean_menu_typo_transform_tablet":"","ocean_menu_typo_transform_mobile":"","ocean_menu_typo_line_height":0,"ocean_menu_typo_line_height_tablet":0,"ocean_menu_typo_line_height_mobile":0,"ocean_menu_typo_line_height_unit":"","ocean_menu_typo_spacing":0,"ocean_menu_typo_spacing_tablet":0,"ocean_menu_typo_spacing_mobile":0,"ocean_menu_typo_spacing_unit":"","ocean_menu_link_color":"","ocean_menu_link_color_hover":"","ocean_menu_link_color_active":"","ocean_menu_link_background":"","ocean_menu_link_hover_background":"","ocean_menu_link_active_background":"","ocean_menu_social_links_bg":"","ocean_menu_social_hover_links_bg":"","ocean_menu_social_links_color":"","ocean_menu_social_hover_links_color":"","ocean_disable_title":"default","ocean_disable_heading":"default","ocean_post_title":"","ocean_post_subheading":"","ocean_post_title_style":"","ocean_post_title_background_color":"","ocean_post_title_background":0,"ocean_post_title_bg_image_position":"","ocean_post_title_bg_image_attachment":"","ocean_post_title_bg_image_repeat":"","ocean_post_title_bg_image_size":"","ocean_post_title_height":0,"ocean_post_title_bg_overlay":0.5,"ocean_post_title_bg_overlay_color":"","ocean_disable_breadcrumbs":"default","ocean_breadcrumbs_color":"","ocean_breadcrumbs_separator_color":"","ocean_breadcrumbs_links_color":"","ocean_breadcrumbs_links_hover_color":"","ocean_display_footer_widgets":"default","ocean_display_footer_bottom":"default","ocean_custom_footer_template":"0","footnotes":""},"class_list":["post-494","page","type-page","status-publish","hentry","entry"],"yoast_head":"<!-- This site is optimized with the Yoast SEO plugin v26.5 - https:\/\/yoast.com\/wordpress\/plugins\/seo\/ -->\n<title>pie de imprenta - Taxi Berlin 24<\/title>\n<meta name=\"robots\" content=\"index, follow, max-snippet:-1, max-image-preview:large, max-video-preview:-1\" \/>\n<link rel=\"canonical\" href=\"https:\/\/taxiberlin24.de\/es\/pie-de-imprenta\/\" \/>\n<meta property=\"og:locale\" content=\"es_ES\" \/>\n<meta property=\"og:type\" content=\"article\" \/>\n<meta property=\"og:title\" content=\"pie de imprenta - Taxi Berlin 24\" \/>\n<meta property=\"og:description\" content=\"Michael Sagawe Taxi Berl\u00edn24 Carola-Neher-Str. 66 12619 Berl\u00edn Contacto: tel\u00e9fono: +49 (0)163 7173833 Correo electr\u00f3nico: post@taxiberlin24.de Impuesto sobre el valor a\u00f1adido: N\u00famero de identificaci\u00f3n del impuesto sobre las ventas de acuerdo con el art\u00edculo 27 de la ley del impuesto sobre las ventas: &amp;LT;FONT COLOR=\u00bb#FFFF00&#8243;&amp;GT;-==- SYNC:\u00df\u00c7\u00c8\u00c2\u00c8\u00c2\u00c8\u00c2 &nbsp; Responsabilidad por los contenidos Como proveedor de servicios [&hellip;]\" \/>\n<meta property=\"og:url\" content=\"https:\/\/taxiberlin24.de\/es\/pie-de-imprenta\/\" \/>\n<meta property=\"og:site_name\" content=\"Taxi Berlin 24\" \/>\n<meta property=\"article:modified_time\" content=\"2025-08-18T06:07:34+00:00\" \/>\n<meta name=\"twitter:card\" content=\"summary_large_image\" \/>\n<meta name=\"twitter:label1\" content=\"Tiempo de lectura\" \/>\n\t<meta name=\"twitter:data1\" content=\"2 minutos\" \/>\n<script type=\"application\/ld+json\" class=\"yoast-schema-graph\">{\"@context\":\"https:\/\/schema.org\",\"@graph\":[{\"@type\":\"WebPage\",\"@id\":\"https:\/\/taxiberlin24.de\/es\/pie-de-imprenta\/\",\"url\":\"https:\/\/taxiberlin24.de\/es\/pie-de-imprenta\/\",\"name\":\"pie de imprenta - Taxi Berlin 24\",\"isPartOf\":{\"@id\":\"https:\/\/taxiberlin24.de\/es\/#website\"},\"datePublished\":\"2019-01-22T19:04:52+00:00\",\"dateModified\":\"2025-08-18T06:07:34+00:00\",\"breadcrumb\":{\"@id\":\"https:\/\/taxiberlin24.de\/es\/pie-de-imprenta\/#breadcrumb\"},\"inLanguage\":\"es\",\"potentialAction\":[{\"@type\":\"ReadAction\",\"target\":[\"https:\/\/taxiberlin24.de\/es\/pie-de-imprenta\/\"]}]},{\"@type\":\"BreadcrumbList\",\"@id\":\"https:\/\/taxiberlin24.de\/es\/pie-de-imprenta\/#breadcrumb\",\"itemListElement\":[{\"@type\":\"ListItem\",\"position\":1,\"name\":\"Home\",\"item\":\"https:\/\/taxiberlin24.de\/es\/\"},{\"@type\":\"ListItem\",\"position\":2,\"name\":\"pie de imprenta\"}]},{\"@type\":\"WebSite\",\"@id\":\"https:\/\/taxiberlin24.de\/es\/#website\",\"url\":\"https:\/\/taxiberlin24.de\/es\/\",\"name\":\"Taxi 24 Berlin\",\"description\":\"\",\"publisher\":{\"@id\":\"https:\/\/taxiberlin24.de\/es\/#organization\"},\"potentialAction\":[{\"@type\":\"SearchAction\",\"target\":{\"@type\":\"EntryPoint\",\"urlTemplate\":\"https:\/\/taxiberlin24.de\/es\/?s={search_term_string}\"},\"query-input\":{\"@type\":\"PropertyValueSpecification\",\"valueRequired\":true,\"valueName\":\"search_term_string\"}}],\"inLanguage\":\"es\"},{\"@type\":\"Organization\",\"@id\":\"https:\/\/taxiberlin24.de\/es\/#organization\",\"name\":\"Taxi Berlin 24\",\"url\":\"https:\/\/taxiberlin24.de\/es\/\",\"logo\":{\"@type\":\"ImageObject\",\"inLanguage\":\"es\",\"@id\":\"https:\/\/taxiberlin24.de\/es\/#\/schema\/logo\/image\/\",\"url\":\"https:\/\/taxiberlin24.de\/wp-content\/uploads\/2018\/12\/taxiberlin24-logo-rot2-Kopie.png\",\"contentUrl\":\"https:\/\/taxiberlin24.de\/wp-content\/uploads\/2018\/12\/taxiberlin24-logo-rot2-Kopie.png\",\"width\":700,\"height\":208,\"caption\":\"Taxi Berlin 24\"},\"image\":{\"@id\":\"https:\/\/taxiberlin24.de\/es\/#\/schema\/logo\/image\/\"}}]}<\/script>\n<!-- \/ Yoast SEO plugin. -->","yoast_head_json":{"title":"pie de imprenta - Taxi Berlin 24","robots":{"index":"index","follow":"follow","max-snippet":"max-snippet:-1","max-image-preview":"max-image-preview:large","max-video-preview":"max-video-preview:-1"},"canonical":"https:\/\/taxiberlin24.de\/es\/pie-de-imprenta\/","og_locale":"es_ES","og_type":"article","og_title":"pie de imprenta - Taxi Berlin 24","og_description":"Michael Sagawe Taxi Berl\u00edn24 Carola-Neher-Str. 66 12619 Berl\u00edn Contacto: tel\u00e9fono: +49 (0)163 7173833 Correo electr\u00f3nico: post@taxiberlin24.de Impuesto sobre el valor a\u00f1adido: N\u00famero de identificaci\u00f3n del impuesto sobre las ventas de acuerdo con el art\u00edculo 27 de la ley del impuesto sobre las ventas: &amp;LT;FONT COLOR=\u00bb#FFFF00&#8243;&amp;GT;-==- SYNC:\u00df\u00c7\u00c8\u00c2\u00c8\u00c2\u00c8\u00c2 &nbsp; Responsabilidad por los contenidos Como proveedor de servicios [&hellip;]","og_url":"https:\/\/taxiberlin24.de\/es\/pie-de-imprenta\/","og_site_name":"Taxi Berlin 24","article_modified_time":"2025-08-18T06:07:34+00:00","twitter_card":"summary_large_image","twitter_misc":{"Tiempo de lectura":"2 minutos"},"schema":{"@context":"https:\/\/schema.org","@graph":[{"@type":"WebPage","@id":"https:\/\/taxiberlin24.de\/es\/pie-de-imprenta\/","url":"https:\/\/taxiberlin24.de\/es\/pie-de-imprenta\/","name":"pie de imprenta - Taxi Berlin 24","isPartOf":{"@id":"https:\/\/taxiberlin24.de\/es\/#website"},"datePublished":"2019-01-22T19:04:52+00:00","dateModified":"2025-08-18T06:07:34+00:00","breadcrumb":{"@id":"https:\/\/taxiberlin24.de\/es\/pie-de-imprenta\/#breadcrumb"},"inLanguage":"es","potentialAction":[{"@type":"ReadAction","target":["https:\/\/taxiberlin24.de\/es\/pie-de-imprenta\/"]}]},{"@type":"BreadcrumbList","@id":"https:\/\/taxiberlin24.de\/es\/pie-de-imprenta\/#breadcrumb","itemListElement":[{"@type":"ListItem","position":1,"name":"Home","item":"https:\/\/taxiberlin24.de\/es\/"},{"@type":"ListItem","position":2,"name":"pie de imprenta"}]},{"@type":"WebSite","@id":"https:\/\/taxiberlin24.de\/es\/#website","url":"https:\/\/taxiberlin24.de\/es\/","name":"Taxi 24 Berlin","description":"","publisher":{"@id":"https:\/\/taxiberlin24.de\/es\/#organization"},"potentialAction":[{"@type":"SearchAction","target":{"@type":"EntryPoint","urlTemplate":"https:\/\/taxiberlin24.de\/es\/?s={search_term_string}"},"query-input":{"@type":"PropertyValueSpecification","valueRequired":true,"valueName":"search_term_string"}}],"inLanguage":"es"},{"@type":"Organization","@id":"https:\/\/taxiberlin24.de\/es\/#organization","name":"Taxi Berlin 24","url":"https:\/\/taxiberlin24.de\/es\/","logo":{"@type":"ImageObject","inLanguage":"es","@id":"https:\/\/taxiberlin24.de\/es\/#\/schema\/logo\/image\/","url":"https:\/\/taxiberlin24.de\/wp-content\/uploads\/2018\/12\/taxiberlin24-logo-rot2-Kopie.png","contentUrl":"https:\/\/taxiberlin24.de\/wp-content\/uploads\/2018\/12\/taxiberlin24-logo-rot2-Kopie.png","width":700,"height":208,"caption":"Taxi Berlin 24"},"image":{"@id":"https:\/\/taxiberlin24.de\/es\/#\/schema\/logo\/image\/"}}]}},"_links":{"self":[{"href":"https:\/\/taxiberlin24.de\/es\/wp-json\/wp\/v2\/pages\/494","targetHints":{"allow":["GET"]}}],"collection":[{"href":"https:\/\/taxiberlin24.de\/es\/wp-json\/wp\/v2\/pages"}],"about":[{"href":"https:\/\/taxiberlin24.de\/es\/wp-json\/wp\/v2\/types\/page"}],"author":[{"embeddable":true,"href":"https:\/\/taxiberlin24.de\/es\/wp-json\/wp\/v2\/users\/1"}],"replies":[{"embeddable":true,"href":"https:\/\/taxiberlin24.de\/es\/wp-json\/wp\/v2\/comments?post=494"}],"version-history":[{"count":4,"href":"https:\/\/taxiberlin24.de\/es\/wp-json\/wp\/v2\/pages\/494\/revisions"}],"predecessor-version":[{"id":1352,"href":"https:\/\/taxiberlin24.de\/es\/wp-json\/wp\/v2\/pages\/494\/revisions\/1352"}],"wp:attachment":[{"href":"https:\/\/taxiberlin24.de\/es\/wp-json\/wp\/v2\/media?parent=494"}],"curies":[{"name":"wp","href":"https:\/\/api.w.org\/{rel}","templated":true}]}}