{"id":642,"date":"2019-04-28T21:44:32","date_gmt":"2019-04-28T19:44:32","guid":{"rendered":"https:\/\/taxiberlin24.de\/recogida-en-el-aeropuerto\/"},"modified":"2024-10-20T08:11:22","modified_gmt":"2024-10-20T06:11:22","slug":"recogida-en-el-aeropuerto","status":"publish","type":"page","link":"https:\/\/taxiberlin24.de\/es\/recogida-en-el-aeropuerto\/","title":{"rendered":"Recogida en el aeropuerto"},"content":{"rendered":"\t\t<div data-elementor-type=\"wp-post\" data-elementor-id=\"642\" class=\"elementor elementor-642 elementor-606\" data-elementor-post-type=\"page\">\n\t\t\t\t\t\t<section class=\"elementor-section elementor-top-section elementor-element elementor-element-1c8fec3 elementor-section-boxed elementor-section-height-default elementor-section-height-default\" data-id=\"1c8fec3\" data-element_type=\"section\">\n\t\t\t\t\t\t<div class=\"elementor-container elementor-column-gap-default\">\n\t\t\t\t\t<div class=\"elementor-column elementor-col-100 elementor-top-column elementor-element elementor-element-272446c\" data-id=\"272446c\" data-element_type=\"column\">\n\t\t\t<div class=\"elementor-widget-wrap elementor-element-populated\">\n\t\t\t\t\t\t<div class=\"elementor-element elementor-element-b498c55 elementor-widget elementor-widget-heading\" data-id=\"b498c55\" data-element_type=\"widget\" data-widget_type=\"heading.default\">\n\t\t\t\t<div class=\"elementor-widget-container\">\n\t\t\t\t\t<h2 class=\"elementor-heading-title elementor-size-default\">Consultas a corto plazo por tel\u00e9fono, por favor. Consultas escritas del d\u00eda siguiente a las 0:00 en punto.<\/h2>\t\t\t\t<\/div>\n\t\t\t\t<\/div>\n\t\t\t\t\t<\/div>\n\t\t<\/div>\n\t\t\t\t\t<\/div>\n\t\t<\/section>\n\t\t\t\t<section class=\"elementor-section elementor-top-section elementor-element elementor-element-b20a06b elementor-section-boxed elementor-section-height-default elementor-section-height-default\" data-id=\"b20a06b\" data-element_type=\"section\">\n\t\t\t\t\t\t<div class=\"elementor-container elementor-column-gap-default\">\n\t\t\t\t\t<div class=\"elementor-column elementor-col-100 elementor-top-column elementor-element elementor-element-07fa002\" data-id=\"07fa002\" data-element_type=\"column\">\n\t\t\t<div class=\"elementor-widget-wrap elementor-element-populated\">\n\t\t\t\t\t\t<div class=\"elementor-element elementor-element-0ca1684 elementor-button-align-stretch elementor-widget elementor-widget-form\" data-id=\"0ca1684\" data-element_type=\"widget\" data-settings=\"{&quot;step_next_label&quot;:&quot;N\\u00e4chster&quot;,&quot;step_previous_label&quot;:&quot;Voriger&quot;,&quot;button_width&quot;:&quot;100&quot;,&quot;step_type&quot;:&quot;number_text&quot;,&quot;step_icon_shape&quot;:&quot;circle&quot;}\" data-widget_type=\"form.default\">\n\t\t\t\t<div class=\"elementor-widget-container\">\n\t\t\t\t\t\t\t<form class=\"elementor-form\" method=\"post\" name=\"Recogida en el aeropuerto\" aria-label=\"Recogida en el aeropuerto\">\n\t\t\t<input type=\"hidden\" name=\"post_id\" value=\"642\"\/>\n\t\t\t<input type=\"hidden\" name=\"form_id\" value=\"0ca1684\"\/>\n\t\t\t<input type=\"hidden\" name=\"referer_title\" value=\"Taxi Berlin 24\" \/>\n\n\t\t\t\n\t\t\t<div class=\"elementor-form-fields-wrapper elementor-labels-above\">\n\t\t\t\t\t\t\t\t<div class=\"elementor-field-type-date elementor-field-group elementor-column elementor-field-group-datum elementor-col-100 elementor-field-required elementor-mark-required\">\n\t\t\t\t\t\t\t\t\t\t\t\t<label for=\"form-field-datum\" class=\"elementor-field-label\">\n\t\t\t\t\t\t\t\tfecha\t\t\t\t\t\t\t<\/label>\n\t\t\t\t\t\t\n\t\t<input type=\"date\" name=\"form_fields[datum]\" id=\"form-field-datum\" class=\"elementor-field elementor-size-sm  elementor-field-textual elementor-date-field\" required=\"required\" pattern=\"[0-9]{4}-[0-9]{2}-[0-9]{2}\" min=\"2019-01-23\">\n\t\t\t\t\t\t<\/div>\n\t\t\t\t\t\t\t\t<div class=\"elementor-field-type-time elementor-field-group elementor-column elementor-field-group-zeit elementor-col-100 elementor-field-required elementor-mark-required\">\n\t\t\t\t\t\t\t\t\t\t\t\t<label for=\"form-field-zeit\" class=\"elementor-field-label\">\n\t\t\t\t\t\t\t\t la hora\t\t\t\t\t\t\t<\/label>\n\t\t\t\t\t\t\t\t<input type=\"time\" name=\"form_fields[zeit]\" id=\"form-field-zeit\" class=\"elementor-field elementor-size-sm  elementor-field-textual elementor-time-field elementor-use-native\" required=\"required\">\n\t\t\t\t\t\t<\/div>\n\t\t\t\t\t\t\t\t<div class=\"elementor-field-type-radio elementor-field-group elementor-column elementor-field-group-flughafen elementor-col-100 elementor-field-required elementor-mark-required\">\n\t\t\t\t\t\t\t\t\t\t\t\t<label for=\"form-field-flughafen\" class=\"elementor-field-label\">\n\t\t\t\t\t\t\t\tAeropuerto\t\t\t\t\t\t\t<\/label>\n\t\t\t\t\t\t<div class=\"elementor-field-subgroup  elementor-subgroup-inline\"><span class=\"elementor-field-option\"><input type=\"radio\" value=\"Airport BER Berlin-Brandenburg\" id=\"form-field-flughafen-0\" name=\"form_fields[flughafen]\" required=\"required\"> <label for=\"form-field-flughafen-0\">Airport BER Berlin-Brandenburg<\/label><\/span><span class=\"elementor-field-option\"><input type=\"radio\" value=\"otro aeropuerto\" id=\"form-field-flughafen-1\" name=\"form_fields[flughafen]\" required=\"required\"> <label for=\"form-field-flughafen-1\">otro aeropuerto<\/label><\/span><\/div>\t\t\t\t<\/div>\n\t\t\t\t\t\t\t\t<div class=\"elementor-field-type-text elementor-field-group elementor-column elementor-field-group-flugnummer elementor-col-100\">\n\t\t\t\t\t\t\t\t\t\t\t\t<label for=\"form-field-flugnummer\" class=\"elementor-field-label\">\n\t\t\t\t\t\t\t\tn\u00famero de vuelo\t\t\t\t\t\t\t<\/label>\n\t\t\t\t\t\t\t\t\t\t\t\t\t\t<input size=\"1\" type=\"text\" name=\"form_fields[flugnummer]\" id=\"form-field-flugnummer\" class=\"elementor-field elementor-size-sm  elementor-field-textual\">\n\t\t\t\t\t\t\t\t\t\t\t<\/div>\n\t\t\t\t\t\t\t\t<div class=\"elementor-field-type-text elementor-field-group elementor-column elementor-field-group-zieladresse elementor-col-100 elementor-field-required elementor-mark-required\">\n\t\t\t\t\t\t\t\t\t\t\t\t<label for=\"form-field-zieladresse\" class=\"elementor-field-label\">\n\t\t\t\t\t\t\t\tdestino\t\t\t\t\t\t\t<\/label>\n\t\t\t\t\t\t\t\t\t\t\t\t\t\t<input size=\"1\" type=\"text\" name=\"form_fields[zieladresse]\" id=\"form-field-zieladresse\" class=\"elementor-field elementor-size-sm  elementor-field-textual\" required=\"required\">\n\t\t\t\t\t\t\t\t\t\t\t<\/div>\n\t\t\t\t\t\t\t\t<div class=\"elementor-field-type-text elementor-field-group elementor-column elementor-field-group-name elementor-col-100 elementor-field-required elementor-mark-required\">\n\t\t\t\t\t\t\t\t\t\t\t\t<label for=\"form-field-name\" class=\"elementor-field-label\">\n\t\t\t\t\t\t\t\t Tu nombre\t\t\t\t\t\t\t<\/label>\n\t\t\t\t\t\t\t\t\t\t\t\t\t\t<input size=\"1\" type=\"text\" name=\"form_fields[name]\" id=\"form-field-name\" class=\"elementor-field elementor-size-sm  elementor-field-textual\" required=\"required\">\n\t\t\t\t\t\t\t\t\t\t\t<\/div>\n\t\t\t\t\t\t\t\t<div class=\"elementor-field-type-tel elementor-field-group elementor-column elementor-field-group-telefon elementor-col-100 elementor-field-required elementor-mark-required\">\n\t\t\t\t\t\t\t\t\t\t\t\t<label for=\"form-field-telefon\" class=\"elementor-field-label\">\n\t\t\t\t\t\t\t\tTel\u00e9fono\t\t\t\t\t\t\t<\/label>\n\t\t\t\t\t\t\t\t<input size=\"1\" type=\"tel\" name=\"form_fields[telefon]\" id=\"form-field-telefon\" class=\"elementor-field elementor-size-sm  elementor-field-textual\" required=\"required\" pattern=\"[0-9()#&amp;+*-=.]+\" title=\"Solo se aceptan n\u00fameros y caracteres de tel\u00e9fono (#,-,*,etc).\">\n\n\t\t\t\t\t\t<\/div>\n\t\t\t\t\t\t\t\t<div class=\"elementor-field-type-email elementor-field-group elementor-column elementor-field-group-email elementor-col-100 elementor-field-required elementor-mark-required\">\n\t\t\t\t\t\t\t\t\t\t\t\t<label for=\"form-field-email\" class=\"elementor-field-label\">\n\t\t\t\t\t\t\t\tDirecci\u00f3n de correo electr\u00f3nico\t\t\t\t\t\t\t<\/label>\n\t\t\t\t\t\t\t\t\t\t\t\t\t\t<input size=\"1\" type=\"email\" name=\"form_fields[email]\" id=\"form-field-email\" class=\"elementor-field elementor-size-sm  elementor-field-textual\" required=\"required\">\n\t\t\t\t\t\t\t\t\t\t\t<\/div>\n\t\t\t\t\t\t\t\t<div class=\"elementor-field-type-textarea elementor-field-group elementor-column elementor-field-group-message elementor-col-100\">\n\t\t\t\t\t\t\t\t\t\t\t\t<label for=\"form-field-message\" class=\"elementor-field-label\">\n\t\t\t\t\t\t\t\tmensaje\t\t\t\t\t\t\t<\/label>\n\t\t\t\t\t\t<textarea class=\"elementor-field-textual elementor-field  elementor-size-sm\" name=\"form_fields[message]\" id=\"form-field-message\" rows=\"4\" placeholder=\"mensaje\"><\/textarea>\t\t\t\t<\/div>\n\t\t\t\t\t\t\t\t<div class=\"elementor-field-type-acceptance elementor-field-group elementor-column elementor-field-group-datenschutz elementor-col-100 elementor-field-required elementor-mark-required\">\n\t\t\t\t\t\t\t\t\t\t\t\t<label for=\"form-field-datenschutz\" class=\"elementor-field-label\">\n\t\t\t\t\t\t\t\t<strong>Nota sobre la protecci\u00f3n de datos<\/strong>\t\t\t\t\t\t\t<\/label>\n\t\t\t\t\t\t\t\t<div class=\"elementor-field-subgroup\">\n\t\t\t<span class=\"elementor-field-option\">\n\t\t\t\t<input type=\"checkbox\" name=\"form_fields[datenschutz]\" id=\"form-field-datenschutz\" class=\"elementor-field elementor-size-sm  elementor-acceptance-field\" required=\"required\">\n\t\t\t\t<label for=\"form-field-datenschutz\">Al enviar un mensaje a trav\u00e9s del formulario de contacto, doy mi consentimiento para el tratamiento de mis datos personales con el fin de responder a mi consulta. Puedo revocar este consentimiento en cualquier momento y sin dar razones con efecto para el futuro. La legalidad del tratamiento hasta la revocaci\u00f3n no se ver\u00e1 afectada en caso de revocaci\u00f3n. Nota: Puede revocar su consentimiento en cualquier momento para el futuro enviando un correo electr\u00f3nico a: post@taxiberlin24.de <br> <a href=\"https:\/\/taxiberlin24.de\/es\/declaracion-de-privacidad\/\">A la pol\u00edtica de privacidad <\/a> <br>* Campos obligatorios<\/label>\t\t\t<\/span>\n\t\t<\/div>\n\t\t\t\t\t\t<\/div>\n\t\t\t\t\t\t\t\t<div class=\"elementor-field-type-recaptcha_v3 elementor-field-group elementor-column elementor-field-group-field_dc7121e elementor-col-100 recaptcha_v3-bottomright\">\n\t\t\t\t\t<div class=\"elementor-field\" id=\"form-field-field_dc7121e\"><div class=\"elementor-g-recaptcha\" data-sitekey=\"6LdTl2YqAAAAANU7gD6K87RyZ_X5n3q9SW1-onty\" data-type=\"v3\" data-action=\"Form\" data-badge=\"bottomright\" data-size=\"invisible\"><\/div><\/div>\t\t\t\t<\/div>\n\t\t\t\t\t\t\t\t<div class=\"elementor-field-group elementor-column elementor-field-type-submit elementor-col-100 e-form__buttons\">\n\t\t\t\t\t<button class=\"elementor-button elementor-size-sm\" type=\"submit\">\n\t\t\t\t\t\t<span class=\"elementor-button-content-wrapper\">\n\t\t\t\t\t\t\t\t\t\t\t\t\t\t\t\t\t\t\t\t\t\t<span class=\"elementor-button-text\">enviar<\/span>\n\t\t\t\t\t\t\t\t\t\t\t\t\t<\/span>\n\t\t\t\t\t<\/button>\n\t\t\t\t<\/div>\n\t\t\t<\/div>\n\t\t<\/form>\n\t\t\t\t\t\t<\/div>\n\t\t\t\t<\/div>\n\t\t\t\t\t<\/div>\n\t\t<\/div>\n\t\t\t\t\t<\/div>\n\t\t<\/section>\n\t\t\t\t<\/div>\n\t\t","protected":false},"excerpt":{"rendered":"<p>Consultas a corto plazo por tel\u00e9fono, por favor. Consultas escritas del d\u00eda siguiente a las 0:00 en punto.<\/p>\n","protected":false},"author":1,"featured_media":0,"parent":0,"menu_order":0,"comment_status":"closed","ping_status":"closed","template":"elementor_header_footer","meta":{"ocean_post_layout":"","ocean_both_sidebars_style":"","ocean_both_sidebars_content_width":0,"ocean_both_sidebars_sidebars_width":0,"ocean_sidebar":"0","ocean_second_sidebar":"0","ocean_disable_margins":"enable","ocean_add_body_class":"","ocean_shortcode_before_top_bar":"","ocean_shortcode_after_top_bar":"","ocean_shortcode_before_header":"","ocean_shortcode_after_header":"","ocean_has_shortcode":"","ocean_shortcode_after_title":"","ocean_shortcode_before_footer_widgets":"","ocean_shortcode_after_footer_widgets":"","ocean_shortcode_before_footer_bottom":"","ocean_shortcode_after_footer_bottom":"","ocean_display_top_bar":"default","ocean_display_header":"default","ocean_header_style":"","ocean_center_header_left_menu":"0","ocean_custom_header_template":"0","ocean_custom_logo":0,"ocean_custom_retina_logo":0,"ocean_custom_logo_max_width":0,"ocean_custom_logo_tablet_max_width":0,"ocean_custom_logo_mobile_max_width":0,"ocean_custom_logo_max_height":0,"ocean_custom_logo_tablet_max_height":0,"ocean_custom_logo_mobile_max_height":0,"ocean_header_custom_menu":"0","ocean_menu_typo_font_family":"0","ocean_menu_typo_font_subset":"","ocean_menu_typo_font_size":0,"ocean_menu_typo_font_size_tablet":0,"ocean_menu_typo_font_size_mobile":0,"ocean_menu_typo_font_size_unit":"px","ocean_menu_typo_font_weight":"","ocean_menu_typo_font_weight_tablet":"","ocean_menu_typo_font_weight_mobile":"","ocean_menu_typo_transform":"","ocean_menu_typo_transform_tablet":"","ocean_menu_typo_transform_mobile":"","ocean_menu_typo_line_height":0,"ocean_menu_typo_line_height_tablet":0,"ocean_menu_typo_line_height_mobile":0,"ocean_menu_typo_line_height_unit":"","ocean_menu_typo_spacing":0,"ocean_menu_typo_spacing_tablet":0,"ocean_menu_typo_spacing_mobile":0,"ocean_menu_typo_spacing_unit":"","ocean_menu_link_color":"","ocean_menu_link_color_hover":"","ocean_menu_link_color_active":"","ocean_menu_link_background":"","ocean_menu_link_hover_background":"","ocean_menu_link_active_background":"","ocean_menu_social_links_bg":"","ocean_menu_social_hover_links_bg":"","ocean_menu_social_links_color":"","ocean_menu_social_hover_links_color":"","ocean_disable_title":"default","ocean_disable_heading":"default","ocean_post_title":"","ocean_post_subheading":"","ocean_post_title_style":"","ocean_post_title_background_color":"","ocean_post_title_background":0,"ocean_post_title_bg_image_position":"","ocean_post_title_bg_image_attachment":"","ocean_post_title_bg_image_repeat":"","ocean_post_title_bg_image_size":"","ocean_post_title_height":0,"ocean_post_title_bg_overlay":0.5,"ocean_post_title_bg_overlay_color":"","ocean_disable_breadcrumbs":"default","ocean_breadcrumbs_color":"","ocean_breadcrumbs_separator_color":"","ocean_breadcrumbs_links_color":"","ocean_breadcrumbs_links_hover_color":"","ocean_display_footer_widgets":"default","ocean_display_footer_bottom":"default","ocean_custom_footer_template":"0","footnotes":""},"class_list":["post-642","page","type-page","status-publish","hentry","entry"],"yoast_head":"<!-- This site is optimized with the Yoast SEO plugin v26.5 - https:\/\/yoast.com\/wordpress\/plugins\/seo\/ -->\n<title>Recogida en el aeropuerto - Taxi Berlin 24<\/title>\n<meta name=\"robots\" content=\"index, follow, max-snippet:-1, max-image-preview:large, max-video-preview:-1\" \/>\n<link rel=\"canonical\" href=\"https:\/\/taxiberlin24.de\/es\/recogida-en-el-aeropuerto\/\" \/>\n<meta property=\"og:locale\" content=\"es_ES\" \/>\n<meta property=\"og:type\" content=\"article\" \/>\n<meta property=\"og:title\" content=\"Recogida en el aeropuerto - Taxi Berlin 24\" \/>\n<meta property=\"og:description\" content=\"Consultas a corto plazo por tel\u00e9fono, por favor. Consultas escritas del d\u00eda siguiente a las 0:00 en punto.\" \/>\n<meta property=\"og:url\" content=\"https:\/\/taxiberlin24.de\/es\/recogida-en-el-aeropuerto\/\" \/>\n<meta property=\"og:site_name\" content=\"Taxi Berlin 24\" \/>\n<meta property=\"article:modified_time\" content=\"2024-10-20T06:11:22+00:00\" \/>\n<meta name=\"twitter:card\" content=\"summary_large_image\" \/>\n<script type=\"application\/ld+json\" class=\"yoast-schema-graph\">{\"@context\":\"https:\/\/schema.org\",\"@graph\":[{\"@type\":\"WebPage\",\"@id\":\"https:\/\/taxiberlin24.de\/es\/recogida-en-el-aeropuerto\/\",\"url\":\"https:\/\/taxiberlin24.de\/es\/recogida-en-el-aeropuerto\/\",\"name\":\"Recogida en el aeropuerto - Taxi Berlin 24\",\"isPartOf\":{\"@id\":\"https:\/\/taxiberlin24.de\/es\/#website\"},\"datePublished\":\"2019-04-28T19:44:32+00:00\",\"dateModified\":\"2024-10-20T06:11:22+00:00\",\"breadcrumb\":{\"@id\":\"https:\/\/taxiberlin24.de\/es\/recogida-en-el-aeropuerto\/#breadcrumb\"},\"inLanguage\":\"es\",\"potentialAction\":[{\"@type\":\"ReadAction\",\"target\":[\"https:\/\/taxiberlin24.de\/es\/recogida-en-el-aeropuerto\/\"]}]},{\"@type\":\"BreadcrumbList\",\"@id\":\"https:\/\/taxiberlin24.de\/es\/recogida-en-el-aeropuerto\/#breadcrumb\",\"itemListElement\":[{\"@type\":\"ListItem\",\"position\":1,\"name\":\"Home\",\"item\":\"https:\/\/taxiberlin24.de\/es\/\"},{\"@type\":\"ListItem\",\"position\":2,\"name\":\"Recogida en el aeropuerto\"}]},{\"@type\":\"WebSite\",\"@id\":\"https:\/\/taxiberlin24.de\/es\/#website\",\"url\":\"https:\/\/taxiberlin24.de\/es\/\",\"name\":\"Taxi 24 Berlin\",\"description\":\"\",\"publisher\":{\"@id\":\"https:\/\/taxiberlin24.de\/es\/#organization\"},\"potentialAction\":[{\"@type\":\"SearchAction\",\"target\":{\"@type\":\"EntryPoint\",\"urlTemplate\":\"https:\/\/taxiberlin24.de\/es\/?s={search_term_string}\"},\"query-input\":{\"@type\":\"PropertyValueSpecification\",\"valueRequired\":true,\"valueName\":\"search_term_string\"}}],\"inLanguage\":\"es\"},{\"@type\":\"Organization\",\"@id\":\"https:\/\/taxiberlin24.de\/es\/#organization\",\"name\":\"Taxi Berlin 24\",\"url\":\"https:\/\/taxiberlin24.de\/es\/\",\"logo\":{\"@type\":\"ImageObject\",\"inLanguage\":\"es\",\"@id\":\"https:\/\/taxiberlin24.de\/es\/#\/schema\/logo\/image\/\",\"url\":\"https:\/\/taxiberlin24.de\/wp-content\/uploads\/2018\/12\/taxiberlin24-logo-rot2-Kopie.png\",\"contentUrl\":\"https:\/\/taxiberlin24.de\/wp-content\/uploads\/2018\/12\/taxiberlin24-logo-rot2-Kopie.png\",\"width\":700,\"height\":208,\"caption\":\"Taxi Berlin 24\"},\"image\":{\"@id\":\"https:\/\/taxiberlin24.de\/es\/#\/schema\/logo\/image\/\"}}]}<\/script>\n<!-- \/ Yoast SEO plugin. -->","yoast_head_json":{"title":"Recogida en el aeropuerto - Taxi Berlin 24","robots":{"index":"index","follow":"follow","max-snippet":"max-snippet:-1","max-image-preview":"max-image-preview:large","max-video-preview":"max-video-preview:-1"},"canonical":"https:\/\/taxiberlin24.de\/es\/recogida-en-el-aeropuerto\/","og_locale":"es_ES","og_type":"article","og_title":"Recogida en el aeropuerto - Taxi Berlin 24","og_description":"Consultas a corto plazo por tel\u00e9fono, por favor. Consultas escritas del d\u00eda siguiente a las 0:00 en punto.","og_url":"https:\/\/taxiberlin24.de\/es\/recogida-en-el-aeropuerto\/","og_site_name":"Taxi Berlin 24","article_modified_time":"2024-10-20T06:11:22+00:00","twitter_card":"summary_large_image","schema":{"@context":"https:\/\/schema.org","@graph":[{"@type":"WebPage","@id":"https:\/\/taxiberlin24.de\/es\/recogida-en-el-aeropuerto\/","url":"https:\/\/taxiberlin24.de\/es\/recogida-en-el-aeropuerto\/","name":"Recogida en el aeropuerto - Taxi Berlin 24","isPartOf":{"@id":"https:\/\/taxiberlin24.de\/es\/#website"},"datePublished":"2019-04-28T19:44:32+00:00","dateModified":"2024-10-20T06:11:22+00:00","breadcrumb":{"@id":"https:\/\/taxiberlin24.de\/es\/recogida-en-el-aeropuerto\/#breadcrumb"},"inLanguage":"es","potentialAction":[{"@type":"ReadAction","target":["https:\/\/taxiberlin24.de\/es\/recogida-en-el-aeropuerto\/"]}]},{"@type":"BreadcrumbList","@id":"https:\/\/taxiberlin24.de\/es\/recogida-en-el-aeropuerto\/#breadcrumb","itemListElement":[{"@type":"ListItem","position":1,"name":"Home","item":"https:\/\/taxiberlin24.de\/es\/"},{"@type":"ListItem","position":2,"name":"Recogida en el aeropuerto"}]},{"@type":"WebSite","@id":"https:\/\/taxiberlin24.de\/es\/#website","url":"https:\/\/taxiberlin24.de\/es\/","name":"Taxi 24 Berlin","description":"","publisher":{"@id":"https:\/\/taxiberlin24.de\/es\/#organization"},"potentialAction":[{"@type":"SearchAction","target":{"@type":"EntryPoint","urlTemplate":"https:\/\/taxiberlin24.de\/es\/?s={search_term_string}"},"query-input":{"@type":"PropertyValueSpecification","valueRequired":true,"valueName":"search_term_string"}}],"inLanguage":"es"},{"@type":"Organization","@id":"https:\/\/taxiberlin24.de\/es\/#organization","name":"Taxi Berlin 24","url":"https:\/\/taxiberlin24.de\/es\/","logo":{"@type":"ImageObject","inLanguage":"es","@id":"https:\/\/taxiberlin24.de\/es\/#\/schema\/logo\/image\/","url":"https:\/\/taxiberlin24.de\/wp-content\/uploads\/2018\/12\/taxiberlin24-logo-rot2-Kopie.png","contentUrl":"https:\/\/taxiberlin24.de\/wp-content\/uploads\/2018\/12\/taxiberlin24-logo-rot2-Kopie.png","width":700,"height":208,"caption":"Taxi Berlin 24"},"image":{"@id":"https:\/\/taxiberlin24.de\/es\/#\/schema\/logo\/image\/"}}]}},"_links":{"self":[{"href":"https:\/\/taxiberlin24.de\/es\/wp-json\/wp\/v2\/pages\/642","targetHints":{"allow":["GET"]}}],"collection":[{"href":"https:\/\/taxiberlin24.de\/es\/wp-json\/wp\/v2\/pages"}],"about":[{"href":"https:\/\/taxiberlin24.de\/es\/wp-json\/wp\/v2\/types\/page"}],"author":[{"embeddable":true,"href":"https:\/\/taxiberlin24.de\/es\/wp-json\/wp\/v2\/users\/1"}],"replies":[{"embeddable":true,"href":"https:\/\/taxiberlin24.de\/es\/wp-json\/wp\/v2\/comments?post=642"}],"version-history":[{"count":3,"href":"https:\/\/taxiberlin24.de\/es\/wp-json\/wp\/v2\/pages\/642\/revisions"}],"predecessor-version":[{"id":1121,"href":"https:\/\/taxiberlin24.de\/es\/wp-json\/wp\/v2\/pages\/642\/revisions\/1121"}],"wp:attachment":[{"href":"https:\/\/taxiberlin24.de\/es\/wp-json\/wp\/v2\/media?parent=642"}],"curies":[{"name":"wp","href":"https:\/\/api.w.org\/{rel}","templated":true}]}}