{"id":447,"date":"2019-01-20T08:09:48","date_gmt":"2019-01-20T07:09:48","guid":{"rendered":"https:\/\/taxiberlin24.de\/taxi-a-berlin\/"},"modified":"2025-12-11T07:11:03","modified_gmt":"2025-12-11T06:11:03","slug":"taxi-a-berlin","status":"publish","type":"page","link":"https:\/\/taxiberlin24.de\/fr\/","title":{"rendered":"Taxi \u00e0 Berlin"},"content":{"rendered":"\t\t<div data-elementor-type=\"wp-post\" data-elementor-id=\"447\" class=\"elementor elementor-447 elementor-251\" data-elementor-post-type=\"page\">\n\t\t\t\t\t\t<section class=\"elementor-section elementor-top-section elementor-element elementor-element-63574192 elementor-section-content-middle elementor-section-boxed elementor-section-height-default elementor-section-height-default\" data-id=\"63574192\" data-element_type=\"section\">\n\t\t\t\t\t\t<div class=\"elementor-container elementor-column-gap-default\">\n\t\t\t\t\t<div class=\"elementor-column elementor-col-100 elementor-top-column elementor-element elementor-element-6e64cc17\" data-id=\"6e64cc17\" data-element_type=\"column\">\n\t\t\t<div class=\"elementor-widget-wrap elementor-element-populated\">\n\t\t\t\t\t\t<div class=\"elementor-element elementor-element-6f7e9f0 elementor-widget elementor-widget-heading\" data-id=\"6f7e9f0\" data-element_type=\"widget\" data-widget_type=\"heading.default\">\n\t\t\t\t<div class=\"elementor-widget-container\">\n\t\t\t\t\t<h1 class=\"elementor-heading-title elementor-size-default\">Votre taxi \u00e0 Berlin, le service sp\u00e9cial<\/h1>\t\t\t\t<\/div>\n\t\t\t\t<\/div>\n\t\t\t\t<div class=\"elementor-element elementor-element-f1c87ca elementor-widget elementor-widget-text-editor\" data-id=\"f1c87ca\" data-element_type=\"widget\" data-widget_type=\"text-editor.default\">\n\t\t\t\t<div class=\"elementor-widget-container\">\n\t\t\t\t\t\t\t\t\t<p><strong>TaxiBerlin24.de &#8211; votre partenaire pour des services de taxi de premi\u00e8re classe<\/strong><\/p>\n<p>Bienvenue chez TaxiBerlin24.de, votre adresse fiable pour des trajets confortables et fiables \u00e0 Berlin et au-del\u00e0. Notre service est bas\u00e9 sur un r\u00e9seau d&rsquo;entrepreneurs de taxi ind\u00e9pendants qui conduisent seuls et qui s&rsquo;engagent \u00e0 rendre votre trajet aussi agr\u00e9able que possible.<\/p>\n<p><strong>Flexible et confortable &#8211; votre taxi pour toutes les occasions<\/strong><\/p>\n<p>Nos chauffeurs exp\u00e9riment\u00e9s vous emm\u00e8nent en toute s\u00e9curit\u00e9, \u00e0 l&rsquo;heure et en toute d\u00e9contraction \u00e0 l&rsquo;endroit souhait\u00e9. Qu&rsquo;il s&rsquo;agisse d&rsquo;un transfert d&rsquo;a\u00e9roport, d&rsquo;une prise en charge \u00e0 la maison ou \u00e0 l&rsquo;h\u00f4tel, de trajets pour des rendez-vous ou de missions planifi\u00e9es \u00e0 long terme, nous sommes toujours l\u00e0 pour vous. Les longs trajets en dehors de Berlin, par exemple vers Potsdam ou Hambourg, sont possibles sans probl\u00e8me. Dans ce cas, le prix est convenu librement, tandis qu&rsquo;\u00e0 l&rsquo;int\u00e9rieur de Berlin, le tarif officiel des taxis berlinois s&rsquo;applique.<\/p>\n<p><strong>R\u00e9servation simple et possibilit\u00e9s de paiement modernes<\/strong><\/p>\n<p>Planifiez votre trajet \u00e0 l&rsquo;avance et r\u00e9servez facilement en ligne. Apr\u00e8s votre r\u00e9servation, vous recevrez une confirmation, de sorte que vous pouvez \u00eatre s\u00fbr que votre taxi sera pr\u00eat \u00e0 temps pour vous. Payez de mani\u00e8re flexible par carte de cr\u00e9dit, carte EC ou PAYPAL &#8211; selon vos souhaits.<\/p>\n<p><strong>Courses avec facturation externe<\/strong><\/p>\n<p>Nous proposons des services sp\u00e9ciaux pour les passagers ayant des pr\u00e9occupations m\u00e9dicales. En collaboration avec certaines caisses d&rsquo;assurance maladie, l&rsquo;assurance pension et l&rsquo;association professionnelle, nous prenons en charge les trajets pour les cures, les r\u00e9\u00e9ducations ou autres rendez-vous m\u00e9dicaux. Avec un bon de transport valable, ces trajets peuvent \u00eatre directement factur\u00e9s.<\/p>\n<p><strong>Qualit\u00e9 et s\u00e9curit\u00e9 avant tout<\/strong><\/p>\n<p>Chez TaxiBerlin24.de, vous voyagez exclusivement avec des taxis officiellement agr\u00e9\u00e9s, qui r\u00e9pondent bien s\u00fbr aux normes les plus modernes. Nos chauffeurs disposent bien entendu du permis de conduire n\u00e9cessaire pour le transport de personnes.<\/p>\n<p><strong>Pourquoi TaxiBerlin24.de ?<\/strong><\/p>\n<p>Nous combinons professionnalisme, fiabilit\u00e9 et confort pour rendre votre trajet aussi agr\u00e9able que possible. Laissez-vous convaincre et r\u00e9servez d\u00e8s aujourd&rsquo;hui !<\/p>\n<p><strong>TaxiBerlin24.de &#8211; Votre destination est notre mission !<\/strong><\/p>\n<p>\u00c0 propos, saviez-vous que tous les taxis disposent d&rsquo;une assurance responsabilit\u00e9 civile automobile sp\u00e9ciale pour le transport professionnel de personnes ? Ils sont ainsi largement couverts en cas de sinistre, qui, esp\u00e9rons-le, ne se produira jamais, afin de pouvoir faire valoir leurs droits.<\/p>\n<p>&nbsp;<\/p>\n\t\t\t\t\t\t\t\t<\/div>\n\t\t\t\t<\/div>\n\t\t\t\t\t<\/div>\n\t\t<\/div>\n\t\t\t\t\t<\/div>\n\t\t<\/section>\n\t\t\t\t<section class=\"elementor-section elementor-top-section elementor-element elementor-element-c7391b4 elementor-section-boxed elementor-section-height-default elementor-section-height-default\" data-id=\"c7391b4\" data-element_type=\"section\">\n\t\t\t\t\t\t<div class=\"elementor-container elementor-column-gap-default\">\n\t\t\t\t\t<div class=\"elementor-column elementor-col-100 elementor-top-column elementor-element elementor-element-c16937e\" data-id=\"c16937e\" data-element_type=\"column\">\n\t\t\t<div class=\"elementor-widget-wrap elementor-element-populated\">\n\t\t\t\t\t\t<div class=\"elementor-element elementor-element-49ec3bd elementor-widget elementor-widget-Google\" data-id=\"49ec3bd\" data-element_type=\"widget\" data-widget_type=\"Google.default\">\n\t\t\t\t<div class=\"elementor-widget-container\">\n\t\t\t\t\t<div data-src=\"https:\/\/cdn.trustindex.io\/loader.js?5a8cf3e60a351120b7065dac819\"><\/div>\t\t\t\t<\/div>\n\t\t\t\t<\/div>\n\t\t\t\t\t<\/div>\n\t\t<\/div>\n\t\t\t\t\t<\/div>\n\t\t<\/section>\n\t\t\t\t<section class=\"elementor-section elementor-top-section elementor-element elementor-element-b4fe434 elementor-section-content-middle elementor-section-height-min-height elementor-section-boxed elementor-section-height-default elementor-section-items-middle\" data-id=\"b4fe434\" data-element_type=\"section\" data-settings=\"{&quot;background_background&quot;:&quot;classic&quot;,&quot;shape_divider_top&quot;:&quot;tilt&quot;,&quot;shape_divider_bottom&quot;:&quot;tilt&quot;}\">\n\t\t\t\t\t\t\t<div class=\"elementor-background-overlay\"><\/div>\n\t\t\t\t\t\t<div class=\"elementor-shape elementor-shape-top\" aria-hidden=\"true\" data-negative=\"false\">\n\t\t\t<svg xmlns=\"http:\/\/www.w3.org\/2000\/svg\" viewBox=\"0 0 1000 100\" preserveAspectRatio=\"none\">\n\t<path class=\"elementor-shape-fill\" d=\"M0,6V0h1000v100L0,6z\"\/>\n<\/svg>\t\t<\/div>\n\t\t\t\t<div class=\"elementor-shape elementor-shape-bottom\" aria-hidden=\"true\" data-negative=\"false\">\n\t\t\t<svg xmlns=\"http:\/\/www.w3.org\/2000\/svg\" viewBox=\"0 0 1000 100\" preserveAspectRatio=\"none\">\n\t<path class=\"elementor-shape-fill\" d=\"M0,6V0h1000v100L0,6z\"\/>\n<\/svg>\t\t<\/div>\n\t\t\t\t\t<div class=\"elementor-container elementor-column-gap-default\">\n\t\t\t\t\t<div class=\"elementor-column elementor-col-100 elementor-top-column elementor-element elementor-element-b2f8dc0\" data-id=\"b2f8dc0\" data-element_type=\"column\">\n\t\t\t<div class=\"elementor-widget-wrap elementor-element-populated\">\n\t\t\t\t\t\t<div class=\"elementor-element elementor-element-78289cf elementor-widget elementor-widget-heading\" data-id=\"78289cf\" data-element_type=\"widget\" data-widget_type=\"heading.default\">\n\t\t\t\t<div class=\"elementor-widget-container\">\n\t\t\t\t\t<h2 class=\"elementor-heading-title elementor-size-default\">paiement<\/h2>\t\t\t\t<\/div>\n\t\t\t\t<\/div>\n\t\t\t\t<div class=\"elementor-element elementor-element-ea6c824 elementor-widget elementor-widget-text-editor\" data-id=\"ea6c824\" data-element_type=\"widget\" data-widget_type=\"text-editor.default\">\n\t\t\t\t<div class=\"elementor-widget-container\">\n\t\t\t\t\t\t\t\t\t<p><span style=\"color: #ffffff;\"><span style=\"font-family: helvetica, arial, sans-serif; font-size: 14pt;\">Nous vous offrons plusieurs options de paiement pour nos services, y compris toutes les principales cartes de cr\u00e9dit, Paypal, carte EC, Apple Pay, Google Pay et bien s\u00fbr le paiement en esp\u00e8ces.<\/span><\/span><\/p>\n\t\t\t\t\t\t\t\t<\/div>\n\t\t\t\t<\/div>\n\t\t\t\t<div class=\"elementor-element elementor-element-7ef249d elementor-widget elementor-widget-image\" data-id=\"7ef249d\" data-element_type=\"widget\" data-widget_type=\"image.default\">\n\t\t\t\t<div class=\"elementor-widget-container\">\n\t\t\t\t\t\t\t\t\t\t\t\t\t\t\t<img decoding=\"async\" width=\"484\" height=\"50\" src=\"https:\/\/taxiberlin24.de\/wp-content\/uploads\/2018\/12\/master_visa_amex.png\" class=\"attachment-large size-large wp-image-404\" alt=\"\" srcset=\"https:\/\/taxiberlin24.de\/wp-content\/uploads\/2018\/12\/master_visa_amex.png 484w, https:\/\/taxiberlin24.de\/wp-content\/uploads\/2018\/12\/master_visa_amex-300x31.png 300w\" sizes=\"(max-width: 484px) 100vw, 484px\" \/>\t\t\t\t\t\t\t\t\t\t\t\t\t\t\t<\/div>\n\t\t\t\t<\/div>\n\t\t\t\t\t<\/div>\n\t\t<\/div>\n\t\t\t\t\t<\/div>\n\t\t<\/section>\n\t\t\t\t<section class=\"elementor-section elementor-top-section elementor-element elementor-element-efe1537 elementor-section-content-top elementor-section-boxed elementor-section-height-default elementor-section-height-default\" data-id=\"efe1537\" data-element_type=\"section\" data-settings=\"{&quot;background_background&quot;:&quot;classic&quot;,&quot;shape_divider_top&quot;:&quot;tilt&quot;,&quot;shape_divider_bottom&quot;:&quot;tilt&quot;}\">\n\t\t\t\t\t\t\t<div class=\"elementor-background-overlay\"><\/div>\n\t\t\t\t\t\t<div class=\"elementor-shape elementor-shape-top\" aria-hidden=\"true\" data-negative=\"false\">\n\t\t\t<svg xmlns=\"http:\/\/www.w3.org\/2000\/svg\" viewBox=\"0 0 1000 100\" preserveAspectRatio=\"none\">\n\t<path class=\"elementor-shape-fill\" d=\"M0,6V0h1000v100L0,6z\"\/>\n<\/svg>\t\t<\/div>\n\t\t\t\t<div class=\"elementor-shape elementor-shape-bottom\" aria-hidden=\"true\" data-negative=\"false\">\n\t\t\t<svg xmlns=\"http:\/\/www.w3.org\/2000\/svg\" viewBox=\"0 0 1000 100\" preserveAspectRatio=\"none\">\n\t<path class=\"elementor-shape-fill\" d=\"M0,6V0h1000v100L0,6z\"\/>\n<\/svg>\t\t<\/div>\n\t\t\t\t\t<div class=\"elementor-container elementor-column-gap-default\">\n\t\t\t\t\t<div class=\"elementor-column elementor-col-100 elementor-top-column elementor-element elementor-element-feb3c70\" data-id=\"feb3c70\" data-element_type=\"column\" data-settings=\"{&quot;background_background&quot;:&quot;classic&quot;}\">\n\t\t\t<div class=\"elementor-widget-wrap elementor-element-populated\">\n\t\t\t\t\t\t<div class=\"elementor-element elementor-element-d83d151 elementor-widget elementor-widget-heading\" data-id=\"d83d151\" data-element_type=\"widget\" data-widget_type=\"heading.default\">\n\t\t\t\t<div class=\"elementor-widget-container\">\n\t\t\t\t\t<h3 class=\"elementor-heading-title elementor-size-default\">Partenaire<\/h3>\t\t\t\t<\/div>\n\t\t\t\t<\/div>\n\t\t\t\t<section class=\"elementor-section elementor-inner-section elementor-element elementor-element-022455a elementor-section-boxed elementor-section-height-default elementor-section-height-default\" data-id=\"022455a\" data-element_type=\"section\">\n\t\t\t\t\t\t<div class=\"elementor-container elementor-column-gap-default\">\n\t\t\t\t\t<div class=\"elementor-column elementor-col-25 elementor-inner-column elementor-element elementor-element-325fd03\" data-id=\"325fd03\" data-element_type=\"column\">\n\t\t\t<div class=\"elementor-widget-wrap elementor-element-populated\">\n\t\t\t\t\t\t<div class=\"elementor-element elementor-element-ce3bd7a elementor-widget elementor-widget-image\" data-id=\"ce3bd7a\" data-element_type=\"widget\" data-widget_type=\"image.default\">\n\t\t\t\t<div class=\"elementor-widget-container\">\n\t\t\t\t\t\t\t\t\t\t\t\t\t\t\t\t<a href=\"https:\/\/reisekontor-berlin.de\" target=\"_blank\">\n\t\t\t\t\t\t\t<img decoding=\"async\" src=\"https:\/\/taxiberlin24.de\/wp-content\/uploads\/elementor\/thumbs\/reisekontor-loehl-logo-po1e4iwuhtfkrb8idl51cgwz7rfn34k2qsstlep6o0.png\" title=\"reisekontor-loehl-logo\" alt=\"reisekontor-loehl-logo\" loading=\"lazy\" \/>\t\t\t\t\t\t\t\t<\/a>\n\t\t\t\t\t\t\t\t\t\t\t\t\t\t\t<\/div>\n\t\t\t\t<\/div>\n\t\t\t\t\t<\/div>\n\t\t<\/div>\n\t\t\t\t<div class=\"elementor-column elementor-col-25 elementor-inner-column elementor-element elementor-element-20fd262\" data-id=\"20fd262\" data-element_type=\"column\">\n\t\t\t<div class=\"elementor-widget-wrap elementor-element-populated\">\n\t\t\t\t\t\t<div class=\"elementor-element elementor-element-285ed22 elementor-widget elementor-widget-image\" data-id=\"285ed22\" data-element_type=\"widget\" data-widget_type=\"image.default\">\n\t\t\t\t<div class=\"elementor-widget-container\">\n\t\t\t\t\t\t\t\t\t\t\t\t\t\t\t\t<a href=\"https:\/\/www.taxiinnung.org\/\" target=\"_blank\">\n\t\t\t\t\t\t\t<img decoding=\"async\" src=\"https:\/\/taxiberlin24.de\/wp-content\/uploads\/elementor\/thumbs\/LOGO_INNUNG-frst-o8dnndtkeomiahl4e8ccpqi4hq93kbu30de7kf3t2g.jpg\" title=\"LOGO_INNUNG frst\" alt=\"LOGO_INNUNG frst\" loading=\"lazy\" \/>\t\t\t\t\t\t\t\t<\/a>\n\t\t\t\t\t\t\t\t\t\t\t\t\t\t\t<\/div>\n\t\t\t\t<\/div>\n\t\t\t\t\t<\/div>\n\t\t<\/div>\n\t\t\t\t<div class=\"elementor-column elementor-col-25 elementor-inner-column elementor-element elementor-element-c459304\" data-id=\"c459304\" data-element_type=\"column\">\n\t\t\t<div class=\"elementor-widget-wrap elementor-element-populated\">\n\t\t\t\t\t\t<div class=\"elementor-element elementor-element-a535ad7 elementor-widget elementor-widget-image\" data-id=\"a535ad7\" data-element_type=\"widget\" data-widget_type=\"image.default\">\n\t\t\t\t<div class=\"elementor-widget-container\">\n\t\t\t\t\t\t\t\t\t\t\t\t\t\t\t\t<a href=\"https:\/\/www.thomastaxi.de\" target=\"_blank\">\n\t\t\t\t\t\t\t<img decoding=\"async\" src=\"https:\/\/taxiberlin24.de\/wp-content\/uploads\/elementor\/thumbs\/thomastaxi-o91x4pve83owp2auszm01362gzyn5dvdymwz3cqui6.png\" title=\"thomastaxi\" alt=\"thomastaxi\" loading=\"lazy\" \/>\t\t\t\t\t\t\t\t<\/a>\n\t\t\t\t\t\t\t\t\t\t\t\t\t\t\t<\/div>\n\t\t\t\t<\/div>\n\t\t\t\t\t<\/div>\n\t\t<\/div>\n\t\t\t\t<div class=\"elementor-column elementor-col-25 elementor-inner-column elementor-element elementor-element-f6b9f96\" data-id=\"f6b9f96\" data-element_type=\"column\">\n\t\t\t<div class=\"elementor-widget-wrap\">\n\t\t\t\t\t\t\t<\/div>\n\t\t<\/div>\n\t\t\t\t\t<\/div>\n\t\t<\/section>\n\t\t\t\t\t<\/div>\n\t\t<\/div>\n\t\t\t\t\t<\/div>\n\t\t<\/section>\n\t\t\t\t<\/div>\n\t\t","protected":false},"excerpt":{"rendered":"<p>Votre taxi \u00e0 Berlin, le service sp\u00e9cial TaxiBerlin24.de &#8211; votre partenaire pour des services de taxi de premi\u00e8re classe Bienvenue chez TaxiBerlin24.de, votre adresse fiable pour des trajets confortables et fiables \u00e0 Berlin et au-del\u00e0. Notre service est bas\u00e9 sur un r\u00e9seau d&rsquo;entrepreneurs de taxi ind\u00e9pendants qui conduisent seuls et qui s&rsquo;engagent \u00e0 rendre votre [&hellip;]<\/p>\n","protected":false},"author":1,"featured_media":0,"parent":0,"menu_order":0,"comment_status":"closed","ping_status":"closed","template":"elementor_header_footer","meta":{"ocean_post_layout":"","ocean_both_sidebars_style":"","ocean_both_sidebars_content_width":0,"ocean_both_sidebars_sidebars_width":0,"ocean_sidebar":"0","ocean_second_sidebar":"0","ocean_disable_margins":"on","ocean_add_body_class":"","ocean_shortcode_before_top_bar":"","ocean_shortcode_after_top_bar":"","ocean_shortcode_before_header":"","ocean_shortcode_after_header":"","ocean_has_shortcode":"","ocean_shortcode_after_title":"","ocean_shortcode_before_footer_widgets":"","ocean_shortcode_after_footer_widgets":"","ocean_shortcode_before_footer_bottom":"","ocean_shortcode_after_footer_bottom":"","ocean_display_top_bar":"default","ocean_display_header":"default","ocean_header_style":"","ocean_center_header_left_menu":"0","ocean_custom_header_template":"0","ocean_custom_logo":0,"ocean_custom_retina_logo":0,"ocean_custom_logo_max_width":0,"ocean_custom_logo_tablet_max_width":0,"ocean_custom_logo_mobile_max_width":0,"ocean_custom_logo_max_height":0,"ocean_custom_logo_tablet_max_height":0,"ocean_custom_logo_mobile_max_height":0,"ocean_header_custom_menu":"0","ocean_menu_typo_font_family":"0","ocean_menu_typo_font_subset":"","ocean_menu_typo_font_size":0,"ocean_menu_typo_font_size_tablet":0,"ocean_menu_typo_font_size_mobile":0,"ocean_menu_typo_font_size_unit":"px","ocean_menu_typo_font_weight":"","ocean_menu_typo_font_weight_tablet":"","ocean_menu_typo_font_weight_mobile":"","ocean_menu_typo_transform":"","ocean_menu_typo_transform_tablet":"","ocean_menu_typo_transform_mobile":"","ocean_menu_typo_line_height":0,"ocean_menu_typo_line_height_tablet":0,"ocean_menu_typo_line_height_mobile":0,"ocean_menu_typo_line_height_unit":"","ocean_menu_typo_spacing":0,"ocean_menu_typo_spacing_tablet":0,"ocean_menu_typo_spacing_mobile":0,"ocean_menu_typo_spacing_unit":"","ocean_menu_link_color":"","ocean_menu_link_color_hover":"","ocean_menu_link_color_active":"","ocean_menu_link_background":"","ocean_menu_link_hover_background":"","ocean_menu_link_active_background":"","ocean_menu_social_links_bg":"","ocean_menu_social_hover_links_bg":"","ocean_menu_social_links_color":"","ocean_menu_social_hover_links_color":"","ocean_disable_title":"on","ocean_disable_heading":"default","ocean_post_title":"","ocean_post_subheading":"","ocean_post_title_style":"","ocean_post_title_background_color":"","ocean_post_title_background":0,"ocean_post_title_bg_image_position":"","ocean_post_title_bg_image_attachment":"","ocean_post_title_bg_image_repeat":"","ocean_post_title_bg_image_size":"","ocean_post_title_height":0,"ocean_post_title_bg_overlay":0.5,"ocean_post_title_bg_overlay_color":"","ocean_disable_breadcrumbs":"default","ocean_breadcrumbs_color":"","ocean_breadcrumbs_separator_color":"","ocean_breadcrumbs_links_color":"","ocean_breadcrumbs_links_hover_color":"","ocean_display_footer_widgets":"default","ocean_display_footer_bottom":"default","ocean_custom_footer_template":"0","footnotes":""},"class_list":["post-447","page","type-page","status-publish","hentry","entry"],"yoast_head":"<!-- This site is optimized with the Yoast SEO plugin v26.5 - https:\/\/yoast.com\/wordpress\/plugins\/seo\/ -->\n<title>Taxi \u00e0 Berlin - Taxi Berlin 24<\/title>\n<meta name=\"robots\" content=\"index, follow, max-snippet:-1, max-image-preview:large, max-video-preview:-1\" \/>\n<link rel=\"canonical\" href=\"https:\/\/taxiberlin24.de\/fr\/\" \/>\n<meta property=\"og:locale\" content=\"fr_FR\" \/>\n<meta property=\"og:type\" content=\"article\" \/>\n<meta property=\"og:title\" content=\"Taxi \u00e0 Berlin - Taxi Berlin 24\" \/>\n<meta property=\"og:description\" content=\"Votre taxi \u00e0 Berlin, le service sp\u00e9cial TaxiBerlin24.de &#8211; votre partenaire pour des services de taxi de premi\u00e8re classe Bienvenue chez TaxiBerlin24.de, votre adresse fiable pour des trajets confortables et fiables \u00e0 Berlin et au-del\u00e0. Notre service est bas\u00e9 sur un r\u00e9seau d&rsquo;entrepreneurs de taxi ind\u00e9pendants qui conduisent seuls et qui s&rsquo;engagent \u00e0 rendre votre [&hellip;]\" \/>\n<meta property=\"og:url\" content=\"https:\/\/taxiberlin24.de\/fr\/\" \/>\n<meta property=\"og:site_name\" content=\"Taxi Berlin 24\" \/>\n<meta property=\"article:modified_time\" content=\"2025-12-11T06:11:03+00:00\" \/>\n<meta property=\"og:image\" content=\"https:\/\/taxiberlin24.de\/wp-content\/uploads\/2018\/12\/master_visa_amex.png\" \/>\n\t<meta property=\"og:image:width\" content=\"484\" \/>\n\t<meta property=\"og:image:height\" content=\"50\" \/>\n\t<meta property=\"og:image:type\" content=\"image\/png\" \/>\n<meta name=\"twitter:card\" content=\"summary_large_image\" \/>\n<meta name=\"twitter:label1\" content=\"Dur\u00e9e de lecture estim\u00e9e\" \/>\n\t<meta name=\"twitter:data1\" content=\"3 minutes\" \/>\n<script type=\"application\/ld+json\" class=\"yoast-schema-graph\">{\"@context\":\"https:\/\/schema.org\",\"@graph\":[{\"@type\":\"WebPage\",\"@id\":\"https:\/\/taxiberlin24.de\/fr\/\",\"url\":\"https:\/\/taxiberlin24.de\/fr\/\",\"name\":\"Taxi \u00e0 Berlin - Taxi Berlin 24\",\"isPartOf\":{\"@id\":\"https:\/\/taxiberlin24.de\/fr\/#website\"},\"primaryImageOfPage\":{\"@id\":\"https:\/\/taxiberlin24.de\/fr\/#primaryimage\"},\"image\":{\"@id\":\"https:\/\/taxiberlin24.de\/fr\/#primaryimage\"},\"thumbnailUrl\":\"https:\/\/taxiberlin24.de\/wp-content\/uploads\/2018\/12\/master_visa_amex.png\",\"datePublished\":\"2019-01-20T07:09:48+00:00\",\"dateModified\":\"2025-12-11T06:11:03+00:00\",\"breadcrumb\":{\"@id\":\"https:\/\/taxiberlin24.de\/fr\/#breadcrumb\"},\"inLanguage\":\"fr-FR\",\"potentialAction\":[{\"@type\":\"ReadAction\",\"target\":[\"https:\/\/taxiberlin24.de\/fr\/\"]}]},{\"@type\":\"ImageObject\",\"inLanguage\":\"fr-FR\",\"@id\":\"https:\/\/taxiberlin24.de\/fr\/#primaryimage\",\"url\":\"https:\/\/taxiberlin24.de\/wp-content\/uploads\/2018\/12\/master_visa_amex.png\",\"contentUrl\":\"https:\/\/taxiberlin24.de\/wp-content\/uploads\/2018\/12\/master_visa_amex.png\"},{\"@type\":\"BreadcrumbList\",\"@id\":\"https:\/\/taxiberlin24.de\/fr\/#breadcrumb\",\"itemListElement\":[{\"@type\":\"ListItem\",\"position\":1,\"name\":\"Home\",\"item\":\"https:\/\/taxiberlin24.de\/fr\/\"},{\"@type\":\"ListItem\",\"position\":2,\"name\":\"Taxi \u00e0 Berlin\"}]},{\"@type\":\"WebSite\",\"@id\":\"https:\/\/taxiberlin24.de\/fr\/#website\",\"url\":\"https:\/\/taxiberlin24.de\/fr\/\",\"name\":\"Taxi 24 Berlin\",\"description\":\"\",\"publisher\":{\"@id\":\"https:\/\/taxiberlin24.de\/fr\/#organization\"},\"potentialAction\":[{\"@type\":\"SearchAction\",\"target\":{\"@type\":\"EntryPoint\",\"urlTemplate\":\"https:\/\/taxiberlin24.de\/fr\/?s={search_term_string}\"},\"query-input\":{\"@type\":\"PropertyValueSpecification\",\"valueRequired\":true,\"valueName\":\"search_term_string\"}}],\"inLanguage\":\"fr-FR\"},{\"@type\":\"Organization\",\"@id\":\"https:\/\/taxiberlin24.de\/fr\/#organization\",\"name\":\"Taxi Berlin 24\",\"url\":\"https:\/\/taxiberlin24.de\/fr\/\",\"logo\":{\"@type\":\"ImageObject\",\"inLanguage\":\"fr-FR\",\"@id\":\"https:\/\/taxiberlin24.de\/fr\/#\/schema\/logo\/image\/\",\"url\":\"https:\/\/taxiberlin24.de\/wp-content\/uploads\/2018\/12\/taxiberlin24-logo-rot2-Kopie.png\",\"contentUrl\":\"https:\/\/taxiberlin24.de\/wp-content\/uploads\/2018\/12\/taxiberlin24-logo-rot2-Kopie.png\",\"width\":700,\"height\":208,\"caption\":\"Taxi Berlin 24\"},\"image\":{\"@id\":\"https:\/\/taxiberlin24.de\/fr\/#\/schema\/logo\/image\/\"}}]}<\/script>\n<!-- \/ Yoast SEO plugin. -->","yoast_head_json":{"title":"Taxi \u00e0 Berlin - Taxi Berlin 24","robots":{"index":"index","follow":"follow","max-snippet":"max-snippet:-1","max-image-preview":"max-image-preview:large","max-video-preview":"max-video-preview:-1"},"canonical":"https:\/\/taxiberlin24.de\/fr\/","og_locale":"fr_FR","og_type":"article","og_title":"Taxi \u00e0 Berlin - Taxi Berlin 24","og_description":"Votre taxi \u00e0 Berlin, le service sp\u00e9cial TaxiBerlin24.de &#8211; votre partenaire pour des services de taxi de premi\u00e8re classe Bienvenue chez TaxiBerlin24.de, votre adresse fiable pour des trajets confortables et fiables \u00e0 Berlin et au-del\u00e0. Notre service est bas\u00e9 sur un r\u00e9seau d&rsquo;entrepreneurs de taxi ind\u00e9pendants qui conduisent seuls et qui s&rsquo;engagent \u00e0 rendre votre [&hellip;]","og_url":"https:\/\/taxiberlin24.de\/fr\/","og_site_name":"Taxi Berlin 24","article_modified_time":"2025-12-11T06:11:03+00:00","og_image":[{"width":484,"height":50,"url":"https:\/\/taxiberlin24.de\/wp-content\/uploads\/2018\/12\/master_visa_amex.png","type":"image\/png"}],"twitter_card":"summary_large_image","twitter_misc":{"Dur\u00e9e de lecture estim\u00e9e":"3 minutes"},"schema":{"@context":"https:\/\/schema.org","@graph":[{"@type":"WebPage","@id":"https:\/\/taxiberlin24.de\/fr\/","url":"https:\/\/taxiberlin24.de\/fr\/","name":"Taxi \u00e0 Berlin - Taxi Berlin 24","isPartOf":{"@id":"https:\/\/taxiberlin24.de\/fr\/#website"},"primaryImageOfPage":{"@id":"https:\/\/taxiberlin24.de\/fr\/#primaryimage"},"image":{"@id":"https:\/\/taxiberlin24.de\/fr\/#primaryimage"},"thumbnailUrl":"https:\/\/taxiberlin24.de\/wp-content\/uploads\/2018\/12\/master_visa_amex.png","datePublished":"2019-01-20T07:09:48+00:00","dateModified":"2025-12-11T06:11:03+00:00","breadcrumb":{"@id":"https:\/\/taxiberlin24.de\/fr\/#breadcrumb"},"inLanguage":"fr-FR","potentialAction":[{"@type":"ReadAction","target":["https:\/\/taxiberlin24.de\/fr\/"]}]},{"@type":"ImageObject","inLanguage":"fr-FR","@id":"https:\/\/taxiberlin24.de\/fr\/#primaryimage","url":"https:\/\/taxiberlin24.de\/wp-content\/uploads\/2018\/12\/master_visa_amex.png","contentUrl":"https:\/\/taxiberlin24.de\/wp-content\/uploads\/2018\/12\/master_visa_amex.png"},{"@type":"BreadcrumbList","@id":"https:\/\/taxiberlin24.de\/fr\/#breadcrumb","itemListElement":[{"@type":"ListItem","position":1,"name":"Home","item":"https:\/\/taxiberlin24.de\/fr\/"},{"@type":"ListItem","position":2,"name":"Taxi \u00e0 Berlin"}]},{"@type":"WebSite","@id":"https:\/\/taxiberlin24.de\/fr\/#website","url":"https:\/\/taxiberlin24.de\/fr\/","name":"Taxi 24 Berlin","description":"","publisher":{"@id":"https:\/\/taxiberlin24.de\/fr\/#organization"},"potentialAction":[{"@type":"SearchAction","target":{"@type":"EntryPoint","urlTemplate":"https:\/\/taxiberlin24.de\/fr\/?s={search_term_string}"},"query-input":{"@type":"PropertyValueSpecification","valueRequired":true,"valueName":"search_term_string"}}],"inLanguage":"fr-FR"},{"@type":"Organization","@id":"https:\/\/taxiberlin24.de\/fr\/#organization","name":"Taxi Berlin 24","url":"https:\/\/taxiberlin24.de\/fr\/","logo":{"@type":"ImageObject","inLanguage":"fr-FR","@id":"https:\/\/taxiberlin24.de\/fr\/#\/schema\/logo\/image\/","url":"https:\/\/taxiberlin24.de\/wp-content\/uploads\/2018\/12\/taxiberlin24-logo-rot2-Kopie.png","contentUrl":"https:\/\/taxiberlin24.de\/wp-content\/uploads\/2018\/12\/taxiberlin24-logo-rot2-Kopie.png","width":700,"height":208,"caption":"Taxi Berlin 24"},"image":{"@id":"https:\/\/taxiberlin24.de\/fr\/#\/schema\/logo\/image\/"}}]}},"_links":{"self":[{"href":"https:\/\/taxiberlin24.de\/fr\/wp-json\/wp\/v2\/pages\/447","targetHints":{"allow":["GET"]}}],"collection":[{"href":"https:\/\/taxiberlin24.de\/fr\/wp-json\/wp\/v2\/pages"}],"about":[{"href":"https:\/\/taxiberlin24.de\/fr\/wp-json\/wp\/v2\/types\/page"}],"author":[{"embeddable":true,"href":"https:\/\/taxiberlin24.de\/fr\/wp-json\/wp\/v2\/users\/1"}],"replies":[{"embeddable":true,"href":"https:\/\/taxiberlin24.de\/fr\/wp-json\/wp\/v2\/comments?post=447"}],"version-history":[{"count":47,"href":"https:\/\/taxiberlin24.de\/fr\/wp-json\/wp\/v2\/pages\/447\/revisions"}],"predecessor-version":[{"id":1369,"href":"https:\/\/taxiberlin24.de\/fr\/wp-json\/wp\/v2\/pages\/447\/revisions\/1369"}],"wp:attachment":[{"href":"https:\/\/taxiberlin24.de\/fr\/wp-json\/wp\/v2\/media?parent=447"}],"curies":[{"name":"wp","href":"https:\/\/api.w.org\/{rel}","templated":true}]}}