{"id":486,"date":"2019-01-22T20:01:52","date_gmt":"2019-01-22T19:01:52","guid":{"rendered":"https:\/\/taxiberlin24.de\/mentions-legales\/"},"modified":"2025-08-18T08:06:50","modified_gmt":"2025-08-18T06:06:50","slug":"mentions-legales","status":"publish","type":"page","link":"https:\/\/taxiberlin24.de\/fr\/mentions-legales\/","title":{"rendered":"Mentions l\u00e9gales"},"content":{"rendered":"\t\t<div data-elementor-type=\"wp-post\" data-elementor-id=\"486\" class=\"elementor elementor-486 elementor-289\" data-elementor-post-type=\"page\">\n\t\t\t\t\t\t<section class=\"elementor-section elementor-top-section elementor-element elementor-element-e83e8af elementor-section-boxed elementor-section-height-default elementor-section-height-default\" data-id=\"e83e8af\" data-element_type=\"section\">\n\t\t\t\t\t\t<div class=\"elementor-container elementor-column-gap-default\">\n\t\t\t\t\t<div class=\"elementor-column elementor-col-100 elementor-top-column elementor-element elementor-element-e859678\" data-id=\"e859678\" data-element_type=\"column\">\n\t\t\t<div class=\"elementor-widget-wrap elementor-element-populated\">\n\t\t\t\t\t\t<div class=\"elementor-element elementor-element-5e2332b elementor-widget elementor-widget-text-editor\" data-id=\"5e2332b\" data-element_type=\"widget\" data-widget_type=\"text-editor.default\">\n\t\t\t\t<div class=\"elementor-widget-container\">\n\t\t\t\t\t\t\t\t\t<p><span style=\"font-family: helvetica, arial, sans-serif;\">Michael Sagawe<\/span><br \/>\n<span style=\"font-family: helvetica, arial, sans-serif;\">Taxi Berlin24<\/span><br \/>\n<span style=\"font-family: helvetica, arial, sans-serif;\">Carola-Neher-Str. 66<\/span><br \/>\n<span style=\"font-family: helvetica, arial, sans-serif;\">12619 Berlin<\/span><\/p>\n<p>Contact :<br \/>\nT\u00e9l\u00e9phone : +49 (0)163 7173833<br \/>\nE-mail : post@taxiberlin24.de<\/p>\n<p>TVA :<br \/>\nNum\u00e9ro d&rsquo;identification de la TVA conform\u00e9ment au \u00a727 a de la loi sur la TVA :<br \/>\nDE167072151<\/p>\n<p>&nbsp;<\/p>\n<p>Responsabilit\u00e9 pour les contenus<br \/>\nEn tant que prestataire de services, nous sommes responsables, conform\u00e9ment au \u00a7 7 alin\u00e9a 1 de la loi allemande sur les m\u00e9dias \u00e9lectroniques (TMG), de nos propres contenus sur ces pages selon les lois g\u00e9n\u00e9rales. Selon les \u00a7\u00a7 8 \u00e0 10 de la TMG, nous ne sommes toutefois pas tenus, en tant que prestataire de services, de surveiller les informations externes transmises ou enregistr\u00e9es ou de rechercher les circonstances qui indiquent une activit\u00e9 ill\u00e9gale.<\/p>\n<p>Les obligations de supprimer ou de bloquer l&rsquo;utilisation d&rsquo;informations conform\u00e9ment aux lois g\u00e9n\u00e9rales ne sont pas affect\u00e9es par cette disposition. Une responsabilit\u00e9 \u00e0 cet \u00e9gard n&rsquo;est toutefois possible qu&rsquo;\u00e0 partir du moment o\u00f9 une violation concr\u00e8te de la loi est connue. D\u00e8s la prise de connaissance d&rsquo;une telle violation, nous supprimerons imm\u00e9diatement les contenus concern\u00e9s.<\/p>\n<p>Traduit avec DeepL.com (version gratuite)<\/p>\n<p><span style=\"font-family: helvetica, arial, sans-serif;\">Responsabilit\u00e9 pour les liens<\/span><br \/>\n<span style=\"font-family: helvetica, arial, sans-serif;\">Notre offre contient des liens vers des sites Internet externes de tiers sur les contenus desquels nous n&rsquo;avons aucune influence. C&rsquo;est pourquoi nous d\u00e9clinons toute responsabilit\u00e9 pour ces contenus externes. Le fournisseur ou l&rsquo;exploitant respectif des pages est toujours responsable du contenu des pages li\u00e9es. Au moment de l&rsquo;\u00e9tablissement du lien, les pages li\u00e9es ont \u00e9t\u00e9 contr\u00f4l\u00e9es quant \u00e0 d&rsquo;\u00e9ventuelles violations de la loi. Les contenus ill\u00e9gaux n&rsquo;\u00e9taient pas reconnaissables au moment de la cr\u00e9ation des liens.<\/span><\/p>\n<p><span style=\"font-family: helvetica, arial, sans-serif;\">Toutefois, un contr\u00f4le permanent du contenu des pages li\u00e9es n&rsquo;est pas raisonnable sans preuve concr\u00e8te d&rsquo;une violation de la loi. Nous supprimerons ces liens d\u00e8s que nous aurons connaissance d&rsquo;une violation de la loi.<\/span><\/p>\n<p><span style=\"font-family: helvetica, arial, sans-serif;\">copyright<\/span><br \/>\n<span style=\"font-family: helvetica, arial, sans-serif;\">Le contenu et les \u0153uvres de ces pages cr\u00e9\u00e9es par les exploitants du site sont soumis au droit d&rsquo;auteur allemand. La reproduction, le traitement, la distribution et toute forme de commercialisation de ce mat\u00e9riel en dehors du champ d&rsquo;application de la loi sur le droit d&rsquo;auteur n\u00e9cessitent l&rsquo;autorisation \u00e9crite pr\u00e9alable de son auteur ou cr\u00e9ateur respectif. Le t\u00e9l\u00e9chargement et la copie de ces pages ne sont autoris\u00e9s que pour un usage priv\u00e9 et non commercial.<\/span><\/p>\n<p><span style=\"font-family: helvetica, arial, sans-serif;\">Dans la mesure o\u00f9 le contenu de ce site n&rsquo;a pas \u00e9t\u00e9 cr\u00e9\u00e9 par l&rsquo;exploitant, les droits d&rsquo;auteur de tiers sont respect\u00e9s. En particulier, les contenus de tiers sont marqu\u00e9s comme tels. Si vous avez n\u00e9anmoins connaissance d&rsquo;une violation du droit d&rsquo;auteur, veuillez nous en informer. D\u00e8s que nous aurons connaissance d&rsquo;infractions \u00e0 la loi, nous supprimerons imm\u00e9diatement ces contenus.<\/span><\/p>\n<p>&nbsp;<\/p>\n\t\t\t\t\t\t\t\t<\/div>\n\t\t\t\t<\/div>\n\t\t\t\t\t<\/div>\n\t\t<\/div>\n\t\t\t\t\t<\/div>\n\t\t<\/section>\n\t\t\t\t<\/div>\n\t\t","protected":false},"excerpt":{"rendered":"<p>Michael Sagawe Taxi Berlin24 Carola-Neher-Str. 66 12619 Berlin Contact : T\u00e9l\u00e9phone : +49 (0)163 7173833 E-mail : post@taxiberlin24.de TVA : Num\u00e9ro d&rsquo;identification de la TVA conform\u00e9ment au \u00a727 a de la loi sur la TVA : DE167072151 &nbsp; Responsabilit\u00e9 pour les contenus En tant que prestataire de services, nous sommes responsables, conform\u00e9ment au \u00a7 7 [&hellip;]<\/p>\n","protected":false},"author":1,"featured_media":0,"parent":0,"menu_order":0,"comment_status":"closed","ping_status":"closed","template":"elementor_header_footer","meta":{"ocean_post_layout":"","ocean_both_sidebars_style":"","ocean_both_sidebars_content_width":0,"ocean_both_sidebars_sidebars_width":0,"ocean_sidebar":"0","ocean_second_sidebar":"0","ocean_disable_margins":"enable","ocean_add_body_class":"","ocean_shortcode_before_top_bar":"","ocean_shortcode_after_top_bar":"","ocean_shortcode_before_header":"","ocean_shortcode_after_header":"","ocean_has_shortcode":"","ocean_shortcode_after_title":"","ocean_shortcode_before_footer_widgets":"","ocean_shortcode_after_footer_widgets":"","ocean_shortcode_before_footer_bottom":"","ocean_shortcode_after_footer_bottom":"","ocean_display_top_bar":"default","ocean_display_header":"default","ocean_header_style":"","ocean_center_header_left_menu":"0","ocean_custom_header_template":"0","ocean_custom_logo":0,"ocean_custom_retina_logo":0,"ocean_custom_logo_max_width":0,"ocean_custom_logo_tablet_max_width":0,"ocean_custom_logo_mobile_max_width":0,"ocean_custom_logo_max_height":0,"ocean_custom_logo_tablet_max_height":0,"ocean_custom_logo_mobile_max_height":0,"ocean_header_custom_menu":"0","ocean_menu_typo_font_family":"0","ocean_menu_typo_font_subset":"","ocean_menu_typo_font_size":0,"ocean_menu_typo_font_size_tablet":0,"ocean_menu_typo_font_size_mobile":0,"ocean_menu_typo_font_size_unit":"px","ocean_menu_typo_font_weight":"","ocean_menu_typo_font_weight_tablet":"","ocean_menu_typo_font_weight_mobile":"","ocean_menu_typo_transform":"","ocean_menu_typo_transform_tablet":"","ocean_menu_typo_transform_mobile":"","ocean_menu_typo_line_height":0,"ocean_menu_typo_line_height_tablet":0,"ocean_menu_typo_line_height_mobile":0,"ocean_menu_typo_line_height_unit":"","ocean_menu_typo_spacing":0,"ocean_menu_typo_spacing_tablet":0,"ocean_menu_typo_spacing_mobile":0,"ocean_menu_typo_spacing_unit":"","ocean_menu_link_color":"","ocean_menu_link_color_hover":"","ocean_menu_link_color_active":"","ocean_menu_link_background":"","ocean_menu_link_hover_background":"","ocean_menu_link_active_background":"","ocean_menu_social_links_bg":"","ocean_menu_social_hover_links_bg":"","ocean_menu_social_links_color":"","ocean_menu_social_hover_links_color":"","ocean_disable_title":"default","ocean_disable_heading":"default","ocean_post_title":"","ocean_post_subheading":"","ocean_post_title_style":"","ocean_post_title_background_color":"","ocean_post_title_background":0,"ocean_post_title_bg_image_position":"","ocean_post_title_bg_image_attachment":"","ocean_post_title_bg_image_repeat":"","ocean_post_title_bg_image_size":"","ocean_post_title_height":0,"ocean_post_title_bg_overlay":0.5,"ocean_post_title_bg_overlay_color":"","ocean_disable_breadcrumbs":"default","ocean_breadcrumbs_color":"","ocean_breadcrumbs_separator_color":"","ocean_breadcrumbs_links_color":"","ocean_breadcrumbs_links_hover_color":"","ocean_display_footer_widgets":"default","ocean_display_footer_bottom":"default","ocean_custom_footer_template":"0","footnotes":""},"class_list":["post-486","page","type-page","status-publish","hentry","entry"],"yoast_head":"<!-- This site is optimized with the Yoast SEO plugin v26.5 - https:\/\/yoast.com\/wordpress\/plugins\/seo\/ -->\n<title>Mentions l\u00e9gales - Taxi Berlin 24<\/title>\n<meta name=\"robots\" content=\"index, follow, max-snippet:-1, max-image-preview:large, max-video-preview:-1\" \/>\n<link rel=\"canonical\" href=\"https:\/\/taxiberlin24.de\/fr\/mentions-legales\/\" \/>\n<meta property=\"og:locale\" content=\"fr_FR\" \/>\n<meta property=\"og:type\" content=\"article\" \/>\n<meta property=\"og:title\" content=\"Mentions l\u00e9gales - Taxi Berlin 24\" \/>\n<meta property=\"og:description\" content=\"Michael Sagawe Taxi Berlin24 Carola-Neher-Str. 66 12619 Berlin Contact : T\u00e9l\u00e9phone : +49 (0)163 7173833 E-mail : post@taxiberlin24.de TVA : Num\u00e9ro d&rsquo;identification de la TVA conform\u00e9ment au \u00a727 a de la loi sur la TVA : DE167072151 &nbsp; Responsabilit\u00e9 pour les contenus En tant que prestataire de services, nous sommes responsables, conform\u00e9ment au \u00a7 7 [&hellip;]\" \/>\n<meta property=\"og:url\" content=\"https:\/\/taxiberlin24.de\/fr\/mentions-legales\/\" \/>\n<meta property=\"og:site_name\" content=\"Taxi Berlin 24\" \/>\n<meta property=\"article:modified_time\" content=\"2025-08-18T06:06:50+00:00\" \/>\n<meta name=\"twitter:card\" content=\"summary_large_image\" \/>\n<meta name=\"twitter:label1\" content=\"Dur\u00e9e de lecture estim\u00e9e\" \/>\n\t<meta name=\"twitter:data1\" content=\"2 minutes\" \/>\n<script type=\"application\/ld+json\" class=\"yoast-schema-graph\">{\"@context\":\"https:\/\/schema.org\",\"@graph\":[{\"@type\":\"WebPage\",\"@id\":\"https:\/\/taxiberlin24.de\/fr\/mentions-legales\/\",\"url\":\"https:\/\/taxiberlin24.de\/fr\/mentions-legales\/\",\"name\":\"Mentions l\u00e9gales - Taxi Berlin 24\",\"isPartOf\":{\"@id\":\"https:\/\/taxiberlin24.de\/fr\/#website\"},\"datePublished\":\"2019-01-22T19:01:52+00:00\",\"dateModified\":\"2025-08-18T06:06:50+00:00\",\"breadcrumb\":{\"@id\":\"https:\/\/taxiberlin24.de\/fr\/mentions-legales\/#breadcrumb\"},\"inLanguage\":\"fr-FR\",\"potentialAction\":[{\"@type\":\"ReadAction\",\"target\":[\"https:\/\/taxiberlin24.de\/fr\/mentions-legales\/\"]}]},{\"@type\":\"BreadcrumbList\",\"@id\":\"https:\/\/taxiberlin24.de\/fr\/mentions-legales\/#breadcrumb\",\"itemListElement\":[{\"@type\":\"ListItem\",\"position\":1,\"name\":\"Home\",\"item\":\"https:\/\/taxiberlin24.de\/fr\/\"},{\"@type\":\"ListItem\",\"position\":2,\"name\":\"Mentions l\u00e9gales\"}]},{\"@type\":\"WebSite\",\"@id\":\"https:\/\/taxiberlin24.de\/fr\/#website\",\"url\":\"https:\/\/taxiberlin24.de\/fr\/\",\"name\":\"Taxi 24 Berlin\",\"description\":\"\",\"publisher\":{\"@id\":\"https:\/\/taxiberlin24.de\/fr\/#organization\"},\"potentialAction\":[{\"@type\":\"SearchAction\",\"target\":{\"@type\":\"EntryPoint\",\"urlTemplate\":\"https:\/\/taxiberlin24.de\/fr\/?s={search_term_string}\"},\"query-input\":{\"@type\":\"PropertyValueSpecification\",\"valueRequired\":true,\"valueName\":\"search_term_string\"}}],\"inLanguage\":\"fr-FR\"},{\"@type\":\"Organization\",\"@id\":\"https:\/\/taxiberlin24.de\/fr\/#organization\",\"name\":\"Taxi Berlin 24\",\"url\":\"https:\/\/taxiberlin24.de\/fr\/\",\"logo\":{\"@type\":\"ImageObject\",\"inLanguage\":\"fr-FR\",\"@id\":\"https:\/\/taxiberlin24.de\/fr\/#\/schema\/logo\/image\/\",\"url\":\"https:\/\/taxiberlin24.de\/wp-content\/uploads\/2018\/12\/taxiberlin24-logo-rot2-Kopie.png\",\"contentUrl\":\"https:\/\/taxiberlin24.de\/wp-content\/uploads\/2018\/12\/taxiberlin24-logo-rot2-Kopie.png\",\"width\":700,\"height\":208,\"caption\":\"Taxi Berlin 24\"},\"image\":{\"@id\":\"https:\/\/taxiberlin24.de\/fr\/#\/schema\/logo\/image\/\"}}]}<\/script>\n<!-- \/ Yoast SEO plugin. -->","yoast_head_json":{"title":"Mentions l\u00e9gales - Taxi Berlin 24","robots":{"index":"index","follow":"follow","max-snippet":"max-snippet:-1","max-image-preview":"max-image-preview:large","max-video-preview":"max-video-preview:-1"},"canonical":"https:\/\/taxiberlin24.de\/fr\/mentions-legales\/","og_locale":"fr_FR","og_type":"article","og_title":"Mentions l\u00e9gales - Taxi Berlin 24","og_description":"Michael Sagawe Taxi Berlin24 Carola-Neher-Str. 66 12619 Berlin Contact : T\u00e9l\u00e9phone : +49 (0)163 7173833 E-mail : post@taxiberlin24.de TVA : Num\u00e9ro d&rsquo;identification de la TVA conform\u00e9ment au \u00a727 a de la loi sur la TVA : DE167072151 &nbsp; Responsabilit\u00e9 pour les contenus En tant que prestataire de services, nous sommes responsables, conform\u00e9ment au \u00a7 7 [&hellip;]","og_url":"https:\/\/taxiberlin24.de\/fr\/mentions-legales\/","og_site_name":"Taxi Berlin 24","article_modified_time":"2025-08-18T06:06:50+00:00","twitter_card":"summary_large_image","twitter_misc":{"Dur\u00e9e de lecture estim\u00e9e":"2 minutes"},"schema":{"@context":"https:\/\/schema.org","@graph":[{"@type":"WebPage","@id":"https:\/\/taxiberlin24.de\/fr\/mentions-legales\/","url":"https:\/\/taxiberlin24.de\/fr\/mentions-legales\/","name":"Mentions l\u00e9gales - Taxi Berlin 24","isPartOf":{"@id":"https:\/\/taxiberlin24.de\/fr\/#website"},"datePublished":"2019-01-22T19:01:52+00:00","dateModified":"2025-08-18T06:06:50+00:00","breadcrumb":{"@id":"https:\/\/taxiberlin24.de\/fr\/mentions-legales\/#breadcrumb"},"inLanguage":"fr-FR","potentialAction":[{"@type":"ReadAction","target":["https:\/\/taxiberlin24.de\/fr\/mentions-legales\/"]}]},{"@type":"BreadcrumbList","@id":"https:\/\/taxiberlin24.de\/fr\/mentions-legales\/#breadcrumb","itemListElement":[{"@type":"ListItem","position":1,"name":"Home","item":"https:\/\/taxiberlin24.de\/fr\/"},{"@type":"ListItem","position":2,"name":"Mentions l\u00e9gales"}]},{"@type":"WebSite","@id":"https:\/\/taxiberlin24.de\/fr\/#website","url":"https:\/\/taxiberlin24.de\/fr\/","name":"Taxi 24 Berlin","description":"","publisher":{"@id":"https:\/\/taxiberlin24.de\/fr\/#organization"},"potentialAction":[{"@type":"SearchAction","target":{"@type":"EntryPoint","urlTemplate":"https:\/\/taxiberlin24.de\/fr\/?s={search_term_string}"},"query-input":{"@type":"PropertyValueSpecification","valueRequired":true,"valueName":"search_term_string"}}],"inLanguage":"fr-FR"},{"@type":"Organization","@id":"https:\/\/taxiberlin24.de\/fr\/#organization","name":"Taxi Berlin 24","url":"https:\/\/taxiberlin24.de\/fr\/","logo":{"@type":"ImageObject","inLanguage":"fr-FR","@id":"https:\/\/taxiberlin24.de\/fr\/#\/schema\/logo\/image\/","url":"https:\/\/taxiberlin24.de\/wp-content\/uploads\/2018\/12\/taxiberlin24-logo-rot2-Kopie.png","contentUrl":"https:\/\/taxiberlin24.de\/wp-content\/uploads\/2018\/12\/taxiberlin24-logo-rot2-Kopie.png","width":700,"height":208,"caption":"Taxi Berlin 24"},"image":{"@id":"https:\/\/taxiberlin24.de\/fr\/#\/schema\/logo\/image\/"}}]}},"_links":{"self":[{"href":"https:\/\/taxiberlin24.de\/fr\/wp-json\/wp\/v2\/pages\/486","targetHints":{"allow":["GET"]}}],"collection":[{"href":"https:\/\/taxiberlin24.de\/fr\/wp-json\/wp\/v2\/pages"}],"about":[{"href":"https:\/\/taxiberlin24.de\/fr\/wp-json\/wp\/v2\/types\/page"}],"author":[{"embeddable":true,"href":"https:\/\/taxiberlin24.de\/fr\/wp-json\/wp\/v2\/users\/1"}],"replies":[{"embeddable":true,"href":"https:\/\/taxiberlin24.de\/fr\/wp-json\/wp\/v2\/comments?post=486"}],"version-history":[{"count":6,"href":"https:\/\/taxiberlin24.de\/fr\/wp-json\/wp\/v2\/pages\/486\/revisions"}],"predecessor-version":[{"id":1351,"href":"https:\/\/taxiberlin24.de\/fr\/wp-json\/wp\/v2\/pages\/486\/revisions\/1351"}],"wp:attachment":[{"href":"https:\/\/taxiberlin24.de\/fr\/wp-json\/wp\/v2\/media?parent=486"}],"curies":[{"name":"wp","href":"https:\/\/api.w.org\/{rel}","templated":true}]}}