{"id":622,"date":"2019-03-09T11:20:20","date_gmt":"2019-03-09T10:20:20","guid":{"rendered":"https:\/\/taxiberlin24.de\/accueil-a-la-maison-hotel\/"},"modified":"2024-10-20T08:06:15","modified_gmt":"2024-10-20T06:06:15","slug":"accueil-a-la-maison-hotel","status":"publish","type":"page","link":"https:\/\/taxiberlin24.de\/fr\/accueil-a-la-maison-hotel\/","title":{"rendered":"Accueil \u00e0 la maison \/ h\u00f4tel"},"content":{"rendered":"\t\t<div data-elementor-type=\"wp-post\" data-elementor-id=\"622\" class=\"elementor elementor-622 elementor-600\" data-elementor-post-type=\"page\">\n\t\t\t\t\t\t<section class=\"elementor-section elementor-top-section elementor-element elementor-element-3ac5d94 elementor-section-boxed elementor-section-height-default elementor-section-height-default\" data-id=\"3ac5d94\" data-element_type=\"section\">\n\t\t\t\t\t\t<div class=\"elementor-container elementor-column-gap-default\">\n\t\t\t\t\t<div class=\"elementor-column elementor-col-100 elementor-top-column elementor-element elementor-element-f21a16a\" data-id=\"f21a16a\" data-element_type=\"column\">\n\t\t\t<div class=\"elementor-widget-wrap elementor-element-populated\">\n\t\t\t\t\t\t<div class=\"elementor-element elementor-element-f5548a7 elementor-widget elementor-widget-heading\" data-id=\"f5548a7\" data-element_type=\"widget\" data-widget_type=\"heading.default\">\n\t\t\t\t<div class=\"elementor-widget-container\">\n\t\t\t\t\t<h2 class=\"elementor-heading-title elementor-size-default\">Les demandes de renseignements \u00e0 court terme doivent \u00eatre faites par t\u00e9l\u00e9phone. Demandes \u00e9crites \u00e0 partir du lendemain 0:00.<\/h2>\t\t\t\t<\/div>\n\t\t\t\t<\/div>\n\t\t\t\t\t<\/div>\n\t\t<\/div>\n\t\t\t\t\t<\/div>\n\t\t<\/section>\n\t\t\t\t<section class=\"elementor-section elementor-top-section elementor-element elementor-element-30ba071 elementor-section-boxed elementor-section-height-default elementor-section-height-default\" data-id=\"30ba071\" data-element_type=\"section\">\n\t\t\t\t\t\t<div class=\"elementor-container elementor-column-gap-default\">\n\t\t\t\t\t<div class=\"elementor-column elementor-col-100 elementor-top-column elementor-element elementor-element-9a0925e\" data-id=\"9a0925e\" data-element_type=\"column\">\n\t\t\t<div class=\"elementor-widget-wrap elementor-element-populated\">\n\t\t\t\t\t\t<div class=\"elementor-element elementor-element-8830a24 elementor-button-align-stretch elementor-widget elementor-widget-form\" data-id=\"8830a24\" data-element_type=\"widget\" data-settings=\"{&quot;step_next_label&quot;:&quot;N\\u00e4chster&quot;,&quot;step_previous_label&quot;:&quot;Voriger&quot;,&quot;button_width&quot;:&quot;100&quot;,&quot;step_type&quot;:&quot;number_text&quot;,&quot;step_icon_shape&quot;:&quot;circle&quot;}\" data-widget_type=\"form.default\">\n\t\t\t\t<div class=\"elementor-widget-container\">\n\t\t\t\t\t\t\t<form class=\"elementor-form\" method=\"post\" name=\"Nouveau formulaire\" aria-label=\"Nouveau formulaire\">\n\t\t\t<input type=\"hidden\" name=\"post_id\" value=\"622\"\/>\n\t\t\t<input type=\"hidden\" name=\"form_id\" value=\"8830a24\"\/>\n\t\t\t<input type=\"hidden\" name=\"referer_title\" value=\"Taxi Berlin 24\" \/>\n\n\t\t\t\n\t\t\t<div class=\"elementor-form-fields-wrapper elementor-labels-above\">\n\t\t\t\t\t\t\t\t<div class=\"elementor-field-type-html elementor-field-group elementor-column elementor-field-group-field_1 elementor-col-100\">\n\t\t\t\t\t<span style=\"font-family: helvetica, arial, sans-serif;\"><strong>Adresse d'enl\u00e8vement<\/strong><\/span>\r\n<div><\/div>\t\t\t\t<\/div>\n\t\t\t\t\t\t\t\t<div class=\"elementor-field-type-date elementor-field-group elementor-column elementor-field-group-datum elementor-col-100 elementor-field-required elementor-mark-required\">\n\t\t\t\t\t\t\t\t\t\t\t\t<label for=\"form-field-datum\" class=\"elementor-field-label\">\n\t\t\t\t\t\t\t\tsortir avec\t\t\t\t\t\t\t<\/label>\n\t\t\t\t\t\t\n\t\t<input type=\"date\" name=\"form_fields[datum]\" id=\"form-field-datum\" class=\"elementor-field elementor-size-sm  elementor-field-textual elementor-date-field\" required=\"required\" pattern=\"[0-9]{4}-[0-9]{2}-[0-9]{2}\">\n\t\t\t\t\t\t<\/div>\n\t\t\t\t\t\t\t\t<div class=\"elementor-field-type-time elementor-field-group elementor-column elementor-field-group-zeit elementor-col-100 elementor-field-required elementor-mark-required\">\n\t\t\t\t\t\t\t\t\t\t\t\t<label for=\"form-field-zeit\" class=\"elementor-field-label\">\n\t\t\t\t\t\t\t\theure \t\t\t\t\t\t\t<\/label>\n\t\t\t\t\t\t\t\t<input type=\"time\" name=\"form_fields[zeit]\" id=\"form-field-zeit\" class=\"elementor-field elementor-size-sm  elementor-field-textual elementor-time-field elementor-use-native\" required=\"required\">\n\t\t\t\t\t\t<\/div>\n\t\t\t\t\t\t\t\t<div class=\"elementor-field-type-text elementor-field-group elementor-column elementor-field-group-adressname elementor-col-100 elementor-field-required elementor-mark-required\">\n\t\t\t\t\t\t\t\t\t\t\t\t<label for=\"form-field-adressname\" class=\"elementor-field-label\">\n\t\t\t\t\t\t\t\tNom de l'h\u00f4tel ou adresse\t\t\t\t\t\t\t<\/label>\n\t\t\t\t\t\t\t\t\t\t\t\t\t\t<input size=\"1\" type=\"text\" name=\"form_fields[adressname]\" id=\"form-field-adressname\" class=\"elementor-field elementor-size-sm  elementor-field-textual\" required=\"required\">\n\t\t\t\t\t\t\t\t\t\t\t<\/div>\n\t\t\t\t\t\t\t\t<div class=\"elementor-field-type-text elementor-field-group elementor-column elementor-field-group-strasse elementor-col-100 elementor-field-required elementor-mark-required\">\n\t\t\t\t\t\t\t\t\t\t\t\t<label for=\"form-field-strasse\" class=\"elementor-field-label\">\n\t\t\t\t\t\t\t\tadresse de ramassage\t\t\t\t\t\t\t<\/label>\n\t\t\t\t\t\t\t\t\t\t\t\t\t\t<input size=\"1\" type=\"text\" name=\"form_fields[strasse]\" id=\"form-field-strasse\" class=\"elementor-field elementor-size-sm  elementor-field-textual\" required=\"required\">\n\t\t\t\t\t\t\t\t\t\t\t<\/div>\n\t\t\t\t\t\t\t\t<div class=\"elementor-field-type-number elementor-field-group elementor-column elementor-field-group-plz elementor-col-100 elementor-field-required elementor-mark-required\">\n\t\t\t\t\t\t\t\t\t\t\t\t<label for=\"form-field-plz\" class=\"elementor-field-label\">\n\t\t\t\t\t\t\t\tPostcode\t\t\t\t\t\t\t<\/label>\n\t\t\t\t\t\t\t\t\t<input type=\"number\" name=\"form_fields[plz]\" id=\"form-field-plz\" class=\"elementor-field elementor-size-sm  elementor-field-textual\" required=\"required\" min=\"\" max=\"\" >\n\t\t\t\t\t\t<\/div>\n\t\t\t\t\t\t\t\t<div class=\"elementor-field-type-text elementor-field-group elementor-column elementor-field-group-stadt elementor-col-100 elementor-field-required elementor-mark-required\">\n\t\t\t\t\t\t\t\t\t\t\t\t<label for=\"form-field-stadt\" class=\"elementor-field-label\">\n\t\t\t\t\t\t\t\tlocalit\u00e9\t\t\t\t\t\t\t<\/label>\n\t\t\t\t\t\t\t\t\t\t\t\t\t\t<input size=\"1\" type=\"text\" name=\"form_fields[stadt]\" id=\"form-field-stadt\" class=\"elementor-field elementor-size-sm  elementor-field-textual\" required=\"required\">\n\t\t\t\t\t\t\t\t\t\t\t<\/div>\n\t\t\t\t\t\t\t\t<div class=\"elementor-field-type-html elementor-field-group elementor-column elementor-field-group-field_3 elementor-col-100\">\n\t\t\t\t\t<span style=\"font-family: helvetica, arial, sans-serif;\"><strong>destination<\/strong><\/span>\t\t\t\t<\/div>\n\t\t\t\t\t\t\t\t<div class=\"elementor-field-type-select elementor-field-group elementor-column elementor-field-group-bahnhof elementor-col-100\">\n\t\t\t\t\t\t\t\t\t\t\t\t<label for=\"form-field-bahnhof\" class=\"elementor-field-label\">\n\t\t\t\t\t\t\t\tChoisissez une gare ou un a\u00e9roport\t\t\t\t\t\t\t<\/label>\n\t\t\t\t\t\t\t\t<div class=\"elementor-field elementor-select-wrapper remove-before \">\n\t\t\t<div class=\"select-caret-down-wrapper\">\n\t\t\t\t<i aria-hidden=\"true\" class=\"eicon-caret-down\"><\/i>\t\t\t<\/div>\n\t\t\t<select name=\"form_fields[bahnhof]\" id=\"form-field-bahnhof\" class=\"elementor-field-textual elementor-size-sm\">\n\t\t\t\t\t\t\t\t\t<option value=\"Gare centrale de Berlin\">Gare centrale de Berlin<\/option>\n\t\t\t\t\t\t\t\t\t<option value=\"Gare de l&#039;Est de Berlin\">Gare de l&#039;Est de Berlin<\/option>\n\t\t\t\t\t\t\t\t\t<option value=\"Station S\u00fcdkreuz\">Station S\u00fcdkreuz<\/option>\n\t\t\t\t\t\t\t\t\t<option value=\"La gare de Spandau\">La gare de Spandau<\/option>\n\t\t\t\t\t\t\t\t\t<option value=\"Airport BER Berlin-Brandenburg\">Airport BER Berlin-Brandenburg<\/option>\n\t\t\t\t\t\t\t\t\t<option value=\"Terminal de l&#039;aviation g\u00e9n\u00e9rale \u00e0 BER Berlin (GAT)\">Terminal de l&#039;aviation g\u00e9n\u00e9rale \u00e0 BER Berlin (GAT)<\/option>\n\t\t\t\t\t\t\t<\/select>\n\t\t<\/div>\n\t\t\t\t\t\t<\/div>\n\t\t\t\t\t\t\t\t<div class=\"elementor-field-type-text elementor-field-group elementor-column elementor-field-group-alternativziel elementor-col-100\">\n\t\t\t\t\t\t\t\t\t\t\t\t<label for=\"form-field-alternativziel\" class=\"elementor-field-label\">\n\t\t\t\t\t\t\t\tAutre adresse de destination\t\t\t\t\t\t\t<\/label>\n\t\t\t\t\t\t\t\t\t\t\t\t\t\t<input size=\"1\" type=\"text\" name=\"form_fields[alternativziel]\" id=\"form-field-alternativziel\" class=\"elementor-field elementor-size-sm  elementor-field-textual\">\n\t\t\t\t\t\t\t\t\t\t\t<\/div>\n\t\t\t\t\t\t\t\t<div class=\"elementor-field-type-html elementor-field-group elementor-column elementor-field-group-field_2 elementor-col-100\">\n\t\t\t\t\t<span style=\"font-family: helvetica, arial, sans-serif;\"><strong>coordonn\u00e9es<\/strong><\/span>\t\t\t\t<\/div>\n\t\t\t\t\t\t\t\t<div class=\"elementor-field-type-text elementor-field-group elementor-column elementor-field-group-name elementor-col-100 elementor-field-required elementor-mark-required\">\n\t\t\t\t\t\t\t\t\t\t\t\t<label for=\"form-field-name\" class=\"elementor-field-label\">\n\t\t\t\t\t\t\t\tvotre nom\t\t\t\t\t\t\t<\/label>\n\t\t\t\t\t\t\t\t\t\t\t\t\t\t<input size=\"1\" type=\"text\" name=\"form_fields[name]\" id=\"form-field-name\" class=\"elementor-field elementor-size-sm  elementor-field-textual\" required=\"required\">\n\t\t\t\t\t\t\t\t\t\t\t<\/div>\n\t\t\t\t\t\t\t\t<div class=\"elementor-field-type-email elementor-field-group elementor-column elementor-field-group-email elementor-col-100 elementor-field-required elementor-mark-required\">\n\t\t\t\t\t\t\t\t\t\t\t\t<label for=\"form-field-email\" class=\"elementor-field-label\">\n\t\t\t\t\t\t\t\t\u00e9mail\t\t\t\t\t\t\t<\/label>\n\t\t\t\t\t\t\t\t\t\t\t\t\t\t<input size=\"1\" type=\"email\" name=\"form_fields[email]\" id=\"form-field-email\" class=\"elementor-field elementor-size-sm  elementor-field-textual\" required=\"required\">\n\t\t\t\t\t\t\t\t\t\t\t<\/div>\n\t\t\t\t\t\t\t\t<div class=\"elementor-field-type-tel elementor-field-group elementor-column elementor-field-group-telefon elementor-col-100 elementor-field-required elementor-mark-required\">\n\t\t\t\t\t\t\t\t\t\t\t\t<label for=\"form-field-telefon\" class=\"elementor-field-label\">\n\t\t\t\t\t\t\t\tT\u00e9l\u00e9phone\t\t\t\t\t\t\t<\/label>\n\t\t\t\t\t\t\t\t<input size=\"1\" type=\"tel\" name=\"form_fields[telefon]\" id=\"form-field-telefon\" class=\"elementor-field elementor-size-sm  elementor-field-textual\" required=\"required\" pattern=\"[0-9()#&amp;+*-=.]+\" title=\"Seuls les caract\u00e8res de num\u00e9ros de t\u00e9l\u00e9phone (#, -, *, etc.) sont accept\u00e9s.\">\n\n\t\t\t\t\t\t<\/div>\n\t\t\t\t\t\t\t\t<div class=\"elementor-field-type-textarea elementor-field-group elementor-column elementor-field-group-message elementor-col-100\">\n\t\t\t\t\t\t\t\t\t\t\t\t<label for=\"form-field-message\" class=\"elementor-field-label\">\n\t\t\t\t\t\t\t\tmessage\t\t\t\t\t\t\t<\/label>\n\t\t\t\t\t\t<textarea class=\"elementor-field-textual elementor-field  elementor-size-sm\" name=\"form_fields[message]\" id=\"form-field-message\" rows=\"4\" placeholder=\"message\"><\/textarea>\t\t\t\t<\/div>\n\t\t\t\t\t\t\t\t<div class=\"elementor-field-type-acceptance elementor-field-group elementor-column elementor-field-group-55ea170 elementor-col-100 elementor-field-required elementor-mark-required\">\n\t\t\t\t\t\t\t\t\t\t\t\t<label for=\"form-field-55ea170\" class=\"elementor-field-label\">\n\t\t\t\t\t\t\t\t<strong>Remarque sur la protection des donn\u00e9es<\/strong>\t\t\t\t\t\t\t<\/label>\n\t\t\t\t\t\t\t\t<div class=\"elementor-field-subgroup\">\n\t\t\t<span class=\"elementor-field-option\">\n\t\t\t\t<input type=\"checkbox\" name=\"form_fields[55ea170]\" id=\"form-field-55ea170\" class=\"elementor-field elementor-size-sm  elementor-acceptance-field\" required=\"required\">\n\t\t\t\t<label for=\"form-field-55ea170\">En envoyant un message via le formulaire de contact, je consens au traitement de mes donn\u00e9es personnelles dans le but de r\u00e9pondre \u00e0 ma demande. Je peux r\u00e9voquer ce consentement \u00e0 tout moment et sans indication de motifs avec effet pour l'avenir. La lic\u00e9it\u00e9 du traitement jusqu'\u00e0 la r\u00e9vocation n'est pas affect\u00e9e en cas de r\u00e9vocation. Note : Vous pouvez r\u00e9voquer votre consentement en tout temps en envoyant un courriel \u00e0 : post@taxiberlin24.de <br> <a href=\"https:\/\/taxiberlin24.de\/fr\/declaration-de-confidentialite\/\">To the privacy policy <\/a> <br>* champs obligatoires  <\/label>\t\t\t<\/span>\n\t\t<\/div>\n\t\t\t\t\t\t<\/div>\n\t\t\t\t\t\t\t\t<div class=\"elementor-field-type-recaptcha_v3 elementor-field-group elementor-column elementor-field-group-field_1f68162 elementor-col-100 recaptcha_v3-bottomright\">\n\t\t\t\t\t<div class=\"elementor-field\" id=\"form-field-field_1f68162\"><div class=\"elementor-g-recaptcha\" data-sitekey=\"6LdTl2YqAAAAANU7gD6K87RyZ_X5n3q9SW1-onty\" data-type=\"v3\" data-action=\"Form\" data-badge=\"bottomright\" data-size=\"invisible\"><\/div><\/div>\t\t\t\t<\/div>\n\t\t\t\t\t\t\t\t<div class=\"elementor-field-group elementor-column elementor-field-type-submit elementor-col-100 e-form__buttons\">\n\t\t\t\t\t<button class=\"elementor-button elementor-size-sm\" type=\"submit\">\n\t\t\t\t\t\t<span class=\"elementor-button-content-wrapper\">\n\t\t\t\t\t\t\t\t\t\t\t\t\t\t\t\t\t\t\t\t\t\t<span class=\"elementor-button-text\">envoyer<\/span>\n\t\t\t\t\t\t\t\t\t\t\t\t\t<\/span>\n\t\t\t\t\t<\/button>\n\t\t\t\t<\/div>\n\t\t\t<\/div>\n\t\t<\/form>\n\t\t\t\t\t\t<\/div>\n\t\t\t\t<\/div>\n\t\t\t\t\t<\/div>\n\t\t<\/div>\n\t\t\t\t\t<\/div>\n\t\t<\/section>\n\t\t\t\t<\/div>\n\t\t","protected":false},"excerpt":{"rendered":"<p>Les demandes de renseignements \u00e0 court terme doivent \u00eatre faites par t\u00e9l\u00e9phone. Demandes \u00e9crites \u00e0 partir du lendemain 0:00.<\/p>\n","protected":false},"author":1,"featured_media":0,"parent":0,"menu_order":0,"comment_status":"closed","ping_status":"closed","template":"elementor_header_footer","meta":{"ocean_post_layout":"","ocean_both_sidebars_style":"","ocean_both_sidebars_content_width":0,"ocean_both_sidebars_sidebars_width":0,"ocean_sidebar":"0","ocean_second_sidebar":"0","ocean_disable_margins":"enable","ocean_add_body_class":"","ocean_shortcode_before_top_bar":"","ocean_shortcode_after_top_bar":"","ocean_shortcode_before_header":"","ocean_shortcode_after_header":"","ocean_has_shortcode":"","ocean_shortcode_after_title":"","ocean_shortcode_before_footer_widgets":"","ocean_shortcode_after_footer_widgets":"","ocean_shortcode_before_footer_bottom":"","ocean_shortcode_after_footer_bottom":"","ocean_display_top_bar":"default","ocean_display_header":"default","ocean_header_style":"","ocean_center_header_left_menu":"0","ocean_custom_header_template":"0","ocean_custom_logo":0,"ocean_custom_retina_logo":0,"ocean_custom_logo_max_width":0,"ocean_custom_logo_tablet_max_width":0,"ocean_custom_logo_mobile_max_width":0,"ocean_custom_logo_max_height":0,"ocean_custom_logo_tablet_max_height":0,"ocean_custom_logo_mobile_max_height":0,"ocean_header_custom_menu":"0","ocean_menu_typo_font_family":"0","ocean_menu_typo_font_subset":"","ocean_menu_typo_font_size":0,"ocean_menu_typo_font_size_tablet":0,"ocean_menu_typo_font_size_mobile":0,"ocean_menu_typo_font_size_unit":"px","ocean_menu_typo_font_weight":"","ocean_menu_typo_font_weight_tablet":"","ocean_menu_typo_font_weight_mobile":"","ocean_menu_typo_transform":"","ocean_menu_typo_transform_tablet":"","ocean_menu_typo_transform_mobile":"","ocean_menu_typo_line_height":0,"ocean_menu_typo_line_height_tablet":0,"ocean_menu_typo_line_height_mobile":0,"ocean_menu_typo_line_height_unit":"","ocean_menu_typo_spacing":0,"ocean_menu_typo_spacing_tablet":0,"ocean_menu_typo_spacing_mobile":0,"ocean_menu_typo_spacing_unit":"","ocean_menu_link_color":"","ocean_menu_link_color_hover":"","ocean_menu_link_color_active":"","ocean_menu_link_background":"","ocean_menu_link_hover_background":"","ocean_menu_link_active_background":"","ocean_menu_social_links_bg":"","ocean_menu_social_hover_links_bg":"","ocean_menu_social_links_color":"","ocean_menu_social_hover_links_color":"","ocean_disable_title":"default","ocean_disable_heading":"default","ocean_post_title":"","ocean_post_subheading":"","ocean_post_title_style":"","ocean_post_title_background_color":"","ocean_post_title_background":0,"ocean_post_title_bg_image_position":"","ocean_post_title_bg_image_attachment":"","ocean_post_title_bg_image_repeat":"","ocean_post_title_bg_image_size":"","ocean_post_title_height":0,"ocean_post_title_bg_overlay":0.5,"ocean_post_title_bg_overlay_color":"","ocean_disable_breadcrumbs":"default","ocean_breadcrumbs_color":"","ocean_breadcrumbs_separator_color":"","ocean_breadcrumbs_links_color":"","ocean_breadcrumbs_links_hover_color":"","ocean_display_footer_widgets":"default","ocean_display_footer_bottom":"default","ocean_custom_footer_template":"0","footnotes":""},"class_list":["post-622","page","type-page","status-publish","hentry","entry"],"yoast_head":"<!-- This site is optimized with the Yoast SEO plugin v26.5 - https:\/\/yoast.com\/wordpress\/plugins\/seo\/ -->\n<title>Accueil \u00e0 la maison \/ h\u00f4tel - Taxi Berlin 24<\/title>\n<meta name=\"robots\" content=\"index, follow, max-snippet:-1, max-image-preview:large, max-video-preview:-1\" \/>\n<link rel=\"canonical\" href=\"https:\/\/taxiberlin24.de\/fr\/accueil-a-la-maison-hotel\/\" \/>\n<meta property=\"og:locale\" content=\"fr_FR\" \/>\n<meta property=\"og:type\" content=\"article\" \/>\n<meta property=\"og:title\" content=\"Accueil \u00e0 la maison \/ h\u00f4tel - Taxi Berlin 24\" \/>\n<meta property=\"og:description\" content=\"Les demandes de renseignements \u00e0 court terme doivent \u00eatre faites par t\u00e9l\u00e9phone. Demandes \u00e9crites \u00e0 partir du lendemain 0:00.\" \/>\n<meta property=\"og:url\" content=\"https:\/\/taxiberlin24.de\/fr\/accueil-a-la-maison-hotel\/\" \/>\n<meta property=\"og:site_name\" content=\"Taxi Berlin 24\" \/>\n<meta property=\"article:modified_time\" content=\"2024-10-20T06:06:15+00:00\" \/>\n<meta name=\"twitter:card\" content=\"summary_large_image\" \/>\n<script type=\"application\/ld+json\" class=\"yoast-schema-graph\">{\"@context\":\"https:\/\/schema.org\",\"@graph\":[{\"@type\":\"WebPage\",\"@id\":\"https:\/\/taxiberlin24.de\/fr\/accueil-a-la-maison-hotel\/\",\"url\":\"https:\/\/taxiberlin24.de\/fr\/accueil-a-la-maison-hotel\/\",\"name\":\"Accueil \u00e0 la maison \/ h\u00f4tel - Taxi Berlin 24\",\"isPartOf\":{\"@id\":\"https:\/\/taxiberlin24.de\/fr\/#website\"},\"datePublished\":\"2019-03-09T10:20:20+00:00\",\"dateModified\":\"2024-10-20T06:06:15+00:00\",\"breadcrumb\":{\"@id\":\"https:\/\/taxiberlin24.de\/fr\/accueil-a-la-maison-hotel\/#breadcrumb\"},\"inLanguage\":\"fr-FR\",\"potentialAction\":[{\"@type\":\"ReadAction\",\"target\":[\"https:\/\/taxiberlin24.de\/fr\/accueil-a-la-maison-hotel\/\"]}]},{\"@type\":\"BreadcrumbList\",\"@id\":\"https:\/\/taxiberlin24.de\/fr\/accueil-a-la-maison-hotel\/#breadcrumb\",\"itemListElement\":[{\"@type\":\"ListItem\",\"position\":1,\"name\":\"Home\",\"item\":\"https:\/\/taxiberlin24.de\/fr\/\"},{\"@type\":\"ListItem\",\"position\":2,\"name\":\"Accueil \u00e0 la maison \/ h\u00f4tel\"}]},{\"@type\":\"WebSite\",\"@id\":\"https:\/\/taxiberlin24.de\/fr\/#website\",\"url\":\"https:\/\/taxiberlin24.de\/fr\/\",\"name\":\"Taxi 24 Berlin\",\"description\":\"\",\"publisher\":{\"@id\":\"https:\/\/taxiberlin24.de\/fr\/#organization\"},\"potentialAction\":[{\"@type\":\"SearchAction\",\"target\":{\"@type\":\"EntryPoint\",\"urlTemplate\":\"https:\/\/taxiberlin24.de\/fr\/?s={search_term_string}\"},\"query-input\":{\"@type\":\"PropertyValueSpecification\",\"valueRequired\":true,\"valueName\":\"search_term_string\"}}],\"inLanguage\":\"fr-FR\"},{\"@type\":\"Organization\",\"@id\":\"https:\/\/taxiberlin24.de\/fr\/#organization\",\"name\":\"Taxi Berlin 24\",\"url\":\"https:\/\/taxiberlin24.de\/fr\/\",\"logo\":{\"@type\":\"ImageObject\",\"inLanguage\":\"fr-FR\",\"@id\":\"https:\/\/taxiberlin24.de\/fr\/#\/schema\/logo\/image\/\",\"url\":\"https:\/\/taxiberlin24.de\/wp-content\/uploads\/2018\/12\/taxiberlin24-logo-rot2-Kopie.png\",\"contentUrl\":\"https:\/\/taxiberlin24.de\/wp-content\/uploads\/2018\/12\/taxiberlin24-logo-rot2-Kopie.png\",\"width\":700,\"height\":208,\"caption\":\"Taxi Berlin 24\"},\"image\":{\"@id\":\"https:\/\/taxiberlin24.de\/fr\/#\/schema\/logo\/image\/\"}}]}<\/script>\n<!-- \/ Yoast SEO plugin. -->","yoast_head_json":{"title":"Accueil \u00e0 la maison \/ h\u00f4tel - Taxi Berlin 24","robots":{"index":"index","follow":"follow","max-snippet":"max-snippet:-1","max-image-preview":"max-image-preview:large","max-video-preview":"max-video-preview:-1"},"canonical":"https:\/\/taxiberlin24.de\/fr\/accueil-a-la-maison-hotel\/","og_locale":"fr_FR","og_type":"article","og_title":"Accueil \u00e0 la maison \/ h\u00f4tel - Taxi Berlin 24","og_description":"Les demandes de renseignements \u00e0 court terme doivent \u00eatre faites par t\u00e9l\u00e9phone. Demandes \u00e9crites \u00e0 partir du lendemain 0:00.","og_url":"https:\/\/taxiberlin24.de\/fr\/accueil-a-la-maison-hotel\/","og_site_name":"Taxi Berlin 24","article_modified_time":"2024-10-20T06:06:15+00:00","twitter_card":"summary_large_image","schema":{"@context":"https:\/\/schema.org","@graph":[{"@type":"WebPage","@id":"https:\/\/taxiberlin24.de\/fr\/accueil-a-la-maison-hotel\/","url":"https:\/\/taxiberlin24.de\/fr\/accueil-a-la-maison-hotel\/","name":"Accueil \u00e0 la maison \/ h\u00f4tel - Taxi Berlin 24","isPartOf":{"@id":"https:\/\/taxiberlin24.de\/fr\/#website"},"datePublished":"2019-03-09T10:20:20+00:00","dateModified":"2024-10-20T06:06:15+00:00","breadcrumb":{"@id":"https:\/\/taxiberlin24.de\/fr\/accueil-a-la-maison-hotel\/#breadcrumb"},"inLanguage":"fr-FR","potentialAction":[{"@type":"ReadAction","target":["https:\/\/taxiberlin24.de\/fr\/accueil-a-la-maison-hotel\/"]}]},{"@type":"BreadcrumbList","@id":"https:\/\/taxiberlin24.de\/fr\/accueil-a-la-maison-hotel\/#breadcrumb","itemListElement":[{"@type":"ListItem","position":1,"name":"Home","item":"https:\/\/taxiberlin24.de\/fr\/"},{"@type":"ListItem","position":2,"name":"Accueil \u00e0 la maison \/ h\u00f4tel"}]},{"@type":"WebSite","@id":"https:\/\/taxiberlin24.de\/fr\/#website","url":"https:\/\/taxiberlin24.de\/fr\/","name":"Taxi 24 Berlin","description":"","publisher":{"@id":"https:\/\/taxiberlin24.de\/fr\/#organization"},"potentialAction":[{"@type":"SearchAction","target":{"@type":"EntryPoint","urlTemplate":"https:\/\/taxiberlin24.de\/fr\/?s={search_term_string}"},"query-input":{"@type":"PropertyValueSpecification","valueRequired":true,"valueName":"search_term_string"}}],"inLanguage":"fr-FR"},{"@type":"Organization","@id":"https:\/\/taxiberlin24.de\/fr\/#organization","name":"Taxi Berlin 24","url":"https:\/\/taxiberlin24.de\/fr\/","logo":{"@type":"ImageObject","inLanguage":"fr-FR","@id":"https:\/\/taxiberlin24.de\/fr\/#\/schema\/logo\/image\/","url":"https:\/\/taxiberlin24.de\/wp-content\/uploads\/2018\/12\/taxiberlin24-logo-rot2-Kopie.png","contentUrl":"https:\/\/taxiberlin24.de\/wp-content\/uploads\/2018\/12\/taxiberlin24-logo-rot2-Kopie.png","width":700,"height":208,"caption":"Taxi Berlin 24"},"image":{"@id":"https:\/\/taxiberlin24.de\/fr\/#\/schema\/logo\/image\/"}}]}},"_links":{"self":[{"href":"https:\/\/taxiberlin24.de\/fr\/wp-json\/wp\/v2\/pages\/622","targetHints":{"allow":["GET"]}}],"collection":[{"href":"https:\/\/taxiberlin24.de\/fr\/wp-json\/wp\/v2\/pages"}],"about":[{"href":"https:\/\/taxiberlin24.de\/fr\/wp-json\/wp\/v2\/types\/page"}],"author":[{"embeddable":true,"href":"https:\/\/taxiberlin24.de\/fr\/wp-json\/wp\/v2\/users\/1"}],"replies":[{"embeddable":true,"href":"https:\/\/taxiberlin24.de\/fr\/wp-json\/wp\/v2\/comments?post=622"}],"version-history":[{"count":3,"href":"https:\/\/taxiberlin24.de\/fr\/wp-json\/wp\/v2\/pages\/622\/revisions"}],"predecessor-version":[{"id":1125,"href":"https:\/\/taxiberlin24.de\/fr\/wp-json\/wp\/v2\/pages\/622\/revisions\/1125"}],"wp:attachment":[{"href":"https:\/\/taxiberlin24.de\/fr\/wp-json\/wp\/v2\/media?parent=622"}],"curies":[{"name":"wp","href":"https:\/\/api.w.org\/{rel}","templated":true}]}}