{"id":471,"date":"2019-01-20T08:26:04","date_gmt":"2019-01-20T07:26:04","guid":{"rendered":"https:\/\/taxiberlin24.de\/paginale-inizale\/"},"modified":"2025-12-11T07:11:04","modified_gmt":"2025-12-11T06:11:04","slug":"paginale-inizale","status":"publish","type":"page","link":"https:\/\/taxiberlin24.de\/it\/","title":{"rendered":"paginale inizale"},"content":{"rendered":"\t\t<div data-elementor-type=\"wp-post\" data-elementor-id=\"471\" class=\"elementor elementor-471 elementor-251\" data-elementor-post-type=\"page\">\n\t\t\t\t\t\t<section class=\"elementor-section elementor-top-section elementor-element elementor-element-63574192 elementor-section-content-middle elementor-section-boxed elementor-section-height-default elementor-section-height-default\" data-id=\"63574192\" data-element_type=\"section\">\n\t\t\t\t\t\t<div class=\"elementor-container elementor-column-gap-default\">\n\t\t\t\t\t<div class=\"elementor-column elementor-col-100 elementor-top-column elementor-element elementor-element-6e64cc17\" data-id=\"6e64cc17\" data-element_type=\"column\">\n\t\t\t<div class=\"elementor-widget-wrap elementor-element-populated\">\n\t\t\t\t\t\t<div class=\"elementor-element elementor-element-6f7e9f0 elementor-widget elementor-widget-heading\" data-id=\"6f7e9f0\" data-element_type=\"widget\" data-widget_type=\"heading.default\">\n\t\t\t\t<div class=\"elementor-widget-container\">\n\t\t\t\t\t<h1 class=\"elementor-heading-title elementor-size-default\">Il vostro taxi a Berlino, il servizio speciale<\/h1>\t\t\t\t<\/div>\n\t\t\t\t<\/div>\n\t\t\t\t<div class=\"elementor-element elementor-element-f1c87ca elementor-widget elementor-widget-text-editor\" data-id=\"f1c87ca\" data-element_type=\"widget\" data-widget_type=\"text-editor.default\">\n\t\t\t\t<div class=\"elementor-widget-container\">\n\t\t\t\t\t\t\t\t\t<p><strong>TaxiBerlin24.de &#8211; Il vostro partner per un servizio taxi di prima classe<\/strong><\/p>\n<p>Benvenuti su TaxiBerlin24.de, il vostro indirizzo affidabile per viaggi comodi e affidabili a Berlino e oltre. Il nostro servizio si basa su una rete di tassisti singoli e indipendenti che si impegnano a rendere il vostro viaggio il pi\u00f9 piacevole possibile.<\/p>\n<p><strong>Flessibile e confortevole: il vostro taxi per ogni occasione<\/strong><\/p>\n<p>I nostri autisti esperti vi porteranno in modo sicuro, puntuale e rilassato a qualsiasi destinazione desiderata. Che si tratti di un trasferimento dall&#8217;aeroporto, di un prelievo da casa o dall&#8217;hotel, di viaggi per appuntamenti o di incarichi pianificati a lungo termine, siamo sempre a vostra disposizione. I lunghi viaggi fuori Berlino, ad esempio verso Potsdam o Amburgo, non sono un problema. Il prezzo viene concordato liberamente, mentre all&#8217;interno di Berlino si applica la tariffa ufficiale dei taxi berlinesi.<\/p>\n<p><strong>Prenotazione semplice e moderne opzioni di pagamento<\/strong><\/p>\n<p>Pianificate il vostro viaggio in anticipo e prenotate comodamente online. Dopo la prenotazione, riceverete una conferma per essere certi che il vostro taxi sar\u00e0 pronto per voi in tempo. Pagate in modo flessibile con carta di credito, carta EC o PAYPAL, come preferite.<\/p>\n<p><strong>Viaggi con fatturazione esterna<\/strong><\/p>\n<p>Offriamo servizi speciali per i passeggeri con esigenze mediche. In collaborazione con compagnie di assicurazione sanitaria selezionate, con l&#8217;istituto di previdenza e con l&#8217;associazione di responsabilit\u00e0 civile dei datori di lavoro, ci occupiamo dei viaggi verso centri di cura, centri di riabilitazione o altre visite mediche. Con una licenza di trasporto valida, questi viaggi possono essere fatturati direttamente.<\/p>\n<p><strong>Qualit\u00e0 e sicurezza prima di tutto<\/strong><\/p>\n<p>Su TaxiBerlin24.de si viaggia solo con taxi ufficialmente autorizzati, che ovviamente soddisfano gli standard pi\u00f9 recenti. I nostri autisti sono naturalmente in possesso della patente di guida necessaria per trasportare passeggeri.<\/p>\n<p><strong>Perch\u00e9 TaxiBerlin24.de?<\/strong><\/p>\n<p>Uniamo professionalit\u00e0, affidabilit\u00e0 e comfort per rendere il vostro viaggio il pi\u00f9 piacevole possibile. Verificate voi stessi e prenotate oggi stesso!<\/p>\n<p><strong>TaxiBerlin24.de &#8211; La vostra destinazione \u00e8 la nostra missione!<\/strong><\/p>\n<p>A proposito, sapevate che tutti i taxi hanno un&#8217;assicurazione speciale di responsabilit\u00e0 civile per il trasporto commerciale di passeggeri? Ci\u00f2 significa che siete coperti in modo completo in caso di sinistro, che si spera non si verifichi mai.<\/p>\n<p>&nbsp;<\/p>\n\t\t\t\t\t\t\t\t<\/div>\n\t\t\t\t<\/div>\n\t\t\t\t\t<\/div>\n\t\t<\/div>\n\t\t\t\t\t<\/div>\n\t\t<\/section>\n\t\t\t\t<section class=\"elementor-section elementor-top-section elementor-element elementor-element-c7391b4 elementor-section-boxed elementor-section-height-default elementor-section-height-default\" data-id=\"c7391b4\" data-element_type=\"section\">\n\t\t\t\t\t\t<div class=\"elementor-container elementor-column-gap-default\">\n\t\t\t\t\t<div class=\"elementor-column elementor-col-100 elementor-top-column elementor-element elementor-element-c16937e\" data-id=\"c16937e\" data-element_type=\"column\">\n\t\t\t<div class=\"elementor-widget-wrap elementor-element-populated\">\n\t\t\t\t\t\t<div class=\"elementor-element elementor-element-49ec3bd elementor-widget elementor-widget-Google\" data-id=\"49ec3bd\" data-element_type=\"widget\" data-widget_type=\"Google.default\">\n\t\t\t\t<div class=\"elementor-widget-container\">\n\t\t\t\t\t<div data-src=\"https:\/\/cdn.trustindex.io\/loader.js?5a8cf3e60a351120b7065dac819\"><\/div>\t\t\t\t<\/div>\n\t\t\t\t<\/div>\n\t\t\t\t\t<\/div>\n\t\t<\/div>\n\t\t\t\t\t<\/div>\n\t\t<\/section>\n\t\t\t\t<section class=\"elementor-section elementor-top-section elementor-element elementor-element-b4fe434 elementor-section-content-middle elementor-section-height-min-height elementor-section-boxed elementor-section-height-default elementor-section-items-middle\" data-id=\"b4fe434\" data-element_type=\"section\" data-settings=\"{&quot;background_background&quot;:&quot;classic&quot;,&quot;shape_divider_top&quot;:&quot;tilt&quot;,&quot;shape_divider_bottom&quot;:&quot;tilt&quot;}\">\n\t\t\t\t\t\t\t<div class=\"elementor-background-overlay\"><\/div>\n\t\t\t\t\t\t<div class=\"elementor-shape elementor-shape-top\" aria-hidden=\"true\" data-negative=\"false\">\n\t\t\t<svg xmlns=\"http:\/\/www.w3.org\/2000\/svg\" viewBox=\"0 0 1000 100\" preserveAspectRatio=\"none\">\n\t<path class=\"elementor-shape-fill\" d=\"M0,6V0h1000v100L0,6z\"\/>\n<\/svg>\t\t<\/div>\n\t\t\t\t<div class=\"elementor-shape elementor-shape-bottom\" aria-hidden=\"true\" data-negative=\"false\">\n\t\t\t<svg xmlns=\"http:\/\/www.w3.org\/2000\/svg\" viewBox=\"0 0 1000 100\" preserveAspectRatio=\"none\">\n\t<path class=\"elementor-shape-fill\" d=\"M0,6V0h1000v100L0,6z\"\/>\n<\/svg>\t\t<\/div>\n\t\t\t\t\t<div class=\"elementor-container elementor-column-gap-default\">\n\t\t\t\t\t<div class=\"elementor-column elementor-col-100 elementor-top-column elementor-element elementor-element-b2f8dc0\" data-id=\"b2f8dc0\" data-element_type=\"column\">\n\t\t\t<div class=\"elementor-widget-wrap elementor-element-populated\">\n\t\t\t\t\t\t<div class=\"elementor-element elementor-element-78289cf elementor-widget elementor-widget-heading\" data-id=\"78289cf\" data-element_type=\"widget\" data-widget_type=\"heading.default\">\n\t\t\t\t<div class=\"elementor-widget-container\">\n\t\t\t\t\t<h2 class=\"elementor-heading-title elementor-size-default\"> pagamento<\/h2>\t\t\t\t<\/div>\n\t\t\t\t<\/div>\n\t\t\t\t<div class=\"elementor-element elementor-element-ea6c824 elementor-widget elementor-widget-text-editor\" data-id=\"ea6c824\" data-element_type=\"widget\" data-widget_type=\"text-editor.default\">\n\t\t\t\t<div class=\"elementor-widget-container\">\n\t\t\t\t\t\t\t\t\t<p><span style=\"font-family: helvetica, arial, sans-serif; font-size: 14pt; color: #ffffff;\">Vi offriamo diverse opzioni di pagamento per i nostri servizi, tra cui tutte le principali carte di credito, Paypal, EC card, Apple Pay, Google Pay e naturalmente il pagamento in contanti.<\/span><\/p>\n\t\t\t\t\t\t\t\t<\/div>\n\t\t\t\t<\/div>\n\t\t\t\t<div class=\"elementor-element elementor-element-7ef249d elementor-widget elementor-widget-image\" data-id=\"7ef249d\" data-element_type=\"widget\" data-widget_type=\"image.default\">\n\t\t\t\t<div class=\"elementor-widget-container\">\n\t\t\t\t\t\t\t\t\t\t\t\t\t\t\t<img decoding=\"async\" width=\"484\" height=\"50\" src=\"https:\/\/taxiberlin24.de\/wp-content\/uploads\/2018\/12\/master_visa_amex.png\" class=\"attachment-large size-large wp-image-405\" alt=\"\" srcset=\"https:\/\/taxiberlin24.de\/wp-content\/uploads\/2018\/12\/master_visa_amex.png 484w, https:\/\/taxiberlin24.de\/wp-content\/uploads\/2018\/12\/master_visa_amex-300x31.png 300w\" sizes=\"(max-width: 484px) 100vw, 484px\" \/>\t\t\t\t\t\t\t\t\t\t\t\t\t\t\t<\/div>\n\t\t\t\t<\/div>\n\t\t\t\t\t<\/div>\n\t\t<\/div>\n\t\t\t\t\t<\/div>\n\t\t<\/section>\n\t\t\t\t<section class=\"elementor-section elementor-top-section elementor-element elementor-element-efe1537 elementor-section-content-top elementor-section-boxed elementor-section-height-default elementor-section-height-default\" data-id=\"efe1537\" data-element_type=\"section\" data-settings=\"{&quot;background_background&quot;:&quot;classic&quot;,&quot;shape_divider_top&quot;:&quot;tilt&quot;,&quot;shape_divider_bottom&quot;:&quot;tilt&quot;}\">\n\t\t\t\t\t\t\t<div class=\"elementor-background-overlay\"><\/div>\n\t\t\t\t\t\t<div class=\"elementor-shape elementor-shape-top\" aria-hidden=\"true\" data-negative=\"false\">\n\t\t\t<svg xmlns=\"http:\/\/www.w3.org\/2000\/svg\" viewBox=\"0 0 1000 100\" preserveAspectRatio=\"none\">\n\t<path class=\"elementor-shape-fill\" d=\"M0,6V0h1000v100L0,6z\"\/>\n<\/svg>\t\t<\/div>\n\t\t\t\t<div class=\"elementor-shape elementor-shape-bottom\" aria-hidden=\"true\" data-negative=\"false\">\n\t\t\t<svg xmlns=\"http:\/\/www.w3.org\/2000\/svg\" viewBox=\"0 0 1000 100\" preserveAspectRatio=\"none\">\n\t<path class=\"elementor-shape-fill\" d=\"M0,6V0h1000v100L0,6z\"\/>\n<\/svg>\t\t<\/div>\n\t\t\t\t\t<div class=\"elementor-container elementor-column-gap-default\">\n\t\t\t\t\t<div class=\"elementor-column elementor-col-100 elementor-top-column elementor-element elementor-element-feb3c70\" data-id=\"feb3c70\" data-element_type=\"column\" data-settings=\"{&quot;background_background&quot;:&quot;classic&quot;}\">\n\t\t\t<div class=\"elementor-widget-wrap elementor-element-populated\">\n\t\t\t\t\t\t<div class=\"elementor-element elementor-element-d83d151 elementor-widget elementor-widget-heading\" data-id=\"d83d151\" data-element_type=\"widget\" data-widget_type=\"heading.default\">\n\t\t\t\t<div class=\"elementor-widget-container\">\n\t\t\t\t\t<h3 class=\"elementor-heading-title elementor-size-default\">partner<\/h3>\t\t\t\t<\/div>\n\t\t\t\t<\/div>\n\t\t\t\t<section class=\"elementor-section elementor-inner-section elementor-element elementor-element-022455a elementor-section-boxed elementor-section-height-default elementor-section-height-default\" data-id=\"022455a\" data-element_type=\"section\">\n\t\t\t\t\t\t<div class=\"elementor-container elementor-column-gap-default\">\n\t\t\t\t\t<div class=\"elementor-column elementor-col-25 elementor-inner-column elementor-element elementor-element-325fd03\" data-id=\"325fd03\" data-element_type=\"column\">\n\t\t\t<div class=\"elementor-widget-wrap elementor-element-populated\">\n\t\t\t\t\t\t<div class=\"elementor-element elementor-element-ce3bd7a elementor-widget elementor-widget-image\" data-id=\"ce3bd7a\" data-element_type=\"widget\" data-widget_type=\"image.default\">\n\t\t\t\t<div class=\"elementor-widget-container\">\n\t\t\t\t\t\t\t\t\t\t\t\t\t\t\t\t<a href=\"https:\/\/reisekontor-berlin.de\" target=\"_blank\">\n\t\t\t\t\t\t\t<img decoding=\"async\" src=\"https:\/\/taxiberlin24.de\/wp-content\/uploads\/elementor\/thumbs\/reisekontor-loehl-logo-po1e4iwuhtfkrb8idl51cgwz7rfn34k2qsstlep6o0.png\" title=\"reisekontor-loehl-logo\" alt=\"reisekontor-loehl-logo\" loading=\"lazy\" \/>\t\t\t\t\t\t\t\t<\/a>\n\t\t\t\t\t\t\t\t\t\t\t\t\t\t\t<\/div>\n\t\t\t\t<\/div>\n\t\t\t\t\t<\/div>\n\t\t<\/div>\n\t\t\t\t<div class=\"elementor-column elementor-col-25 elementor-inner-column elementor-element elementor-element-20fd262\" data-id=\"20fd262\" data-element_type=\"column\">\n\t\t\t<div class=\"elementor-widget-wrap elementor-element-populated\">\n\t\t\t\t\t\t<div class=\"elementor-element elementor-element-285ed22 elementor-widget elementor-widget-image\" data-id=\"285ed22\" data-element_type=\"widget\" data-widget_type=\"image.default\">\n\t\t\t\t<div class=\"elementor-widget-container\">\n\t\t\t\t\t\t\t\t\t\t\t\t\t\t\t\t<a href=\"https:\/\/www.taxiinnung.org\/\" target=\"_blank\">\n\t\t\t\t\t\t\t<img decoding=\"async\" src=\"https:\/\/taxiberlin24.de\/wp-content\/uploads\/elementor\/thumbs\/LOGO_INNUNG-frst-o8dnndtkeomiahl4e8ccpqi4hq93kbu30de7kf3t2g.jpg\" title=\"LOGO_INNUNG frst\" alt=\"LOGO_INNUNG frst\" loading=\"lazy\" \/>\t\t\t\t\t\t\t\t<\/a>\n\t\t\t\t\t\t\t\t\t\t\t\t\t\t\t<\/div>\n\t\t\t\t<\/div>\n\t\t\t\t\t<\/div>\n\t\t<\/div>\n\t\t\t\t<div class=\"elementor-column elementor-col-25 elementor-inner-column elementor-element elementor-element-c459304\" data-id=\"c459304\" data-element_type=\"column\">\n\t\t\t<div class=\"elementor-widget-wrap elementor-element-populated\">\n\t\t\t\t\t\t<div class=\"elementor-element elementor-element-a535ad7 elementor-widget elementor-widget-image\" data-id=\"a535ad7\" data-element_type=\"widget\" data-widget_type=\"image.default\">\n\t\t\t\t<div class=\"elementor-widget-container\">\n\t\t\t\t\t\t\t\t\t\t\t\t\t\t\t\t<a href=\"https:\/\/www.thomastaxi.de\" target=\"_blank\">\n\t\t\t\t\t\t\t<img decoding=\"async\" src=\"https:\/\/taxiberlin24.de\/wp-content\/uploads\/elementor\/thumbs\/thomastaxi-o91x4pve83owp2auszm01362gzyn5dvdymwz3cqui6.png\" title=\"thomastaxi\" alt=\"thomastaxi\" loading=\"lazy\" \/>\t\t\t\t\t\t\t\t<\/a>\n\t\t\t\t\t\t\t\t\t\t\t\t\t\t\t<\/div>\n\t\t\t\t<\/div>\n\t\t\t\t\t<\/div>\n\t\t<\/div>\n\t\t\t\t<div class=\"elementor-column elementor-col-25 elementor-inner-column elementor-element elementor-element-f6b9f96\" data-id=\"f6b9f96\" data-element_type=\"column\">\n\t\t\t<div class=\"elementor-widget-wrap\">\n\t\t\t\t\t\t\t<\/div>\n\t\t<\/div>\n\t\t\t\t\t<\/div>\n\t\t<\/section>\n\t\t\t\t\t<\/div>\n\t\t<\/div>\n\t\t\t\t\t<\/div>\n\t\t<\/section>\n\t\t\t\t<\/div>\n\t\t","protected":false},"excerpt":{"rendered":"<p>Il vostro taxi a Berlino, il servizio speciale TaxiBerlin24.de &#8211; Il vostro partner per un servizio taxi di prima classe Benvenuti su TaxiBerlin24.de, il vostro indirizzo affidabile per viaggi comodi e affidabili a Berlino e oltre. Il nostro servizio si basa su una rete di tassisti singoli e indipendenti che si impegnano a rendere il [&hellip;]<\/p>\n","protected":false},"author":1,"featured_media":0,"parent":0,"menu_order":0,"comment_status":"closed","ping_status":"closed","template":"elementor_header_footer","meta":{"ocean_post_layout":"","ocean_both_sidebars_style":"","ocean_both_sidebars_content_width":0,"ocean_both_sidebars_sidebars_width":0,"ocean_sidebar":"0","ocean_second_sidebar":"0","ocean_disable_margins":"on","ocean_add_body_class":"","ocean_shortcode_before_top_bar":"","ocean_shortcode_after_top_bar":"","ocean_shortcode_before_header":"","ocean_shortcode_after_header":"","ocean_has_shortcode":"","ocean_shortcode_after_title":"","ocean_shortcode_before_footer_widgets":"","ocean_shortcode_after_footer_widgets":"","ocean_shortcode_before_footer_bottom":"","ocean_shortcode_after_footer_bottom":"","ocean_display_top_bar":"default","ocean_display_header":"default","ocean_header_style":"","ocean_center_header_left_menu":"0","ocean_custom_header_template":"0","ocean_custom_logo":0,"ocean_custom_retina_logo":0,"ocean_custom_logo_max_width":0,"ocean_custom_logo_tablet_max_width":0,"ocean_custom_logo_mobile_max_width":0,"ocean_custom_logo_max_height":0,"ocean_custom_logo_tablet_max_height":0,"ocean_custom_logo_mobile_max_height":0,"ocean_header_custom_menu":"0","ocean_menu_typo_font_family":"0","ocean_menu_typo_font_subset":"","ocean_menu_typo_font_size":0,"ocean_menu_typo_font_size_tablet":0,"ocean_menu_typo_font_size_mobile":0,"ocean_menu_typo_font_size_unit":"px","ocean_menu_typo_font_weight":"","ocean_menu_typo_font_weight_tablet":"","ocean_menu_typo_font_weight_mobile":"","ocean_menu_typo_transform":"","ocean_menu_typo_transform_tablet":"","ocean_menu_typo_transform_mobile":"","ocean_menu_typo_line_height":0,"ocean_menu_typo_line_height_tablet":0,"ocean_menu_typo_line_height_mobile":0,"ocean_menu_typo_line_height_unit":"","ocean_menu_typo_spacing":0,"ocean_menu_typo_spacing_tablet":0,"ocean_menu_typo_spacing_mobile":0,"ocean_menu_typo_spacing_unit":"","ocean_menu_link_color":"","ocean_menu_link_color_hover":"","ocean_menu_link_color_active":"","ocean_menu_link_background":"","ocean_menu_link_hover_background":"","ocean_menu_link_active_background":"","ocean_menu_social_links_bg":"","ocean_menu_social_hover_links_bg":"","ocean_menu_social_links_color":"","ocean_menu_social_hover_links_color":"","ocean_disable_title":"on","ocean_disable_heading":"default","ocean_post_title":"","ocean_post_subheading":"","ocean_post_title_style":"","ocean_post_title_background_color":"","ocean_post_title_background":0,"ocean_post_title_bg_image_position":"","ocean_post_title_bg_image_attachment":"","ocean_post_title_bg_image_repeat":"","ocean_post_title_bg_image_size":"","ocean_post_title_height":0,"ocean_post_title_bg_overlay":0.5,"ocean_post_title_bg_overlay_color":"","ocean_disable_breadcrumbs":"default","ocean_breadcrumbs_color":"","ocean_breadcrumbs_separator_color":"","ocean_breadcrumbs_links_color":"","ocean_breadcrumbs_links_hover_color":"","ocean_display_footer_widgets":"default","ocean_display_footer_bottom":"default","ocean_custom_footer_template":"0","footnotes":""},"class_list":["post-471","page","type-page","status-publish","hentry","entry"],"yoast_head":"<!-- This site is optimized with the Yoast SEO plugin v26.5 - https:\/\/yoast.com\/wordpress\/plugins\/seo\/ -->\n<title>paginale inizale - Taxi Berlin 24<\/title>\n<meta name=\"robots\" content=\"index, follow, max-snippet:-1, max-image-preview:large, max-video-preview:-1\" \/>\n<link rel=\"canonical\" href=\"https:\/\/taxiberlin24.de\/it\/\" \/>\n<meta property=\"og:locale\" content=\"it_IT\" \/>\n<meta property=\"og:type\" content=\"article\" \/>\n<meta property=\"og:title\" content=\"paginale inizale - Taxi Berlin 24\" \/>\n<meta property=\"og:description\" content=\"Il vostro taxi a Berlino, il servizio speciale TaxiBerlin24.de &#8211; Il vostro partner per un servizio taxi di prima classe Benvenuti su TaxiBerlin24.de, il vostro indirizzo affidabile per viaggi comodi e affidabili a Berlino e oltre. Il nostro servizio si basa su una rete di tassisti singoli e indipendenti che si impegnano a rendere il [&hellip;]\" \/>\n<meta property=\"og:url\" content=\"https:\/\/taxiberlin24.de\/it\/\" \/>\n<meta property=\"og:site_name\" content=\"Taxi Berlin 24\" \/>\n<meta property=\"article:modified_time\" content=\"2025-12-11T06:11:04+00:00\" \/>\n<meta property=\"og:image\" content=\"https:\/\/taxiberlin24.de\/wp-content\/uploads\/2018\/12\/master_visa_amex.png\" \/>\n\t<meta property=\"og:image:width\" content=\"484\" \/>\n\t<meta property=\"og:image:height\" content=\"50\" \/>\n\t<meta property=\"og:image:type\" content=\"image\/png\" \/>\n<meta name=\"twitter:card\" content=\"summary_large_image\" \/>\n<meta name=\"twitter:label1\" content=\"Tempo di lettura stimato\" \/>\n\t<meta name=\"twitter:data1\" content=\"3 minuti\" \/>\n<script type=\"application\/ld+json\" class=\"yoast-schema-graph\">{\"@context\":\"https:\/\/schema.org\",\"@graph\":[{\"@type\":\"WebPage\",\"@id\":\"https:\/\/taxiberlin24.de\/it\/\",\"url\":\"https:\/\/taxiberlin24.de\/it\/\",\"name\":\"paginale inizale - Taxi Berlin 24\",\"isPartOf\":{\"@id\":\"https:\/\/taxiberlin24.de\/it\/#website\"},\"primaryImageOfPage\":{\"@id\":\"https:\/\/taxiberlin24.de\/it\/#primaryimage\"},\"image\":{\"@id\":\"https:\/\/taxiberlin24.de\/it\/#primaryimage\"},\"thumbnailUrl\":\"https:\/\/taxiberlin24.de\/wp-content\/uploads\/2018\/12\/master_visa_amex.png\",\"datePublished\":\"2019-01-20T07:26:04+00:00\",\"dateModified\":\"2025-12-11T06:11:04+00:00\",\"breadcrumb\":{\"@id\":\"https:\/\/taxiberlin24.de\/it\/#breadcrumb\"},\"inLanguage\":\"it-IT\",\"potentialAction\":[{\"@type\":\"ReadAction\",\"target\":[\"https:\/\/taxiberlin24.de\/it\/\"]}]},{\"@type\":\"ImageObject\",\"inLanguage\":\"it-IT\",\"@id\":\"https:\/\/taxiberlin24.de\/it\/#primaryimage\",\"url\":\"https:\/\/taxiberlin24.de\/wp-content\/uploads\/2018\/12\/master_visa_amex.png\",\"contentUrl\":\"https:\/\/taxiberlin24.de\/wp-content\/uploads\/2018\/12\/master_visa_amex.png\"},{\"@type\":\"BreadcrumbList\",\"@id\":\"https:\/\/taxiberlin24.de\/it\/#breadcrumb\",\"itemListElement\":[{\"@type\":\"ListItem\",\"position\":1,\"name\":\"Home\",\"item\":\"https:\/\/taxiberlin24.de\/it\/\"},{\"@type\":\"ListItem\",\"position\":2,\"name\":\"paginale inizale\"}]},{\"@type\":\"WebSite\",\"@id\":\"https:\/\/taxiberlin24.de\/it\/#website\",\"url\":\"https:\/\/taxiberlin24.de\/it\/\",\"name\":\"Taxi 24 Berlin\",\"description\":\"\",\"publisher\":{\"@id\":\"https:\/\/taxiberlin24.de\/it\/#organization\"},\"potentialAction\":[{\"@type\":\"SearchAction\",\"target\":{\"@type\":\"EntryPoint\",\"urlTemplate\":\"https:\/\/taxiberlin24.de\/it\/?s={search_term_string}\"},\"query-input\":{\"@type\":\"PropertyValueSpecification\",\"valueRequired\":true,\"valueName\":\"search_term_string\"}}],\"inLanguage\":\"it-IT\"},{\"@type\":\"Organization\",\"@id\":\"https:\/\/taxiberlin24.de\/it\/#organization\",\"name\":\"Taxi Berlin 24\",\"url\":\"https:\/\/taxiberlin24.de\/it\/\",\"logo\":{\"@type\":\"ImageObject\",\"inLanguage\":\"it-IT\",\"@id\":\"https:\/\/taxiberlin24.de\/it\/#\/schema\/logo\/image\/\",\"url\":\"https:\/\/taxiberlin24.de\/wp-content\/uploads\/2018\/12\/taxiberlin24-logo-rot2-Kopie.png\",\"contentUrl\":\"https:\/\/taxiberlin24.de\/wp-content\/uploads\/2018\/12\/taxiberlin24-logo-rot2-Kopie.png\",\"width\":700,\"height\":208,\"caption\":\"Taxi Berlin 24\"},\"image\":{\"@id\":\"https:\/\/taxiberlin24.de\/it\/#\/schema\/logo\/image\/\"}}]}<\/script>\n<!-- \/ Yoast SEO plugin. -->","yoast_head_json":{"title":"paginale inizale - Taxi Berlin 24","robots":{"index":"index","follow":"follow","max-snippet":"max-snippet:-1","max-image-preview":"max-image-preview:large","max-video-preview":"max-video-preview:-1"},"canonical":"https:\/\/taxiberlin24.de\/it\/","og_locale":"it_IT","og_type":"article","og_title":"paginale inizale - Taxi Berlin 24","og_description":"Il vostro taxi a Berlino, il servizio speciale TaxiBerlin24.de &#8211; Il vostro partner per un servizio taxi di prima classe Benvenuti su TaxiBerlin24.de, il vostro indirizzo affidabile per viaggi comodi e affidabili a Berlino e oltre. Il nostro servizio si basa su una rete di tassisti singoli e indipendenti che si impegnano a rendere il [&hellip;]","og_url":"https:\/\/taxiberlin24.de\/it\/","og_site_name":"Taxi Berlin 24","article_modified_time":"2025-12-11T06:11:04+00:00","og_image":[{"width":484,"height":50,"url":"https:\/\/taxiberlin24.de\/wp-content\/uploads\/2018\/12\/master_visa_amex.png","type":"image\/png"}],"twitter_card":"summary_large_image","twitter_misc":{"Tempo di lettura stimato":"3 minuti"},"schema":{"@context":"https:\/\/schema.org","@graph":[{"@type":"WebPage","@id":"https:\/\/taxiberlin24.de\/it\/","url":"https:\/\/taxiberlin24.de\/it\/","name":"paginale inizale - Taxi Berlin 24","isPartOf":{"@id":"https:\/\/taxiberlin24.de\/it\/#website"},"primaryImageOfPage":{"@id":"https:\/\/taxiberlin24.de\/it\/#primaryimage"},"image":{"@id":"https:\/\/taxiberlin24.de\/it\/#primaryimage"},"thumbnailUrl":"https:\/\/taxiberlin24.de\/wp-content\/uploads\/2018\/12\/master_visa_amex.png","datePublished":"2019-01-20T07:26:04+00:00","dateModified":"2025-12-11T06:11:04+00:00","breadcrumb":{"@id":"https:\/\/taxiberlin24.de\/it\/#breadcrumb"},"inLanguage":"it-IT","potentialAction":[{"@type":"ReadAction","target":["https:\/\/taxiberlin24.de\/it\/"]}]},{"@type":"ImageObject","inLanguage":"it-IT","@id":"https:\/\/taxiberlin24.de\/it\/#primaryimage","url":"https:\/\/taxiberlin24.de\/wp-content\/uploads\/2018\/12\/master_visa_amex.png","contentUrl":"https:\/\/taxiberlin24.de\/wp-content\/uploads\/2018\/12\/master_visa_amex.png"},{"@type":"BreadcrumbList","@id":"https:\/\/taxiberlin24.de\/it\/#breadcrumb","itemListElement":[{"@type":"ListItem","position":1,"name":"Home","item":"https:\/\/taxiberlin24.de\/it\/"},{"@type":"ListItem","position":2,"name":"paginale inizale"}]},{"@type":"WebSite","@id":"https:\/\/taxiberlin24.de\/it\/#website","url":"https:\/\/taxiberlin24.de\/it\/","name":"Taxi 24 Berlin","description":"","publisher":{"@id":"https:\/\/taxiberlin24.de\/it\/#organization"},"potentialAction":[{"@type":"SearchAction","target":{"@type":"EntryPoint","urlTemplate":"https:\/\/taxiberlin24.de\/it\/?s={search_term_string}"},"query-input":{"@type":"PropertyValueSpecification","valueRequired":true,"valueName":"search_term_string"}}],"inLanguage":"it-IT"},{"@type":"Organization","@id":"https:\/\/taxiberlin24.de\/it\/#organization","name":"Taxi Berlin 24","url":"https:\/\/taxiberlin24.de\/it\/","logo":{"@type":"ImageObject","inLanguage":"it-IT","@id":"https:\/\/taxiberlin24.de\/it\/#\/schema\/logo\/image\/","url":"https:\/\/taxiberlin24.de\/wp-content\/uploads\/2018\/12\/taxiberlin24-logo-rot2-Kopie.png","contentUrl":"https:\/\/taxiberlin24.de\/wp-content\/uploads\/2018\/12\/taxiberlin24-logo-rot2-Kopie.png","width":700,"height":208,"caption":"Taxi Berlin 24"},"image":{"@id":"https:\/\/taxiberlin24.de\/it\/#\/schema\/logo\/image\/"}}]}},"_links":{"self":[{"href":"https:\/\/taxiberlin24.de\/it\/wp-json\/wp\/v2\/pages\/471","targetHints":{"allow":["GET"]}}],"collection":[{"href":"https:\/\/taxiberlin24.de\/it\/wp-json\/wp\/v2\/pages"}],"about":[{"href":"https:\/\/taxiberlin24.de\/it\/wp-json\/wp\/v2\/types\/page"}],"author":[{"embeddable":true,"href":"https:\/\/taxiberlin24.de\/it\/wp-json\/wp\/v2\/users\/1"}],"replies":[{"embeddable":true,"href":"https:\/\/taxiberlin24.de\/it\/wp-json\/wp\/v2\/comments?post=471"}],"version-history":[{"count":38,"href":"https:\/\/taxiberlin24.de\/it\/wp-json\/wp\/v2\/pages\/471\/revisions"}],"predecessor-version":[{"id":1371,"href":"https:\/\/taxiberlin24.de\/it\/wp-json\/wp\/v2\/pages\/471\/revisions\/1371"}],"wp:attachment":[{"href":"https:\/\/taxiberlin24.de\/it\/wp-json\/wp\/v2\/media?parent=471"}],"curies":[{"name":"wp","href":"https:\/\/api.w.org\/{rel}","templated":true}]}}